{"id":746,"date":"2024-07-24T16:09:22","date_gmt":"2024-07-24T23:09:22","guid":{"rendered":"https:\/\/felizfamilycare.com\/suntchyl-gilles-pa\/"},"modified":"2024-07-25T12:11:52","modified_gmt":"2024-07-25T19:11:52","slug":"suntchyl-gilles-pa","status":"publish","type":"page","link":"https:\/\/felizfamilycare.com\/es\/suntchyl-gilles-pa\/","title":{"rendered":"Suntchyl Gilles-PA"},"content":{"rendered":"\t\t<div data-elementor-type=\"wp-page\" data-elementor-id=\"746\" class=\"elementor elementor-746\" data-elementor-post-type=\"page\">\n\t\t\t\t\t\t<section class=\"elementor-section elementor-top-section elementor-element elementor-element-11491757 elementor-section-height-min-height elementor-section-boxed elementor-section-height-default elementor-section-items-middle\" data-id=\"11491757\" data-element_type=\"section\" data-e-type=\"section\" data-settings=\"{&quot;background_background&quot;:&quot;classic&quot;}\">\n\t\t\t\t\t\t\t<div class=\"elementor-background-overlay\"><\/div>\n\t\t\t\t\t\t\t<div class=\"elementor-container elementor-column-gap-default\">\n\t\t\t\t\t<div class=\"elementor-column elementor-col-100 elementor-top-column elementor-element elementor-element-42938bd7\" data-id=\"42938bd7\" data-element_type=\"column\" data-e-type=\"column\">\n\t\t\t<div class=\"elementor-widget-wrap elementor-element-populated\">\n\t\t\t\t\t\t<div class=\"elementor-element elementor-element-7abc39f8 elementor-widget__width-initial elementor-widget-mobile__width-inherit elementor-widget elementor-widget-heading\" data-id=\"7abc39f8\" data-element_type=\"widget\" data-e-type=\"widget\" data-widget_type=\"heading.default\">\n\t\t\t\t\t<h3 class=\"elementor-heading-title elementor-size-default\">Suntchyl Gilles-PA<\/h3>\t\t\t\t<\/div>\n\t\t\t\t<div class=\"elementor-element elementor-element-122e05d8 elementor-widget-tablet__width-initial elementor-widget elementor-widget-heading\" data-id=\"122e05d8\" data-element_type=\"widget\" data-e-type=\"widget\" data-widget_type=\"heading.default\">\n\t\t\t\t\t<h6 class=\"elementor-heading-title elementor-size-default\">Feliz Family Care- Roosevelt <\/h6>\t\t\t\t<\/div>\n\t\t\t\t\t<\/div>\n\t\t<\/div>\n\t\t\t\t\t<\/div>\n\t\t<\/section>\n\t\t\t\t<section class=\"elementor-section elementor-top-section elementor-element elementor-element-7dc2605f elementor-section-boxed elementor-section-height-default elementor-section-height-default\" data-id=\"7dc2605f\" data-element_type=\"section\" data-e-type=\"section\">\n\t\t\t\t\t\t<div class=\"elementor-container elementor-column-gap-default\">\n\t\t\t\t\t<div class=\"elementor-column elementor-col-100 elementor-top-column elementor-element elementor-element-36a1d1a0\" data-id=\"36a1d1a0\" data-element_type=\"column\" data-e-type=\"column\">\n\t\t\t<div class=\"elementor-widget-wrap elementor-element-populated\">\n\t\t\t\t\t\t<section class=\"elementor-section elementor-inner-section elementor-element elementor-element-6b5d5357 elementor-section-boxed elementor-section-height-default elementor-section-height-default\" data-id=\"6b5d5357\" data-element_type=\"section\" data-e-type=\"section\">\n\t\t\t\t\t\t<div class=\"elementor-container elementor-column-gap-default\">\n\t\t\t\t\t<div class=\"elementor-column elementor-col-50 elementor-inner-column elementor-element elementor-element-21ed325e\" data-id=\"21ed325e\" data-element_type=\"column\" data-e-type=\"column\">\n\t\t\t<div class=\"elementor-widget-wrap elementor-element-populated\">\n\t\t\t\t\t\t<div class=\"elementor-element elementor-element-17d15175 elementor-widget elementor-widget-image\" data-id=\"17d15175\" data-element_type=\"widget\" data-e-type=\"widget\" data-widget_type=\"image.default\">\n\t\t\t\t\t\t\t\t\t\t\t\t\t\t\t<img fetchpriority=\"high\" decoding=\"async\" width=\"800\" height=\"749\" src=\"https:\/\/felizfamilycare.com\/wp-content\/uploads\/2024\/06\/Suntchyl-Gilles-Thomas-PA.jpg\" class=\"attachment-large size-large wp-image-610\" alt=\"Suntchyl Gilles-Thomas, PA\" srcset=\"https:\/\/felizfamilycare.com\/wp-content\/uploads\/2024\/06\/Suntchyl-Gilles-Thomas-PA.jpg 900w, https:\/\/felizfamilycare.com\/wp-content\/uploads\/2024\/06\/Suntchyl-Gilles-Thomas-PA-300x281.jpg 300w, https:\/\/felizfamilycare.com\/wp-content\/uploads\/2024\/06\/Suntchyl-Gilles-Thomas-PA-768x719.jpg 768w\" sizes=\"(max-width: 800px) 100vw, 800px\" \/>\t\t\t\t\t\t\t\t\t\t\t\t\t\t\t<\/div>\n\t\t\t\t\t<\/div>\n\t\t<\/div>\n\t\t\t\t<div class=\"elementor-column elementor-col-50 elementor-inner-column elementor-element elementor-element-3b51824f\" data-id=\"3b51824f\" data-element_type=\"column\" data-e-type=\"column\">\n\t\t\t<div class=\"elementor-widget-wrap elementor-element-populated\">\n\t\t\t\t\t\t<div class=\"elementor-element elementor-element-30911383 elementor-widget elementor-widget-heading\" data-id=\"30911383\" data-element_type=\"widget\" data-e-type=\"widget\" data-widget_type=\"heading.default\">\n\t\t\t\t\t<h3 class=\"elementor-heading-title elementor-size-default\">Suntchyl Gilles-PA<\/h3>\t\t\t\t<\/div>\n\t\t\t\t<div class=\"elementor-element elementor-element-32f4931f elementor-widget elementor-widget-heading\" data-id=\"32f4931f\" data-element_type=\"widget\" data-e-type=\"widget\" data-widget_type=\"heading.default\">\n\t\t\t\t\t<h6 class=\"elementor-heading-title elementor-size-default\">Feliz Family Care- Roosevelt <\/h6>\t\t\t\t<\/div>\n\t\t\t\t<div class=\"elementor-element elementor-element-5b5212e1 elementor-widget-divider--view-line elementor-widget elementor-widget-divider\" data-id=\"5b5212e1\" data-element_type=\"widget\" data-e-type=\"widget\" data-widget_type=\"divider.default\">\n\t\t\t\t\t\t\t<div class=\"elementor-divider\">\n\t\t\t<span class=\"elementor-divider-separator\">\n\t\t\t\t\t\t<\/span>\n\t\t<\/div>\n\t\t\t\t\t\t<\/div>\n\t\t\t\t\t<\/div>\n\t\t<\/div>\n\t\t\t\t\t<\/div>\n\t\t<\/section>\n\t\t\t\t\t<\/div>\n\t\t<\/div>\n\t\t\t\t\t<\/div>\n\t\t<\/section>\n\t\t\t\t<section class=\"elementor-section elementor-top-section elementor-element elementor-element-64e1741d elementor-section-boxed elementor-section-height-default elementor-section-height-default\" data-id=\"64e1741d\" data-element_type=\"section\" data-e-type=\"section\">\n\t\t\t\t\t\t<div class=\"elementor-container elementor-column-gap-default\">\n\t\t\t\t\t<div class=\"elementor-column elementor-col-100 elementor-top-column elementor-element elementor-element-53817c2e\" data-id=\"53817c2e\" data-element_type=\"column\" data-e-type=\"column\">\n\t\t\t<div class=\"elementor-widget-wrap elementor-element-populated\">\n\t\t\t\t\t\t<section class=\"elementor-section elementor-inner-section elementor-element elementor-element-52b88006 elementor-section-boxed elementor-section-height-default elementor-section-height-default\" data-id=\"52b88006\" data-element_type=\"section\" data-e-type=\"section\">\n\t\t\t\t\t\t<div class=\"elementor-container elementor-column-gap-default\">\n\t\t\t\t\t<div class=\"elementor-column elementor-col-50 elementor-inner-column elementor-element elementor-element-5582d716\" data-id=\"5582d716\" data-element_type=\"column\" data-e-type=\"column\">\n\t\t\t<div class=\"elementor-widget-wrap elementor-element-populated\">\n\t\t\t\t\t\t<div class=\"elementor-element elementor-element-32a3e56b elementor-widget elementor-widget-heading\" data-id=\"32a3e56b\" data-element_type=\"widget\" data-e-type=\"widget\" data-widget_type=\"heading.default\">\n\t\t\t\t\t<h3 class=\"elementor-heading-title elementor-size-default\">Descripci\u00f3n general<\/h3>\t\t\t\t<\/div>\n\t\t\t\t<div class=\"elementor-element elementor-element-486080e8 elementor-widget__width-initial elementor-widget elementor-widget-heading\" data-id=\"486080e8\" data-element_type=\"widget\" data-e-type=\"widget\" data-widget_type=\"heading.default\">\n\t\t\t\t\t<h6 class=\"elementor-heading-title elementor-size-default\">Con 12 a\u00f1os de experiencia dedicada en el cuidado de la salud, comprometido a ayudar a las personas a maximizar su calidad de vida y bienestar. Graduado de UTESA como M\u00e9dico en Santiago, Rep\u00fablica Dominicana, su trayectoria educativa lo llev\u00f3 a especializarse en Gesti\u00f3n Hospitalaria, Coaching de Salud, Epidemiolog\u00eda y Asistencia M\u00e9dica en diversas instituciones de renombre.<br><br> Entre sus logros m\u00e1s orgullosos se encuentra la publicaci\u00f3n de \"Ha\u00efti de r\u00eave\" (Hait\u00ed de sue\u00f1o\/ Ideal Haiti), un libro que presenta propuestas valiosas para mejorar el sistema de salud. Adem\u00e1s, fund\u00f3 LASDA, una corporaci\u00f3n de salud destinada a brindar apoyo vital a los pacientes a nivel mundial.<br><br> Oriundo de la vibrante regi\u00f3n caribe\u00f1a del norte de Hait\u00ed, mantiene una profunda conexi\u00f3n con su herencia mientras abraza diversas culturas. Arraigado en una sociedad que valora la responsabilidad y el humanismo, prioriza la educaci\u00f3n y el respeto mutuo. Como fundador y coordinador general de LASDA (La Sant\u00e9 d'Abord), est\u00e1 dedicado a promover estos valores fundamentales.<br><br> M\u00e1s all\u00e1 de sus actividades profesionales, sus intereses incluyen escribir, leer y mantenerse informado a trav\u00e9s de noticias y documentales. Hombre de familia, valora los momentos con su esposa, Givelaure Mercidieu, y sus dos hijos: Lauraly Gilles y Snutchyl Gilles. En su tiempo libre, disfruta del f\u00fatbol, el golf y el tenis, reflejando su naturaleza responsable, amigable y respetuosa.<\/h6>\t\t\t\t<\/div>\n\t\t\t\t\t<\/div>\n\t\t<\/div>\n\t\t\t\t<div class=\"elementor-column elementor-col-50 elementor-inner-column elementor-element elementor-element-4da748cd\" data-id=\"4da748cd\" data-element_type=\"column\" data-e-type=\"column\">\n\t\t\t<div class=\"elementor-widget-wrap\">\n\t\t\t\t\t\t\t<\/div>\n\t\t<\/div>\n\t\t\t\t\t<\/div>\n\t\t<\/section>\n\t\t\t\t\t<\/div>\n\t\t<\/div>\n\t\t\t\t\t<\/div>\n\t\t<\/section>\n\t\t\t\t<\/div>\n\t\t","protected":false},"excerpt":{"rendered":"<p>Suntchyl Gilles-PA Feliz Family Care- Roosevelt Suntchyl Gilles-PA Feliz Family Care- Roosevelt Descripci\u00f3n general Con 12 a\u00f1os de experiencia dedicada en el cuidado de la salud, comprometido a ayudar a las personas a maximizar su calidad de vida y bienestar. Graduado de UTESA como M\u00e9dico en Santiago, Rep\u00fablica Dominicana, su trayectoria educativa lo llev\u00f3 a [&hellip;]<\/p>\n","protected":false},"author":1,"featured_media":610,"parent":0,"menu_order":0,"comment_status":"closed","ping_status":"closed","template":"elementor_header_footer","meta":{"footnotes":""},"class_list":["post-746","page","type-page","status-publish","has-post-thumbnail","hentry"],"yoast_head":"<!-- This site is optimized with the Yoast SEO plugin v27.3 - https:\/\/yoast.com\/product\/yoast-seo-wordpress\/ -->\n<title>Suntchyl Gilles-PA - Feliz Family Care<\/title>\n<meta name=\"description\" content=\"Con 12 a\u00f1os de experiencia dedicada en el cuidado de la salud, comprometido a ayudar a las personas a maximizar su calidad de vida y bienestar. Graduado de UTESA como M\u00e9dico en Santiago, Rep\u00fablica Dominicana, su trayectoria educativa lo llev\u00f3 a especializarse en Gesti\u00f3n Hospitalaria, Coaching de Salud, Epidemiolog\u00eda y Asistencia M\u00e9dica en diversas instituciones de renombre.\" \/>\n<meta name=\"robots\" content=\"index, follow, max-snippet:-1, max-image-preview:large, max-video-preview:-1\" \/>\n<link rel=\"canonical\" href=\"https:\/\/felizfamilycare.com\/es\/suntchyl-gilles-pa\/\" \/>\n<meta property=\"og:locale\" content=\"es_ES\" \/>\n<meta property=\"og:type\" content=\"article\" \/>\n<meta property=\"og:title\" content=\"Suntchyl Gilles-PA - Feliz Family Care\" \/>\n<meta property=\"og:description\" content=\"Con 12 a\u00f1os de experiencia dedicada en el cuidado de la salud, comprometido a ayudar a las personas a maximizar su calidad de vida y bienestar. Graduado de UTESA como M\u00e9dico en Santiago, Rep\u00fablica Dominicana, su trayectoria educativa lo llev\u00f3 a especializarse en Gesti\u00f3n Hospitalaria, Coaching de Salud, Epidemiolog\u00eda y Asistencia M\u00e9dica en diversas instituciones de renombre.\" \/>\n<meta property=\"og:url\" content=\"https:\/\/felizfamilycare.com\/es\/suntchyl-gilles-pa\/\" \/>\n<meta property=\"og:site_name\" content=\"Feliz Family Care\" \/>\n<meta property=\"article:modified_time\" content=\"2024-07-25T19:11:52+00:00\" \/>\n<meta property=\"og:image\" content=\"https:\/\/felizfamilycare.com\/wp-content\/uploads\/2024\/06\/Suntchyl-Gilles-Thomas-PA.jpg\" \/>\n\t<meta property=\"og:image:width\" content=\"900\" \/>\n\t<meta property=\"og:image:height\" content=\"843\" \/>\n\t<meta property=\"og:image:type\" content=\"image\/jpeg\" \/>\n<meta name=\"twitter:card\" content=\"summary_large_image\" \/>\n<meta name=\"twitter:label1\" content=\"Tiempo de lectura\" \/>\n\t<meta name=\"twitter:data1\" content=\"1 minuto\" \/>\n<script type=\"application\/ld+json\" class=\"yoast-schema-graph\">{\"@context\":\"https:\\\/\\\/schema.org\",\"@graph\":[{\"@type\":\"WebPage\",\"@id\":\"https:\\\/\\\/felizfamilycare.com\\\/es\\\/suntchyl-gilles-pa\\\/\",\"url\":\"https:\\\/\\\/felizfamilycare.com\\\/es\\\/suntchyl-gilles-pa\\\/\",\"name\":\"Suntchyl Gilles-PA - Feliz Family Care\",\"isPartOf\":{\"@id\":\"https:\\\/\\\/felizfamilycare.com\\\/es\\\/#website\"},\"primaryImageOfPage\":{\"@id\":\"https:\\\/\\\/felizfamilycare.com\\\/es\\\/suntchyl-gilles-pa\\\/#primaryimage\"},\"image\":{\"@id\":\"https:\\\/\\\/felizfamilycare.com\\\/es\\\/suntchyl-gilles-pa\\\/#primaryimage\"},\"thumbnailUrl\":\"https:\\\/\\\/felizfamilycare.com\\\/wp-content\\\/uploads\\\/2024\\\/06\\\/Suntchyl-Gilles-Thomas-PA.jpg\",\"datePublished\":\"2024-07-24T23:09:22+00:00\",\"dateModified\":\"2024-07-25T19:11:52+00:00\",\"description\":\"Con 12 a\u00f1os de experiencia dedicada en el cuidado de la salud, comprometido a ayudar a las personas a maximizar su calidad de vida y bienestar. Graduado de UTESA como M\u00e9dico en Santiago, Rep\u00fablica Dominicana, su trayectoria educativa lo llev\u00f3 a especializarse en Gesti\u00f3n Hospitalaria, Coaching de Salud, Epidemiolog\u00eda y Asistencia M\u00e9dica en diversas instituciones de renombre.\",\"breadcrumb\":{\"@id\":\"https:\\\/\\\/felizfamilycare.com\\\/es\\\/suntchyl-gilles-pa\\\/#breadcrumb\"},\"inLanguage\":\"es\",\"potentialAction\":[{\"@type\":\"ReadAction\",\"target\":[\"https:\\\/\\\/felizfamilycare.com\\\/es\\\/suntchyl-gilles-pa\\\/\"]}]},{\"@type\":\"ImageObject\",\"inLanguage\":\"es\",\"@id\":\"https:\\\/\\\/felizfamilycare.com\\\/es\\\/suntchyl-gilles-pa\\\/#primaryimage\",\"url\":\"https:\\\/\\\/felizfamilycare.com\\\/wp-content\\\/uploads\\\/2024\\\/06\\\/Suntchyl-Gilles-Thomas-PA.jpg\",\"contentUrl\":\"https:\\\/\\\/felizfamilycare.com\\\/wp-content\\\/uploads\\\/2024\\\/06\\\/Suntchyl-Gilles-Thomas-PA.jpg\",\"width\":900,\"height\":843,\"caption\":\"Suntchyl Gilles-Thomas, PA\"},{\"@type\":\"BreadcrumbList\",\"@id\":\"https:\\\/\\\/felizfamilycare.com\\\/es\\\/suntchyl-gilles-pa\\\/#breadcrumb\",\"itemListElement\":[{\"@type\":\"ListItem\",\"position\":1,\"name\":\"Home\",\"item\":\"https:\\\/\\\/felizfamilycare.com\\\/es\\\/\"},{\"@type\":\"ListItem\",\"position\":2,\"name\":\"Suntchyl Gilles-PA\"}]},{\"@type\":\"WebSite\",\"@id\":\"https:\\\/\\\/felizfamilycare.com\\\/es\\\/#website\",\"url\":\"https:\\\/\\\/felizfamilycare.com\\\/es\\\/\",\"name\":\"Feliz Family Care\",\"description\":\"Providing quality care for your family\",\"publisher\":{\"@id\":\"https:\\\/\\\/felizfamilycare.com\\\/es\\\/#organization\"},\"potentialAction\":[{\"@type\":\"SearchAction\",\"target\":{\"@type\":\"EntryPoint\",\"urlTemplate\":\"https:\\\/\\\/felizfamilycare.com\\\/es\\\/?s={search_term_string}\"},\"query-input\":{\"@type\":\"PropertyValueSpecification\",\"valueRequired\":true,\"valueName\":\"search_term_string\"}}],\"inLanguage\":\"es\"},{\"@type\":\"Organization\",\"@id\":\"https:\\\/\\\/felizfamilycare.com\\\/es\\\/#organization\",\"name\":\"Feliz Family Care\",\"url\":\"https:\\\/\\\/felizfamilycare.com\\\/es\\\/\",\"logo\":{\"@type\":\"ImageObject\",\"inLanguage\":\"es\",\"@id\":\"https:\\\/\\\/felizfamilycare.com\\\/es\\\/#\\\/schema\\\/logo\\\/image\\\/\",\"url\":\"https:\\\/\\\/felizfamilycare.com\\\/wp-content\\\/uploads\\\/2024\\\/08\\\/feliz-family-care-logo.webp\",\"contentUrl\":\"https:\\\/\\\/felizfamilycare.com\\\/wp-content\\\/uploads\\\/2024\\\/08\\\/feliz-family-care-logo.webp\",\"width\":645,\"height\":145,\"caption\":\"Feliz Family Care\"},\"image\":{\"@id\":\"https:\\\/\\\/felizfamilycare.com\\\/es\\\/#\\\/schema\\\/logo\\\/image\\\/\"}}]}<\/script>\n<!-- \/ Yoast SEO plugin. -->","yoast_head_json":{"title":"Suntchyl Gilles-PA - Feliz Family Care","description":"Con 12 a\u00f1os de experiencia dedicada en el cuidado de la salud, comprometido a ayudar a las personas a maximizar su calidad de vida y bienestar. Graduado de UTESA como M\u00e9dico en Santiago, Rep\u00fablica Dominicana, su trayectoria educativa lo llev\u00f3 a especializarse en Gesti\u00f3n Hospitalaria, Coaching de Salud, Epidemiolog\u00eda y Asistencia M\u00e9dica en diversas instituciones de renombre.","robots":{"index":"index","follow":"follow","max-snippet":"max-snippet:-1","max-image-preview":"max-image-preview:large","max-video-preview":"max-video-preview:-1"},"canonical":"https:\/\/felizfamilycare.com\/es\/suntchyl-gilles-pa\/","og_locale":"es_ES","og_type":"article","og_title":"Suntchyl Gilles-PA - Feliz Family Care","og_description":"Con 12 a\u00f1os de experiencia dedicada en el cuidado de la salud, comprometido a ayudar a las personas a maximizar su calidad de vida y bienestar. Graduado de UTESA como M\u00e9dico en Santiago, Rep\u00fablica Dominicana, su trayectoria educativa lo llev\u00f3 a especializarse en Gesti\u00f3n Hospitalaria, Coaching de Salud, Epidemiolog\u00eda y Asistencia M\u00e9dica en diversas instituciones de renombre.","og_url":"https:\/\/felizfamilycare.com\/es\/suntchyl-gilles-pa\/","og_site_name":"Feliz Family Care","article_modified_time":"2024-07-25T19:11:52+00:00","og_image":[{"width":900,"height":843,"url":"https:\/\/felizfamilycare.com\/wp-content\/uploads\/2024\/06\/Suntchyl-Gilles-Thomas-PA.jpg","type":"image\/jpeg"}],"twitter_card":"summary_large_image","twitter_misc":{"Tiempo de lectura":"1 minuto"},"schema":{"@context":"https:\/\/schema.org","@graph":[{"@type":"WebPage","@id":"https:\/\/felizfamilycare.com\/es\/suntchyl-gilles-pa\/","url":"https:\/\/felizfamilycare.com\/es\/suntchyl-gilles-pa\/","name":"Suntchyl Gilles-PA - Feliz Family Care","isPartOf":{"@id":"https:\/\/felizfamilycare.com\/es\/#website"},"primaryImageOfPage":{"@id":"https:\/\/felizfamilycare.com\/es\/suntchyl-gilles-pa\/#primaryimage"},"image":{"@id":"https:\/\/felizfamilycare.com\/es\/suntchyl-gilles-pa\/#primaryimage"},"thumbnailUrl":"https:\/\/felizfamilycare.com\/wp-content\/uploads\/2024\/06\/Suntchyl-Gilles-Thomas-PA.jpg","datePublished":"2024-07-24T23:09:22+00:00","dateModified":"2024-07-25T19:11:52+00:00","description":"Con 12 a\u00f1os de experiencia dedicada en el cuidado de la salud, comprometido a ayudar a las personas a maximizar su calidad de vida y bienestar. Graduado de UTESA como M\u00e9dico en Santiago, Rep\u00fablica Dominicana, su trayectoria educativa lo llev\u00f3 a especializarse en Gesti\u00f3n Hospitalaria, Coaching de Salud, Epidemiolog\u00eda y Asistencia M\u00e9dica en diversas instituciones de renombre.","breadcrumb":{"@id":"https:\/\/felizfamilycare.com\/es\/suntchyl-gilles-pa\/#breadcrumb"},"inLanguage":"es","potentialAction":[{"@type":"ReadAction","target":["https:\/\/felizfamilycare.com\/es\/suntchyl-gilles-pa\/"]}]},{"@type":"ImageObject","inLanguage":"es","@id":"https:\/\/felizfamilycare.com\/es\/suntchyl-gilles-pa\/#primaryimage","url":"https:\/\/felizfamilycare.com\/wp-content\/uploads\/2024\/06\/Suntchyl-Gilles-Thomas-PA.jpg","contentUrl":"https:\/\/felizfamilycare.com\/wp-content\/uploads\/2024\/06\/Suntchyl-Gilles-Thomas-PA.jpg","width":900,"height":843,"caption":"Suntchyl Gilles-Thomas, PA"},{"@type":"BreadcrumbList","@id":"https:\/\/felizfamilycare.com\/es\/suntchyl-gilles-pa\/#breadcrumb","itemListElement":[{"@type":"ListItem","position":1,"name":"Home","item":"https:\/\/felizfamilycare.com\/es\/"},{"@type":"ListItem","position":2,"name":"Suntchyl Gilles-PA"}]},{"@type":"WebSite","@id":"https:\/\/felizfamilycare.com\/es\/#website","url":"https:\/\/felizfamilycare.com\/es\/","name":"Feliz Family Care","description":"Providing quality care for your family","publisher":{"@id":"https:\/\/felizfamilycare.com\/es\/#organization"},"potentialAction":[{"@type":"SearchAction","target":{"@type":"EntryPoint","urlTemplate":"https:\/\/felizfamilycare.com\/es\/?s={search_term_string}"},"query-input":{"@type":"PropertyValueSpecification","valueRequired":true,"valueName":"search_term_string"}}],"inLanguage":"es"},{"@type":"Organization","@id":"https:\/\/felizfamilycare.com\/es\/#organization","name":"Feliz Family Care","url":"https:\/\/felizfamilycare.com\/es\/","logo":{"@type":"ImageObject","inLanguage":"es","@id":"https:\/\/felizfamilycare.com\/es\/#\/schema\/logo\/image\/","url":"https:\/\/felizfamilycare.com\/wp-content\/uploads\/2024\/08\/feliz-family-care-logo.webp","contentUrl":"https:\/\/felizfamilycare.com\/wp-content\/uploads\/2024\/08\/feliz-family-care-logo.webp","width":645,"height":145,"caption":"Feliz Family Care"},"image":{"@id":"https:\/\/felizfamilycare.com\/es\/#\/schema\/logo\/image\/"}}]}},"_links":{"self":[{"href":"https:\/\/felizfamilycare.com\/es\/wp-json\/wp\/v2\/pages\/746","targetHints":{"allow":["GET"]}}],"collection":[{"href":"https:\/\/felizfamilycare.com\/es\/wp-json\/wp\/v2\/pages"}],"about":[{"href":"https:\/\/felizfamilycare.com\/es\/wp-json\/wp\/v2\/types\/page"}],"author":[{"embeddable":true,"href":"https:\/\/felizfamilycare.com\/es\/wp-json\/wp\/v2\/users\/1"}],"replies":[{"embeddable":true,"href":"https:\/\/felizfamilycare.com\/es\/wp-json\/wp\/v2\/comments?post=746"}],"version-history":[{"count":0,"href":"https:\/\/felizfamilycare.com\/es\/wp-json\/wp\/v2\/pages\/746\/revisions"}],"wp:featuredmedia":[{"embeddable":true,"href":"https:\/\/felizfamilycare.com\/es\/wp-json\/wp\/v2\/media\/610"}],"wp:attachment":[{"href":"https:\/\/felizfamilycare.com\/es\/wp-json\/wp\/v2\/media?parent=746"}],"curies":[{"name":"wp","href":"https:\/\/api.w.org\/{rel}","templated":true}]}}