{"id":745,"date":"2024-07-24T16:23:35","date_gmt":"2024-07-24T23:23:35","guid":{"rendered":"https:\/\/felizfamilycare.com\/stephanie-flaherty-pa-c\/"},"modified":"2024-07-25T12:07:17","modified_gmt":"2024-07-25T19:07:17","slug":"stephanie-flaherty-pa-c","status":"publish","type":"page","link":"https:\/\/felizfamilycare.com\/es\/stephanie-flaherty-pa-c\/","title":{"rendered":"Stephanie Flaherty, PA-C"},"content":{"rendered":"\t\t<div data-elementor-type=\"wp-page\" data-elementor-id=\"745\" class=\"elementor elementor-745\" data-elementor-post-type=\"page\">\n\t\t\t\t\t\t<section class=\"elementor-section elementor-top-section elementor-element elementor-element-5bef090a elementor-section-height-min-height elementor-section-boxed elementor-section-height-default elementor-section-items-middle\" data-id=\"5bef090a\" data-element_type=\"section\" data-e-type=\"section\" data-settings=\"{&quot;background_background&quot;:&quot;classic&quot;}\">\n\t\t\t\t\t\t\t<div class=\"elementor-background-overlay\"><\/div>\n\t\t\t\t\t\t\t<div class=\"elementor-container elementor-column-gap-default\">\n\t\t\t\t\t<div class=\"elementor-column elementor-col-100 elementor-top-column elementor-element elementor-element-67330e63\" data-id=\"67330e63\" data-element_type=\"column\" data-e-type=\"column\">\n\t\t\t<div class=\"elementor-widget-wrap elementor-element-populated\">\n\t\t\t\t\t\t<div class=\"elementor-element elementor-element-6eac601d elementor-widget__width-initial elementor-widget-mobile__width-inherit elementor-widget elementor-widget-heading\" data-id=\"6eac601d\" data-element_type=\"widget\" data-e-type=\"widget\" data-widget_type=\"heading.default\">\n\t\t\t\t\t<h3 class=\"elementor-heading-title elementor-size-default\">Stephanie Flaherty, PA-C<\/h3>\t\t\t\t<\/div>\n\t\t\t\t<div class=\"elementor-element elementor-element-3e4ba57f elementor-widget-tablet__width-initial elementor-widget elementor-widget-heading\" data-id=\"3e4ba57f\" data-element_type=\"widget\" data-e-type=\"widget\" data-widget_type=\"heading.default\">\n\t\t\t\t\t<h6 class=\"elementor-heading-title elementor-size-default\">Feliz Family Care at Chandler  Main<\/h6>\t\t\t\t<\/div>\n\t\t\t\t\t<\/div>\n\t\t<\/div>\n\t\t\t\t\t<\/div>\n\t\t<\/section>\n\t\t\t\t<section class=\"elementor-section elementor-top-section elementor-element elementor-element-3fa0ae31 elementor-section-boxed elementor-section-height-default elementor-section-height-default\" data-id=\"3fa0ae31\" data-element_type=\"section\" data-e-type=\"section\">\n\t\t\t\t\t\t<div class=\"elementor-container elementor-column-gap-default\">\n\t\t\t\t\t<div class=\"elementor-column elementor-col-100 elementor-top-column elementor-element elementor-element-7291c479\" data-id=\"7291c479\" data-element_type=\"column\" data-e-type=\"column\">\n\t\t\t<div class=\"elementor-widget-wrap elementor-element-populated\">\n\t\t\t\t\t\t<section class=\"elementor-section elementor-inner-section elementor-element elementor-element-4efacf4a elementor-section-boxed elementor-section-height-default elementor-section-height-default\" data-id=\"4efacf4a\" data-element_type=\"section\" data-e-type=\"section\">\n\t\t\t\t\t\t<div class=\"elementor-container elementor-column-gap-default\">\n\t\t\t\t\t<div class=\"elementor-column elementor-col-50 elementor-inner-column elementor-element elementor-element-2e5d143\" data-id=\"2e5d143\" data-element_type=\"column\" data-e-type=\"column\">\n\t\t\t<div class=\"elementor-widget-wrap elementor-element-populated\">\n\t\t\t\t\t\t<div class=\"elementor-element elementor-element-4c40b743 elementor-widget elementor-widget-image\" data-id=\"4c40b743\" data-element_type=\"widget\" data-e-type=\"widget\" data-widget_type=\"image.default\">\n\t\t\t\t\t\t\t\t\t\t\t\t\t\t\t<img fetchpriority=\"high\" decoding=\"async\" width=\"240\" height=\"311\" src=\"https:\/\/felizfamilycare.com\/wp-content\/uploads\/2024\/07\/Stephanie-Flaherty-FCC.jpeg\" class=\"attachment-large size-large wp-image-716\" alt=\"Stephanie-Flaherty-FCC\" srcset=\"https:\/\/felizfamilycare.com\/wp-content\/uploads\/2024\/07\/Stephanie-Flaherty-FCC.jpeg 240w, https:\/\/felizfamilycare.com\/wp-content\/uploads\/2024\/07\/Stephanie-Flaherty-FCC-232x300.jpeg 232w\" sizes=\"(max-width: 240px) 100vw, 240px\" \/>\t\t\t\t\t\t\t\t\t\t\t\t\t\t\t<\/div>\n\t\t\t\t\t<\/div>\n\t\t<\/div>\n\t\t\t\t<div class=\"elementor-column elementor-col-50 elementor-inner-column elementor-element elementor-element-3a58eaf6\" data-id=\"3a58eaf6\" data-element_type=\"column\" data-e-type=\"column\">\n\t\t\t<div class=\"elementor-widget-wrap elementor-element-populated\">\n\t\t\t\t\t\t<div class=\"elementor-element elementor-element-615f4731 elementor-widget elementor-widget-heading\" data-id=\"615f4731\" data-element_type=\"widget\" data-e-type=\"widget\" data-widget_type=\"heading.default\">\n\t\t\t\t\t<h3 class=\"elementor-heading-title elementor-size-default\">Stephanie Flaherty, PA-C<\/h3>\t\t\t\t<\/div>\n\t\t\t\t<div class=\"elementor-element elementor-element-8cea5f3 elementor-widget elementor-widget-heading\" data-id=\"8cea5f3\" data-element_type=\"widget\" data-e-type=\"widget\" data-widget_type=\"heading.default\">\n\t\t\t\t\t<h6 class=\"elementor-heading-title elementor-size-default\">Feliz Family Care at Chandler  Main<\/h6>\t\t\t\t<\/div>\n\t\t\t\t<div class=\"elementor-element elementor-element-3d15b36c elementor-widget-divider--view-line elementor-widget elementor-widget-divider\" data-id=\"3d15b36c\" data-element_type=\"widget\" data-e-type=\"widget\" data-widget_type=\"divider.default\">\n\t\t\t\t\t\t\t<div class=\"elementor-divider\">\n\t\t\t<span class=\"elementor-divider-separator\">\n\t\t\t\t\t\t<\/span>\n\t\t<\/div>\n\t\t\t\t\t\t<\/div>\n\t\t\t\t\t<\/div>\n\t\t<\/div>\n\t\t\t\t\t<\/div>\n\t\t<\/section>\n\t\t\t\t\t<\/div>\n\t\t<\/div>\n\t\t\t\t\t<\/div>\n\t\t<\/section>\n\t\t\t\t<section class=\"elementor-section elementor-top-section elementor-element elementor-element-36b89f86 elementor-section-boxed elementor-section-height-default elementor-section-height-default\" data-id=\"36b89f86\" data-element_type=\"section\" data-e-type=\"section\">\n\t\t\t\t\t\t<div class=\"elementor-container elementor-column-gap-default\">\n\t\t\t\t\t<div class=\"elementor-column elementor-col-100 elementor-top-column elementor-element elementor-element-6cbf0318\" data-id=\"6cbf0318\" data-element_type=\"column\" data-e-type=\"column\">\n\t\t\t<div class=\"elementor-widget-wrap elementor-element-populated\">\n\t\t\t\t\t\t<section class=\"elementor-section elementor-inner-section elementor-element elementor-element-d67475 elementor-section-boxed elementor-section-height-default elementor-section-height-default\" data-id=\"d67475\" data-element_type=\"section\" data-e-type=\"section\">\n\t\t\t\t\t\t<div class=\"elementor-container elementor-column-gap-default\">\n\t\t\t\t\t<div class=\"elementor-column elementor-col-50 elementor-inner-column elementor-element elementor-element-1f91b52e\" data-id=\"1f91b52e\" data-element_type=\"column\" data-e-type=\"column\">\n\t\t\t<div class=\"elementor-widget-wrap elementor-element-populated\">\n\t\t\t\t\t\t<div class=\"elementor-element elementor-element-6ff60176 elementor-widget elementor-widget-heading\" data-id=\"6ff60176\" data-element_type=\"widget\" data-e-type=\"widget\" data-widget_type=\"heading.default\">\n\t\t\t\t\t<h3 class=\"elementor-heading-title elementor-size-default\">Descripci\u00f3n general<\/h3>\t\t\t\t<\/div>\n\t\t\t\t<div class=\"elementor-element elementor-element-76319882 elementor-widget__width-initial elementor-widget elementor-widget-heading\" data-id=\"76319882\" data-element_type=\"widget\" data-e-type=\"widget\" data-widget_type=\"heading.default\">\n\t\t\t\t\t<h6 class=\"elementor-heading-title elementor-size-default\">Nacida en Eugene, Oreg\u00f3n. Graduada en 1998 de la Universidad de Ciencias de la Salud de Western en Pomona, California. Certificada como Asistente M\u00e9dico y con Licencia de Asistente M\u00e9dico Colaborativo, con 25 a\u00f1os de experiencia. Las habilidades clave de Stephanie incluyen compasi\u00f3n, trabajo arduo, cuidado y construcci\u00f3n de relaciones con los pacientes, lo que hace que su carrera sea desafiante, emocionante y gratificante.<br><br> Trabajando en la pr\u00e1ctica familiar, Stephanie valora establecer relaciones a largo plazo con los pacientes, gui\u00e1ndolos a trav\u00e9s de problemas m\u00e9dicos hasta su resoluci\u00f3n y brindando atenci\u00f3n de alta calidad. Madre de cuatro hijos, Katie, Austin, Clarissa y Tyler, Stephanie disfruta del yoga, la naturaleza, acampar y pasar tiempo con su familia, junto a su mascota chihuahua, Bowie. Tambi\u00e9n tiene una pasi\u00f3n por la gimnasia y el patinaje sobre hielo. De ni\u00f1a, siempre so\u00f1\u00f3 con convertirse en veterinaria.<br><br> Stephanie aboga por la atenci\u00f3n m\u00e9dica asequible y accesible para todos, reflejando su formaci\u00f3n con una especializaci\u00f3n en psicolog\u00eda. Su dedicaci\u00f3n a ayudar a los dem\u00e1s y al crecimiento profesional se refleja en su trabajo todos los d\u00edas.<\/h6>\t\t\t\t<\/div>\n\t\t\t\t\t<\/div>\n\t\t<\/div>\n\t\t\t\t<div class=\"elementor-column elementor-col-50 elementor-inner-column elementor-element elementor-element-d6508ce\" data-id=\"d6508ce\" data-element_type=\"column\" data-e-type=\"column\">\n\t\t\t<div class=\"elementor-widget-wrap\">\n\t\t\t\t\t\t\t<\/div>\n\t\t<\/div>\n\t\t\t\t\t<\/div>\n\t\t<\/section>\n\t\t\t\t\t<\/div>\n\t\t<\/div>\n\t\t\t\t\t<\/div>\n\t\t<\/section>\n\t\t\t\t<\/div>\n\t\t","protected":false},"excerpt":{"rendered":"<p>Stephanie Flaherty, PA-C Feliz Family Care at Chandler Main Stephanie Flaherty, PA-C Feliz Family Care at Chandler Main Descripci\u00f3n general Nacida en Eugene, Oreg\u00f3n. Graduada en 1998 de la Universidad de Ciencias de la Salud de Western en Pomona, California. Certificada como Asistente M\u00e9dico y con Licencia de Asistente M\u00e9dico Colaborativo, con 25 a\u00f1os de [&hellip;]<\/p>\n","protected":false},"author":1,"featured_media":716,"parent":0,"menu_order":0,"comment_status":"closed","ping_status":"closed","template":"elementor_header_footer","meta":{"footnotes":""},"class_list":["post-745","page","type-page","status-publish","has-post-thumbnail","hentry"],"yoast_head":"<!-- This site is optimized with the Yoast SEO plugin v27.4 - https:\/\/yoast.com\/product\/yoast-seo-wordpress\/ -->\n<title>Stephanie Flaherty, PA-C - Feliz Family Care<\/title>\n<meta name=\"description\" content=\"Nacida en Eugene, Oreg\u00f3n. Graduada en 1998 de la Universidad de Ciencias de la Salud de Western en Pomona, California. Certificada como Asistente M\u00e9dico y con Licencia de Asistente M\u00e9dico Colaborativo, con 25 a\u00f1os de experiencia. Las habilidades clave de Stephanie incluyen compasi\u00f3n, trabajo arduo, cuidado y construcci\u00f3n de relaciones con los pacientes, lo que hace que su carrera sea desafiante, emocionante y gratificante.\" \/>\n<meta name=\"robots\" content=\"index, follow, max-snippet:-1, max-image-preview:large, max-video-preview:-1\" \/>\n<link rel=\"canonical\" href=\"https:\/\/felizfamilycare.com\/es\/stephanie-flaherty-pa-c\/\" \/>\n<meta property=\"og:locale\" content=\"es_ES\" \/>\n<meta property=\"og:type\" content=\"article\" \/>\n<meta property=\"og:title\" content=\"Stephanie Flaherty, PA-C - Feliz Family Care\" \/>\n<meta property=\"og:description\" content=\"Nacida en Eugene, Oreg\u00f3n. Graduada en 1998 de la Universidad de Ciencias de la Salud de Western en Pomona, California. Certificada como Asistente M\u00e9dico y con Licencia de Asistente M\u00e9dico Colaborativo, con 25 a\u00f1os de experiencia. Las habilidades clave de Stephanie incluyen compasi\u00f3n, trabajo arduo, cuidado y construcci\u00f3n de relaciones con los pacientes, lo que hace que su carrera sea desafiante, emocionante y gratificante.\" \/>\n<meta property=\"og:url\" content=\"https:\/\/felizfamilycare.com\/es\/stephanie-flaherty-pa-c\/\" \/>\n<meta property=\"og:site_name\" content=\"Feliz Family Care\" \/>\n<meta property=\"article:modified_time\" content=\"2024-07-25T19:07:17+00:00\" \/>\n<meta property=\"og:image\" content=\"https:\/\/felizfamilycare.com\/wp-content\/uploads\/2024\/07\/Stephanie-Flaherty-FCC.jpeg\" \/>\n\t<meta property=\"og:image:width\" content=\"240\" \/>\n\t<meta property=\"og:image:height\" content=\"311\" \/>\n\t<meta property=\"og:image:type\" content=\"image\/jpeg\" \/>\n<meta name=\"twitter:card\" content=\"summary_large_image\" \/>\n<meta name=\"twitter:label1\" content=\"Tiempo de lectura\" \/>\n\t<meta name=\"twitter:data1\" content=\"1 minuto\" \/>\n<script type=\"application\/ld+json\" class=\"yoast-schema-graph\">{\"@context\":\"https:\\\/\\\/schema.org\",\"@graph\":[{\"@type\":\"WebPage\",\"@id\":\"https:\\\/\\\/felizfamilycare.com\\\/es\\\/stephanie-flaherty-pa-c\\\/\",\"url\":\"https:\\\/\\\/felizfamilycare.com\\\/es\\\/stephanie-flaherty-pa-c\\\/\",\"name\":\"Stephanie Flaherty, PA-C - Feliz Family Care\",\"isPartOf\":{\"@id\":\"https:\\\/\\\/felizfamilycare.com\\\/es\\\/#website\"},\"primaryImageOfPage\":{\"@id\":\"https:\\\/\\\/felizfamilycare.com\\\/es\\\/stephanie-flaherty-pa-c\\\/#primaryimage\"},\"image\":{\"@id\":\"https:\\\/\\\/felizfamilycare.com\\\/es\\\/stephanie-flaherty-pa-c\\\/#primaryimage\"},\"thumbnailUrl\":\"https:\\\/\\\/felizfamilycare.com\\\/wp-content\\\/uploads\\\/2024\\\/07\\\/Stephanie-Flaherty-FCC.jpeg\",\"datePublished\":\"2024-07-24T23:23:35+00:00\",\"dateModified\":\"2024-07-25T19:07:17+00:00\",\"description\":\"Nacida en Eugene, Oreg\u00f3n. Graduada en 1998 de la Universidad de Ciencias de la Salud de Western en Pomona, California. Certificada como Asistente M\u00e9dico y con Licencia de Asistente M\u00e9dico Colaborativo, con 25 a\u00f1os de experiencia. Las habilidades clave de Stephanie incluyen compasi\u00f3n, trabajo arduo, cuidado y construcci\u00f3n de relaciones con los pacientes, lo que hace que su carrera sea desafiante, emocionante y gratificante.\",\"breadcrumb\":{\"@id\":\"https:\\\/\\\/felizfamilycare.com\\\/es\\\/stephanie-flaherty-pa-c\\\/#breadcrumb\"},\"inLanguage\":\"es\",\"potentialAction\":[{\"@type\":\"ReadAction\",\"target\":[\"https:\\\/\\\/felizfamilycare.com\\\/es\\\/stephanie-flaherty-pa-c\\\/\"]}]},{\"@type\":\"ImageObject\",\"inLanguage\":\"es\",\"@id\":\"https:\\\/\\\/felizfamilycare.com\\\/es\\\/stephanie-flaherty-pa-c\\\/#primaryimage\",\"url\":\"https:\\\/\\\/felizfamilycare.com\\\/wp-content\\\/uploads\\\/2024\\\/07\\\/Stephanie-Flaherty-FCC.jpeg\",\"contentUrl\":\"https:\\\/\\\/felizfamilycare.com\\\/wp-content\\\/uploads\\\/2024\\\/07\\\/Stephanie-Flaherty-FCC.jpeg\",\"width\":240,\"height\":311,\"caption\":\"Stephanie-Flaherty-FCC\"},{\"@type\":\"BreadcrumbList\",\"@id\":\"https:\\\/\\\/felizfamilycare.com\\\/es\\\/stephanie-flaherty-pa-c\\\/#breadcrumb\",\"itemListElement\":[{\"@type\":\"ListItem\",\"position\":1,\"name\":\"Home\",\"item\":\"https:\\\/\\\/felizfamilycare.com\\\/es\\\/\"},{\"@type\":\"ListItem\",\"position\":2,\"name\":\"Stephanie Flaherty, PA-C\"}]},{\"@type\":\"WebSite\",\"@id\":\"https:\\\/\\\/felizfamilycare.com\\\/es\\\/#website\",\"url\":\"https:\\\/\\\/felizfamilycare.com\\\/es\\\/\",\"name\":\"Feliz Family Care\",\"description\":\"Providing quality care for your family\",\"publisher\":{\"@id\":\"https:\\\/\\\/felizfamilycare.com\\\/es\\\/#organization\"},\"potentialAction\":[{\"@type\":\"SearchAction\",\"target\":{\"@type\":\"EntryPoint\",\"urlTemplate\":\"https:\\\/\\\/felizfamilycare.com\\\/es\\\/?s={search_term_string}\"},\"query-input\":{\"@type\":\"PropertyValueSpecification\",\"valueRequired\":true,\"valueName\":\"search_term_string\"}}],\"inLanguage\":\"es\"},{\"@type\":\"Organization\",\"@id\":\"https:\\\/\\\/felizfamilycare.com\\\/es\\\/#organization\",\"name\":\"Feliz Family Care\",\"url\":\"https:\\\/\\\/felizfamilycare.com\\\/es\\\/\",\"logo\":{\"@type\":\"ImageObject\",\"inLanguage\":\"es\",\"@id\":\"https:\\\/\\\/felizfamilycare.com\\\/es\\\/#\\\/schema\\\/logo\\\/image\\\/\",\"url\":\"https:\\\/\\\/felizfamilycare.com\\\/wp-content\\\/uploads\\\/2024\\\/08\\\/feliz-family-care-logo.webp\",\"contentUrl\":\"https:\\\/\\\/felizfamilycare.com\\\/wp-content\\\/uploads\\\/2024\\\/08\\\/feliz-family-care-logo.webp\",\"width\":645,\"height\":145,\"caption\":\"Feliz Family Care\"},\"image\":{\"@id\":\"https:\\\/\\\/felizfamilycare.com\\\/es\\\/#\\\/schema\\\/logo\\\/image\\\/\"}}]}<\/script>\n<!-- \/ Yoast SEO plugin. -->","yoast_head_json":{"title":"Stephanie Flaherty, PA-C - Feliz Family Care","description":"Nacida en Eugene, Oreg\u00f3n. Graduada en 1998 de la Universidad de Ciencias de la Salud de Western en Pomona, California. Certificada como Asistente M\u00e9dico y con Licencia de Asistente M\u00e9dico Colaborativo, con 25 a\u00f1os de experiencia. Las habilidades clave de Stephanie incluyen compasi\u00f3n, trabajo arduo, cuidado y construcci\u00f3n de relaciones con los pacientes, lo que hace que su carrera sea desafiante, emocionante y gratificante.","robots":{"index":"index","follow":"follow","max-snippet":"max-snippet:-1","max-image-preview":"max-image-preview:large","max-video-preview":"max-video-preview:-1"},"canonical":"https:\/\/felizfamilycare.com\/es\/stephanie-flaherty-pa-c\/","og_locale":"es_ES","og_type":"article","og_title":"Stephanie Flaherty, PA-C - Feliz Family Care","og_description":"Nacida en Eugene, Oreg\u00f3n. Graduada en 1998 de la Universidad de Ciencias de la Salud de Western en Pomona, California. Certificada como Asistente M\u00e9dico y con Licencia de Asistente M\u00e9dico Colaborativo, con 25 a\u00f1os de experiencia. Las habilidades clave de Stephanie incluyen compasi\u00f3n, trabajo arduo, cuidado y construcci\u00f3n de relaciones con los pacientes, lo que hace que su carrera sea desafiante, emocionante y gratificante.","og_url":"https:\/\/felizfamilycare.com\/es\/stephanie-flaherty-pa-c\/","og_site_name":"Feliz Family Care","article_modified_time":"2024-07-25T19:07:17+00:00","og_image":[{"width":240,"height":311,"url":"https:\/\/felizfamilycare.com\/wp-content\/uploads\/2024\/07\/Stephanie-Flaherty-FCC.jpeg","type":"image\/jpeg"}],"twitter_card":"summary_large_image","twitter_misc":{"Tiempo de lectura":"1 minuto"},"schema":{"@context":"https:\/\/schema.org","@graph":[{"@type":"WebPage","@id":"https:\/\/felizfamilycare.com\/es\/stephanie-flaherty-pa-c\/","url":"https:\/\/felizfamilycare.com\/es\/stephanie-flaherty-pa-c\/","name":"Stephanie Flaherty, PA-C - Feliz Family Care","isPartOf":{"@id":"https:\/\/felizfamilycare.com\/es\/#website"},"primaryImageOfPage":{"@id":"https:\/\/felizfamilycare.com\/es\/stephanie-flaherty-pa-c\/#primaryimage"},"image":{"@id":"https:\/\/felizfamilycare.com\/es\/stephanie-flaherty-pa-c\/#primaryimage"},"thumbnailUrl":"https:\/\/felizfamilycare.com\/wp-content\/uploads\/2024\/07\/Stephanie-Flaherty-FCC.jpeg","datePublished":"2024-07-24T23:23:35+00:00","dateModified":"2024-07-25T19:07:17+00:00","description":"Nacida en Eugene, Oreg\u00f3n. Graduada en 1998 de la Universidad de Ciencias de la Salud de Western en Pomona, California. Certificada como Asistente M\u00e9dico y con Licencia de Asistente M\u00e9dico Colaborativo, con 25 a\u00f1os de experiencia. Las habilidades clave de Stephanie incluyen compasi\u00f3n, trabajo arduo, cuidado y construcci\u00f3n de relaciones con los pacientes, lo que hace que su carrera sea desafiante, emocionante y gratificante.","breadcrumb":{"@id":"https:\/\/felizfamilycare.com\/es\/stephanie-flaherty-pa-c\/#breadcrumb"},"inLanguage":"es","potentialAction":[{"@type":"ReadAction","target":["https:\/\/felizfamilycare.com\/es\/stephanie-flaherty-pa-c\/"]}]},{"@type":"ImageObject","inLanguage":"es","@id":"https:\/\/felizfamilycare.com\/es\/stephanie-flaherty-pa-c\/#primaryimage","url":"https:\/\/felizfamilycare.com\/wp-content\/uploads\/2024\/07\/Stephanie-Flaherty-FCC.jpeg","contentUrl":"https:\/\/felizfamilycare.com\/wp-content\/uploads\/2024\/07\/Stephanie-Flaherty-FCC.jpeg","width":240,"height":311,"caption":"Stephanie-Flaherty-FCC"},{"@type":"BreadcrumbList","@id":"https:\/\/felizfamilycare.com\/es\/stephanie-flaherty-pa-c\/#breadcrumb","itemListElement":[{"@type":"ListItem","position":1,"name":"Home","item":"https:\/\/felizfamilycare.com\/es\/"},{"@type":"ListItem","position":2,"name":"Stephanie Flaherty, PA-C"}]},{"@type":"WebSite","@id":"https:\/\/felizfamilycare.com\/es\/#website","url":"https:\/\/felizfamilycare.com\/es\/","name":"Feliz Family Care","description":"Providing quality care for your family","publisher":{"@id":"https:\/\/felizfamilycare.com\/es\/#organization"},"potentialAction":[{"@type":"SearchAction","target":{"@type":"EntryPoint","urlTemplate":"https:\/\/felizfamilycare.com\/es\/?s={search_term_string}"},"query-input":{"@type":"PropertyValueSpecification","valueRequired":true,"valueName":"search_term_string"}}],"inLanguage":"es"},{"@type":"Organization","@id":"https:\/\/felizfamilycare.com\/es\/#organization","name":"Feliz Family Care","url":"https:\/\/felizfamilycare.com\/es\/","logo":{"@type":"ImageObject","inLanguage":"es","@id":"https:\/\/felizfamilycare.com\/es\/#\/schema\/logo\/image\/","url":"https:\/\/felizfamilycare.com\/wp-content\/uploads\/2024\/08\/feliz-family-care-logo.webp","contentUrl":"https:\/\/felizfamilycare.com\/wp-content\/uploads\/2024\/08\/feliz-family-care-logo.webp","width":645,"height":145,"caption":"Feliz Family Care"},"image":{"@id":"https:\/\/felizfamilycare.com\/es\/#\/schema\/logo\/image\/"}}]}},"_links":{"self":[{"href":"https:\/\/felizfamilycare.com\/es\/wp-json\/wp\/v2\/pages\/745","targetHints":{"allow":["GET"]}}],"collection":[{"href":"https:\/\/felizfamilycare.com\/es\/wp-json\/wp\/v2\/pages"}],"about":[{"href":"https:\/\/felizfamilycare.com\/es\/wp-json\/wp\/v2\/types\/page"}],"author":[{"embeddable":true,"href":"https:\/\/felizfamilycare.com\/es\/wp-json\/wp\/v2\/users\/1"}],"replies":[{"embeddable":true,"href":"https:\/\/felizfamilycare.com\/es\/wp-json\/wp\/v2\/comments?post=745"}],"version-history":[{"count":0,"href":"https:\/\/felizfamilycare.com\/es\/wp-json\/wp\/v2\/pages\/745\/revisions"}],"wp:featuredmedia":[{"embeddable":true,"href":"https:\/\/felizfamilycare.com\/es\/wp-json\/wp\/v2\/media\/716"}],"wp:attachment":[{"href":"https:\/\/felizfamilycare.com\/es\/wp-json\/wp\/v2\/media?parent=745"}],"curies":[{"name":"wp","href":"https:\/\/api.w.org\/{rel}","templated":true}]}}