{"id":744,"date":"2024-07-24T16:11:54","date_gmt":"2024-07-24T23:11:54","guid":{"rendered":"https:\/\/felizfamilycare.com\/kristin-kelley-fnp-c\/"},"modified":"2024-07-25T12:02:01","modified_gmt":"2024-07-25T19:02:01","slug":"kristin-kelley-fnp-c","status":"publish","type":"page","link":"https:\/\/felizfamilycare.com\/es\/kristin-kelley-fnp-c\/","title":{"rendered":"Kristin Kelley-FNP-C"},"content":{"rendered":"\t\t<div data-elementor-type=\"wp-page\" data-elementor-id=\"744\" class=\"elementor elementor-744\" data-elementor-post-type=\"page\">\n\t\t\t\t\t\t<section class=\"elementor-section elementor-top-section elementor-element elementor-element-7d55fe34 elementor-section-height-min-height elementor-section-boxed elementor-section-height-default elementor-section-items-middle\" data-id=\"7d55fe34\" data-element_type=\"section\" data-e-type=\"section\" data-settings=\"{&quot;background_background&quot;:&quot;classic&quot;}\">\n\t\t\t\t\t\t\t<div class=\"elementor-background-overlay\"><\/div>\n\t\t\t\t\t\t\t<div class=\"elementor-container elementor-column-gap-default\">\n\t\t\t\t\t<div class=\"elementor-column elementor-col-100 elementor-top-column elementor-element elementor-element-694ef3e0\" data-id=\"694ef3e0\" data-element_type=\"column\" data-e-type=\"column\">\n\t\t\t<div class=\"elementor-widget-wrap elementor-element-populated\">\n\t\t\t\t\t\t<div class=\"elementor-element elementor-element-4dd2caa5 elementor-widget__width-initial elementor-widget-mobile__width-inherit elementor-widget elementor-widget-heading\" data-id=\"4dd2caa5\" data-element_type=\"widget\" data-e-type=\"widget\" data-widget_type=\"heading.default\">\n\t\t\t\t\t<h3 class=\"elementor-heading-title elementor-size-default\">Kristin Kelley-FNP-C<\/h3>\t\t\t\t<\/div>\n\t\t\t\t<div class=\"elementor-element elementor-element-25f26bc5 elementor-widget-tablet__width-initial elementor-widget elementor-widget-heading\" data-id=\"25f26bc5\" data-element_type=\"widget\" data-e-type=\"widget\" data-widget_type=\"heading.default\">\n\t\t\t\t\t<h6 class=\"elementor-heading-title elementor-size-default\">Feliz Family Care - Camelback<\/h6>\t\t\t\t<\/div>\n\t\t\t\t\t<\/div>\n\t\t<\/div>\n\t\t\t\t\t<\/div>\n\t\t<\/section>\n\t\t\t\t<section class=\"elementor-section elementor-top-section elementor-element elementor-element-696e9fd5 elementor-section-boxed elementor-section-height-default elementor-section-height-default\" data-id=\"696e9fd5\" data-element_type=\"section\" data-e-type=\"section\">\n\t\t\t\t\t\t<div class=\"elementor-container elementor-column-gap-default\">\n\t\t\t\t\t<div class=\"elementor-column elementor-col-100 elementor-top-column elementor-element elementor-element-278b43bb\" data-id=\"278b43bb\" data-element_type=\"column\" data-e-type=\"column\">\n\t\t\t<div class=\"elementor-widget-wrap elementor-element-populated\">\n\t\t\t\t\t\t<section class=\"elementor-section elementor-inner-section elementor-element elementor-element-756e339c elementor-section-boxed elementor-section-height-default elementor-section-height-default\" data-id=\"756e339c\" data-element_type=\"section\" data-e-type=\"section\">\n\t\t\t\t\t\t<div class=\"elementor-container elementor-column-gap-default\">\n\t\t\t\t\t<div class=\"elementor-column elementor-col-50 elementor-inner-column elementor-element elementor-element-5e5bcf4d\" data-id=\"5e5bcf4d\" data-element_type=\"column\" data-e-type=\"column\">\n\t\t\t<div class=\"elementor-widget-wrap elementor-element-populated\">\n\t\t\t\t\t\t<div class=\"elementor-element elementor-element-5dfdc037 elementor-widget elementor-widget-image\" data-id=\"5dfdc037\" data-element_type=\"widget\" data-e-type=\"widget\" data-widget_type=\"image.default\">\n\t\t\t\t\t\t\t\t\t\t\t\t\t\t\t<img fetchpriority=\"high\" decoding=\"async\" width=\"791\" height=\"1024\" src=\"https:\/\/felizfamilycare.com\/wp-content\/uploads\/2024\/07\/Kristin-Kelley-Camelback-791x1024.png\" class=\"attachment-large size-large wp-image-699\" alt=\"Kristin Kelley - Camelback\" srcset=\"https:\/\/felizfamilycare.com\/wp-content\/uploads\/2024\/07\/Kristin-Kelley-Camelback-791x1024.png 791w, https:\/\/felizfamilycare.com\/wp-content\/uploads\/2024\/07\/Kristin-Kelley-Camelback-232x300.png 232w, https:\/\/felizfamilycare.com\/wp-content\/uploads\/2024\/07\/Kristin-Kelley-Camelback-768x994.png 768w, https:\/\/felizfamilycare.com\/wp-content\/uploads\/2024\/07\/Kristin-Kelley-Camelback.png 900w\" sizes=\"(max-width: 791px) 100vw, 791px\" \/>\t\t\t\t\t\t\t\t\t\t\t\t\t\t\t<\/div>\n\t\t\t\t\t<\/div>\n\t\t<\/div>\n\t\t\t\t<div class=\"elementor-column elementor-col-50 elementor-inner-column elementor-element elementor-element-427a11e7\" data-id=\"427a11e7\" data-element_type=\"column\" data-e-type=\"column\">\n\t\t\t<div class=\"elementor-widget-wrap elementor-element-populated\">\n\t\t\t\t\t\t<div class=\"elementor-element elementor-element-1fda4ea0 elementor-widget elementor-widget-heading\" data-id=\"1fda4ea0\" data-element_type=\"widget\" data-e-type=\"widget\" data-widget_type=\"heading.default\">\n\t\t\t\t\t<h3 class=\"elementor-heading-title elementor-size-default\">Kristin Kelley-FNP-C<\/h3>\t\t\t\t<\/div>\n\t\t\t\t<div class=\"elementor-element elementor-element-7a96524d elementor-widget elementor-widget-heading\" data-id=\"7a96524d\" data-element_type=\"widget\" data-e-type=\"widget\" data-widget_type=\"heading.default\">\n\t\t\t\t\t<h6 class=\"elementor-heading-title elementor-size-default\">Feliz Family Care - Camelback<\/h6>\t\t\t\t<\/div>\n\t\t\t\t<div class=\"elementor-element elementor-element-15ca6bb6 elementor-widget-divider--view-line elementor-widget elementor-widget-divider\" data-id=\"15ca6bb6\" data-element_type=\"widget\" data-e-type=\"widget\" data-widget_type=\"divider.default\">\n\t\t\t\t\t\t\t<div class=\"elementor-divider\">\n\t\t\t<span class=\"elementor-divider-separator\">\n\t\t\t\t\t\t<\/span>\n\t\t<\/div>\n\t\t\t\t\t\t<\/div>\n\t\t\t\t\t<\/div>\n\t\t<\/div>\n\t\t\t\t\t<\/div>\n\t\t<\/section>\n\t\t\t\t\t<\/div>\n\t\t<\/div>\n\t\t\t\t\t<\/div>\n\t\t<\/section>\n\t\t\t\t<section class=\"elementor-section elementor-top-section elementor-element elementor-element-52551c74 elementor-section-boxed elementor-section-height-default elementor-section-height-default\" data-id=\"52551c74\" data-element_type=\"section\" data-e-type=\"section\">\n\t\t\t\t\t\t<div class=\"elementor-container elementor-column-gap-default\">\n\t\t\t\t\t<div class=\"elementor-column elementor-col-100 elementor-top-column elementor-element elementor-element-5ee6000a\" data-id=\"5ee6000a\" data-element_type=\"column\" data-e-type=\"column\">\n\t\t\t<div class=\"elementor-widget-wrap elementor-element-populated\">\n\t\t\t\t\t\t<section class=\"elementor-section elementor-inner-section elementor-element elementor-element-6ad0ffee elementor-section-boxed elementor-section-height-default elementor-section-height-default\" data-id=\"6ad0ffee\" data-element_type=\"section\" data-e-type=\"section\">\n\t\t\t\t\t\t<div class=\"elementor-container elementor-column-gap-default\">\n\t\t\t\t\t<div class=\"elementor-column elementor-col-50 elementor-inner-column elementor-element elementor-element-1270cf9a\" data-id=\"1270cf9a\" data-element_type=\"column\" data-e-type=\"column\">\n\t\t\t<div class=\"elementor-widget-wrap elementor-element-populated\">\n\t\t\t\t\t\t<div class=\"elementor-element elementor-element-10e293a2 elementor-widget elementor-widget-heading\" data-id=\"10e293a2\" data-element_type=\"widget\" data-e-type=\"widget\" data-widget_type=\"heading.default\">\n\t\t\t\t\t<h3 class=\"elementor-heading-title elementor-size-default\">Descripci\u00f3n general<\/h3>\t\t\t\t<\/div>\n\t\t\t\t<div class=\"elementor-element elementor-element-ebce101 elementor-widget__width-initial elementor-widget elementor-widget-heading\" data-id=\"ebce101\" data-element_type=\"widget\" data-e-type=\"widget\" data-widget_type=\"heading.default\">\n\t\t\t\t\t<h6 class=\"elementor-heading-title elementor-size-default\">Graduada de la Universidad de Phoenix y orgullosa miembro de la Asociaci\u00f3n Americana de Enfermeras Practicantes. Su pasi\u00f3n radica en promover el bienestar y la salud de los dem\u00e1s, y realmente disfruta educando a los pacientes sobre formas de mejorar su salud y bienestar.<br><br> En medio de una carrera de enfermer\u00eda ocupada, logr\u00f3 obtener dos maestr\u00edas mientras criaba a tres hijos, cuidaba de dos perros y era una esposa dedicada, todo mientras trabajaba a tiempo completo. Complet\u00f3 con \u00e9xito su programa de Enfermera Practicante con un notable GPA de 3.88 y tuvo el honor de ser incluida en la sociedad de honor.<br><br> Fuera de su vida profesional, su pasatiempo favorito es las carreras de arrancones. La familia es el n\u00facleo de su ser, felizmente casada con Doug por m\u00e1s de 25 a\u00f1os y orgullosa madre de tres maravillosos hijos: Kaylee (22), Breann (16) y Tyler (13). Su hogar se completa con dos queridos perros, Sedona y Cali.<br><br> Est\u00e1 ansiosa por seguir empoderando a sus pacientes y a la comunidad para que lleven vidas plenas y saludables. Es una alegr\u00eda combinar su dedicaci\u00f3n a la enfermer\u00eda con su amor por las carreras de arrancones, creando una vida equilibrada y satisfactoria.<\/h6>\t\t\t\t<\/div>\n\t\t\t\t\t<\/div>\n\t\t<\/div>\n\t\t\t\t<div class=\"elementor-column elementor-col-50 elementor-inner-column elementor-element elementor-element-75518734\" data-id=\"75518734\" data-element_type=\"column\" data-e-type=\"column\">\n\t\t\t<div class=\"elementor-widget-wrap\">\n\t\t\t\t\t\t\t<\/div>\n\t\t<\/div>\n\t\t\t\t\t<\/div>\n\t\t<\/section>\n\t\t\t\t\t<\/div>\n\t\t<\/div>\n\t\t\t\t\t<\/div>\n\t\t<\/section>\n\t\t\t\t<\/div>\n\t\t","protected":false},"excerpt":{"rendered":"<p>Kristin Kelley-FNP-C Feliz Family Care &#8211; Camelback Kristin Kelley-FNP-C Feliz Family Care &#8211; Camelback Descripci\u00f3n general Graduada de la Universidad de Phoenix y orgullosa miembro de la Asociaci\u00f3n Americana de Enfermeras Practicantes. Su pasi\u00f3n radica en promover el bienestar y la salud de los dem\u00e1s, y realmente disfruta educando a los pacientes sobre formas de [&hellip;]<\/p>\n","protected":false},"author":1,"featured_media":699,"parent":0,"menu_order":0,"comment_status":"closed","ping_status":"closed","template":"elementor_header_footer","meta":{"footnotes":""},"class_list":["post-744","page","type-page","status-publish","has-post-thumbnail","hentry"],"yoast_head":"<!-- This site is optimized with the Yoast SEO plugin v27.4 - https:\/\/yoast.com\/product\/yoast-seo-wordpress\/ -->\n<title>Kristin Kelley-FNP-C - Feliz Family Care<\/title>\n<meta name=\"description\" content=\"Graduada de la Universidad de Phoenix y orgullosa miembro de la Asociaci\u00f3n Americana de Enfermeras Practicantes. Su pasi\u00f3n radica en promover el bienestar y la salud de los dem\u00e1s, y realmente disfruta educando a los pacientes sobre formas de mejorar su salud y bienestar.\" \/>\n<meta name=\"robots\" content=\"index, follow, max-snippet:-1, max-image-preview:large, max-video-preview:-1\" \/>\n<link rel=\"canonical\" href=\"https:\/\/felizfamilycare.com\/es\/kristin-kelley-fnp-c\/\" \/>\n<meta property=\"og:locale\" content=\"es_ES\" \/>\n<meta property=\"og:type\" content=\"article\" \/>\n<meta property=\"og:title\" content=\"Kristin Kelley-FNP-C - Feliz Family Care\" \/>\n<meta property=\"og:description\" content=\"Graduada de la Universidad de Phoenix y orgullosa miembro de la Asociaci\u00f3n Americana de Enfermeras Practicantes. Su pasi\u00f3n radica en promover el bienestar y la salud de los dem\u00e1s, y realmente disfruta educando a los pacientes sobre formas de mejorar su salud y bienestar.\" \/>\n<meta property=\"og:url\" content=\"https:\/\/felizfamilycare.com\/es\/kristin-kelley-fnp-c\/\" \/>\n<meta property=\"og:site_name\" content=\"Feliz Family Care\" \/>\n<meta property=\"article:modified_time\" content=\"2024-07-25T19:02:01+00:00\" \/>\n<meta property=\"og:image\" content=\"https:\/\/felizfamilycare.com\/wp-content\/uploads\/2024\/07\/Kristin-Kelley-Camelback.png\" \/>\n\t<meta property=\"og:image:width\" content=\"900\" \/>\n\t<meta property=\"og:image:height\" content=\"1165\" \/>\n\t<meta property=\"og:image:type\" content=\"image\/png\" \/>\n<meta name=\"twitter:card\" content=\"summary_large_image\" \/>\n<meta name=\"twitter:label1\" content=\"Tiempo de lectura\" \/>\n\t<meta name=\"twitter:data1\" content=\"1 minuto\" \/>\n<script type=\"application\/ld+json\" class=\"yoast-schema-graph\">{\"@context\":\"https:\\\/\\\/schema.org\",\"@graph\":[{\"@type\":\"WebPage\",\"@id\":\"https:\\\/\\\/felizfamilycare.com\\\/es\\\/kristin-kelley-fnp-c\\\/\",\"url\":\"https:\\\/\\\/felizfamilycare.com\\\/es\\\/kristin-kelley-fnp-c\\\/\",\"name\":\"Kristin Kelley-FNP-C - Feliz Family Care\",\"isPartOf\":{\"@id\":\"https:\\\/\\\/felizfamilycare.com\\\/es\\\/#website\"},\"primaryImageOfPage\":{\"@id\":\"https:\\\/\\\/felizfamilycare.com\\\/es\\\/kristin-kelley-fnp-c\\\/#primaryimage\"},\"image\":{\"@id\":\"https:\\\/\\\/felizfamilycare.com\\\/es\\\/kristin-kelley-fnp-c\\\/#primaryimage\"},\"thumbnailUrl\":\"https:\\\/\\\/felizfamilycare.com\\\/wp-content\\\/uploads\\\/2024\\\/07\\\/Kristin-Kelley-Camelback.png\",\"datePublished\":\"2024-07-24T23:11:54+00:00\",\"dateModified\":\"2024-07-25T19:02:01+00:00\",\"description\":\"Graduada de la Universidad de Phoenix y orgullosa miembro de la Asociaci\u00f3n Americana de Enfermeras Practicantes. Su pasi\u00f3n radica en promover el bienestar y la salud de los dem\u00e1s, y realmente disfruta educando a los pacientes sobre formas de mejorar su salud y bienestar.\",\"breadcrumb\":{\"@id\":\"https:\\\/\\\/felizfamilycare.com\\\/es\\\/kristin-kelley-fnp-c\\\/#breadcrumb\"},\"inLanguage\":\"es\",\"potentialAction\":[{\"@type\":\"ReadAction\",\"target\":[\"https:\\\/\\\/felizfamilycare.com\\\/es\\\/kristin-kelley-fnp-c\\\/\"]}]},{\"@type\":\"ImageObject\",\"inLanguage\":\"es\",\"@id\":\"https:\\\/\\\/felizfamilycare.com\\\/es\\\/kristin-kelley-fnp-c\\\/#primaryimage\",\"url\":\"https:\\\/\\\/felizfamilycare.com\\\/wp-content\\\/uploads\\\/2024\\\/07\\\/Kristin-Kelley-Camelback.png\",\"contentUrl\":\"https:\\\/\\\/felizfamilycare.com\\\/wp-content\\\/uploads\\\/2024\\\/07\\\/Kristin-Kelley-Camelback.png\",\"width\":900,\"height\":1165,\"caption\":\"Kristin Kelley - Camelback\"},{\"@type\":\"BreadcrumbList\",\"@id\":\"https:\\\/\\\/felizfamilycare.com\\\/es\\\/kristin-kelley-fnp-c\\\/#breadcrumb\",\"itemListElement\":[{\"@type\":\"ListItem\",\"position\":1,\"name\":\"Home\",\"item\":\"https:\\\/\\\/felizfamilycare.com\\\/es\\\/\"},{\"@type\":\"ListItem\",\"position\":2,\"name\":\"Kristin Kelley-FNP-C\"}]},{\"@type\":\"WebSite\",\"@id\":\"https:\\\/\\\/felizfamilycare.com\\\/es\\\/#website\",\"url\":\"https:\\\/\\\/felizfamilycare.com\\\/es\\\/\",\"name\":\"Feliz Family Care\",\"description\":\"Providing quality care for your family\",\"publisher\":{\"@id\":\"https:\\\/\\\/felizfamilycare.com\\\/es\\\/#organization\"},\"potentialAction\":[{\"@type\":\"SearchAction\",\"target\":{\"@type\":\"EntryPoint\",\"urlTemplate\":\"https:\\\/\\\/felizfamilycare.com\\\/es\\\/?s={search_term_string}\"},\"query-input\":{\"@type\":\"PropertyValueSpecification\",\"valueRequired\":true,\"valueName\":\"search_term_string\"}}],\"inLanguage\":\"es\"},{\"@type\":\"Organization\",\"@id\":\"https:\\\/\\\/felizfamilycare.com\\\/es\\\/#organization\",\"name\":\"Feliz Family Care\",\"url\":\"https:\\\/\\\/felizfamilycare.com\\\/es\\\/\",\"logo\":{\"@type\":\"ImageObject\",\"inLanguage\":\"es\",\"@id\":\"https:\\\/\\\/felizfamilycare.com\\\/es\\\/#\\\/schema\\\/logo\\\/image\\\/\",\"url\":\"https:\\\/\\\/felizfamilycare.com\\\/wp-content\\\/uploads\\\/2024\\\/08\\\/feliz-family-care-logo.webp\",\"contentUrl\":\"https:\\\/\\\/felizfamilycare.com\\\/wp-content\\\/uploads\\\/2024\\\/08\\\/feliz-family-care-logo.webp\",\"width\":645,\"height\":145,\"caption\":\"Feliz Family Care\"},\"image\":{\"@id\":\"https:\\\/\\\/felizfamilycare.com\\\/es\\\/#\\\/schema\\\/logo\\\/image\\\/\"}}]}<\/script>\n<!-- \/ Yoast SEO plugin. -->","yoast_head_json":{"title":"Kristin Kelley-FNP-C - Feliz Family Care","description":"Graduada de la Universidad de Phoenix y orgullosa miembro de la Asociaci\u00f3n Americana de Enfermeras Practicantes. Su pasi\u00f3n radica en promover el bienestar y la salud de los dem\u00e1s, y realmente disfruta educando a los pacientes sobre formas de mejorar su salud y bienestar.","robots":{"index":"index","follow":"follow","max-snippet":"max-snippet:-1","max-image-preview":"max-image-preview:large","max-video-preview":"max-video-preview:-1"},"canonical":"https:\/\/felizfamilycare.com\/es\/kristin-kelley-fnp-c\/","og_locale":"es_ES","og_type":"article","og_title":"Kristin Kelley-FNP-C - Feliz Family Care","og_description":"Graduada de la Universidad de Phoenix y orgullosa miembro de la Asociaci\u00f3n Americana de Enfermeras Practicantes. Su pasi\u00f3n radica en promover el bienestar y la salud de los dem\u00e1s, y realmente disfruta educando a los pacientes sobre formas de mejorar su salud y bienestar.","og_url":"https:\/\/felizfamilycare.com\/es\/kristin-kelley-fnp-c\/","og_site_name":"Feliz Family Care","article_modified_time":"2024-07-25T19:02:01+00:00","og_image":[{"width":900,"height":1165,"url":"https:\/\/felizfamilycare.com\/wp-content\/uploads\/2024\/07\/Kristin-Kelley-Camelback.png","type":"image\/png"}],"twitter_card":"summary_large_image","twitter_misc":{"Tiempo de lectura":"1 minuto"},"schema":{"@context":"https:\/\/schema.org","@graph":[{"@type":"WebPage","@id":"https:\/\/felizfamilycare.com\/es\/kristin-kelley-fnp-c\/","url":"https:\/\/felizfamilycare.com\/es\/kristin-kelley-fnp-c\/","name":"Kristin Kelley-FNP-C - Feliz Family Care","isPartOf":{"@id":"https:\/\/felizfamilycare.com\/es\/#website"},"primaryImageOfPage":{"@id":"https:\/\/felizfamilycare.com\/es\/kristin-kelley-fnp-c\/#primaryimage"},"image":{"@id":"https:\/\/felizfamilycare.com\/es\/kristin-kelley-fnp-c\/#primaryimage"},"thumbnailUrl":"https:\/\/felizfamilycare.com\/wp-content\/uploads\/2024\/07\/Kristin-Kelley-Camelback.png","datePublished":"2024-07-24T23:11:54+00:00","dateModified":"2024-07-25T19:02:01+00:00","description":"Graduada de la Universidad de Phoenix y orgullosa miembro de la Asociaci\u00f3n Americana de Enfermeras Practicantes. Su pasi\u00f3n radica en promover el bienestar y la salud de los dem\u00e1s, y realmente disfruta educando a los pacientes sobre formas de mejorar su salud y bienestar.","breadcrumb":{"@id":"https:\/\/felizfamilycare.com\/es\/kristin-kelley-fnp-c\/#breadcrumb"},"inLanguage":"es","potentialAction":[{"@type":"ReadAction","target":["https:\/\/felizfamilycare.com\/es\/kristin-kelley-fnp-c\/"]}]},{"@type":"ImageObject","inLanguage":"es","@id":"https:\/\/felizfamilycare.com\/es\/kristin-kelley-fnp-c\/#primaryimage","url":"https:\/\/felizfamilycare.com\/wp-content\/uploads\/2024\/07\/Kristin-Kelley-Camelback.png","contentUrl":"https:\/\/felizfamilycare.com\/wp-content\/uploads\/2024\/07\/Kristin-Kelley-Camelback.png","width":900,"height":1165,"caption":"Kristin Kelley - Camelback"},{"@type":"BreadcrumbList","@id":"https:\/\/felizfamilycare.com\/es\/kristin-kelley-fnp-c\/#breadcrumb","itemListElement":[{"@type":"ListItem","position":1,"name":"Home","item":"https:\/\/felizfamilycare.com\/es\/"},{"@type":"ListItem","position":2,"name":"Kristin Kelley-FNP-C"}]},{"@type":"WebSite","@id":"https:\/\/felizfamilycare.com\/es\/#website","url":"https:\/\/felizfamilycare.com\/es\/","name":"Feliz Family Care","description":"Providing quality care for your family","publisher":{"@id":"https:\/\/felizfamilycare.com\/es\/#organization"},"potentialAction":[{"@type":"SearchAction","target":{"@type":"EntryPoint","urlTemplate":"https:\/\/felizfamilycare.com\/es\/?s={search_term_string}"},"query-input":{"@type":"PropertyValueSpecification","valueRequired":true,"valueName":"search_term_string"}}],"inLanguage":"es"},{"@type":"Organization","@id":"https:\/\/felizfamilycare.com\/es\/#organization","name":"Feliz Family Care","url":"https:\/\/felizfamilycare.com\/es\/","logo":{"@type":"ImageObject","inLanguage":"es","@id":"https:\/\/felizfamilycare.com\/es\/#\/schema\/logo\/image\/","url":"https:\/\/felizfamilycare.com\/wp-content\/uploads\/2024\/08\/feliz-family-care-logo.webp","contentUrl":"https:\/\/felizfamilycare.com\/wp-content\/uploads\/2024\/08\/feliz-family-care-logo.webp","width":645,"height":145,"caption":"Feliz Family Care"},"image":{"@id":"https:\/\/felizfamilycare.com\/es\/#\/schema\/logo\/image\/"}}]}},"_links":{"self":[{"href":"https:\/\/felizfamilycare.com\/es\/wp-json\/wp\/v2\/pages\/744","targetHints":{"allow":["GET"]}}],"collection":[{"href":"https:\/\/felizfamilycare.com\/es\/wp-json\/wp\/v2\/pages"}],"about":[{"href":"https:\/\/felizfamilycare.com\/es\/wp-json\/wp\/v2\/types\/page"}],"author":[{"embeddable":true,"href":"https:\/\/felizfamilycare.com\/es\/wp-json\/wp\/v2\/users\/1"}],"replies":[{"embeddable":true,"href":"https:\/\/felizfamilycare.com\/es\/wp-json\/wp\/v2\/comments?post=744"}],"version-history":[{"count":0,"href":"https:\/\/felizfamilycare.com\/es\/wp-json\/wp\/v2\/pages\/744\/revisions"}],"wp:featuredmedia":[{"embeddable":true,"href":"https:\/\/felizfamilycare.com\/es\/wp-json\/wp\/v2\/media\/699"}],"wp:attachment":[{"href":"https:\/\/felizfamilycare.com\/es\/wp-json\/wp\/v2\/media?parent=744"}],"curies":[{"name":"wp","href":"https:\/\/api.w.org\/{rel}","templated":true}]}}