{"id":743,"date":"2024-07-24T16:35:10","date_gmt":"2024-07-24T23:35:10","guid":{"rendered":"https:\/\/felizfamilycare.com\/julieanne-gutierrez-msn-fnp-c\/"},"modified":"2024-07-25T11:57:12","modified_gmt":"2024-07-25T18:57:12","slug":"julieanne-gutierrez-msn-fnp-c","status":"publish","type":"page","link":"https:\/\/felizfamilycare.com\/es\/julieanne-gutierrez-msn-fnp-c\/","title":{"rendered":"Julieanne Gutierrez, MSN, FNP-C"},"content":{"rendered":"\t\t<div data-elementor-type=\"wp-page\" data-elementor-id=\"743\" class=\"elementor elementor-743\" data-elementor-post-type=\"page\">\n\t\t\t\t\t\t<section class=\"elementor-section elementor-top-section elementor-element elementor-element-3274ff17 elementor-section-height-min-height elementor-section-boxed elementor-section-height-default elementor-section-items-middle\" data-id=\"3274ff17\" data-element_type=\"section\" data-e-type=\"section\" data-settings=\"{&quot;background_background&quot;:&quot;classic&quot;}\">\n\t\t\t\t\t\t\t<div class=\"elementor-background-overlay\"><\/div>\n\t\t\t\t\t\t\t<div class=\"elementor-container elementor-column-gap-default\">\n\t\t\t\t\t<div class=\"elementor-column elementor-col-100 elementor-top-column elementor-element elementor-element-7b09e8bb\" data-id=\"7b09e8bb\" data-element_type=\"column\" data-e-type=\"column\">\n\t\t\t<div class=\"elementor-widget-wrap elementor-element-populated\">\n\t\t\t\t\t\t<div class=\"elementor-element elementor-element-63198418 elementor-widget__width-initial elementor-widget-mobile__width-inherit elementor-widget elementor-widget-heading\" data-id=\"63198418\" data-element_type=\"widget\" data-e-type=\"widget\" data-widget_type=\"heading.default\">\n\t\t\t\t\t<h3 class=\"elementor-heading-title elementor-size-default\">Julieanne Gutierrez<\/h3>\t\t\t\t<\/div>\n\t\t\t\t<div class=\"elementor-element elementor-element-7a2769aa elementor-widget-tablet__width-initial elementor-widget elementor-widget-heading\" data-id=\"7a2769aa\" data-element_type=\"widget\" data-e-type=\"widget\" data-widget_type=\"heading.default\">\n\t\t\t\t\t<h6 class=\"elementor-heading-title elementor-size-default\">MSN, FNP-C<\/h6>\t\t\t\t<\/div>\n\t\t\t\t\t<\/div>\n\t\t<\/div>\n\t\t\t\t\t<\/div>\n\t\t<\/section>\n\t\t\t\t<section class=\"elementor-section elementor-top-section elementor-element elementor-element-7bb394b7 elementor-section-boxed elementor-section-height-default elementor-section-height-default\" data-id=\"7bb394b7\" data-element_type=\"section\" data-e-type=\"section\">\n\t\t\t\t\t\t<div class=\"elementor-container elementor-column-gap-default\">\n\t\t\t\t\t<div class=\"elementor-column elementor-col-100 elementor-top-column elementor-element elementor-element-425dacc2\" data-id=\"425dacc2\" data-element_type=\"column\" data-e-type=\"column\">\n\t\t\t<div class=\"elementor-widget-wrap elementor-element-populated\">\n\t\t\t\t\t\t<section class=\"elementor-section elementor-inner-section elementor-element elementor-element-46ecac66 elementor-section-boxed elementor-section-height-default elementor-section-height-default\" data-id=\"46ecac66\" data-element_type=\"section\" data-e-type=\"section\">\n\t\t\t\t\t\t<div class=\"elementor-container elementor-column-gap-default\">\n\t\t\t\t\t<div class=\"elementor-column elementor-col-50 elementor-inner-column elementor-element elementor-element-12a3d55f\" data-id=\"12a3d55f\" data-element_type=\"column\" data-e-type=\"column\">\n\t\t\t<div class=\"elementor-widget-wrap elementor-element-populated\">\n\t\t\t\t\t\t\t<\/div>\n\t\t<\/div>\n\t\t\t\t<div class=\"elementor-column elementor-col-50 elementor-inner-column elementor-element elementor-element-216b36a9\" data-id=\"216b36a9\" data-element_type=\"column\" data-e-type=\"column\">\n\t\t\t<div class=\"elementor-widget-wrap elementor-element-populated\">\n\t\t\t\t\t\t<div class=\"elementor-element elementor-element-504e03c1 elementor-widget elementor-widget-heading\" data-id=\"504e03c1\" data-element_type=\"widget\" data-e-type=\"widget\" data-widget_type=\"heading.default\">\n\t\t\t\t\t<h3 class=\"elementor-heading-title elementor-size-default\">Julieanne Gutierrez<\/h3>\t\t\t\t<\/div>\n\t\t\t\t<div class=\"elementor-element elementor-element-7f83551d elementor-widget elementor-widget-heading\" data-id=\"7f83551d\" data-element_type=\"widget\" data-e-type=\"widget\" data-widget_type=\"heading.default\">\n\t\t\t\t\t<h6 class=\"elementor-heading-title elementor-size-default\">MSN, FNP-C<\/h6>\t\t\t\t<\/div>\n\t\t\t\t<div class=\"elementor-element elementor-element-7e95319d elementor-widget-divider--view-line elementor-widget elementor-widget-divider\" data-id=\"7e95319d\" data-element_type=\"widget\" data-e-type=\"widget\" data-widget_type=\"divider.default\">\n\t\t\t\t\t\t\t<div class=\"elementor-divider\">\n\t\t\t<span class=\"elementor-divider-separator\">\n\t\t\t\t\t\t<\/span>\n\t\t<\/div>\n\t\t\t\t\t\t<\/div>\n\t\t\t\t\t<\/div>\n\t\t<\/div>\n\t\t\t\t\t<\/div>\n\t\t<\/section>\n\t\t\t\t\t<\/div>\n\t\t<\/div>\n\t\t\t\t\t<\/div>\n\t\t<\/section>\n\t\t\t\t<section class=\"elementor-section elementor-top-section elementor-element elementor-element-227317fc elementor-section-boxed elementor-section-height-default elementor-section-height-default\" data-id=\"227317fc\" data-element_type=\"section\" data-e-type=\"section\">\n\t\t\t\t\t\t<div class=\"elementor-container elementor-column-gap-default\">\n\t\t\t\t\t<div class=\"elementor-column elementor-col-100 elementor-top-column elementor-element elementor-element-6d065d65\" data-id=\"6d065d65\" data-element_type=\"column\" data-e-type=\"column\">\n\t\t\t<div class=\"elementor-widget-wrap elementor-element-populated\">\n\t\t\t\t\t\t<section class=\"elementor-section elementor-inner-section elementor-element elementor-element-405168fe elementor-section-boxed elementor-section-height-default elementor-section-height-default\" data-id=\"405168fe\" data-element_type=\"section\" data-e-type=\"section\">\n\t\t\t\t\t\t<div class=\"elementor-container elementor-column-gap-default\">\n\t\t\t\t\t<div class=\"elementor-column elementor-col-50 elementor-inner-column elementor-element elementor-element-2ce80129\" data-id=\"2ce80129\" data-element_type=\"column\" data-e-type=\"column\">\n\t\t\t<div class=\"elementor-widget-wrap elementor-element-populated\">\n\t\t\t\t\t\t<div class=\"elementor-element elementor-element-3ed41fce elementor-widget elementor-widget-heading\" data-id=\"3ed41fce\" data-element_type=\"widget\" data-e-type=\"widget\" data-widget_type=\"heading.default\">\n\t\t\t\t\t<h3 class=\"elementor-heading-title elementor-size-default\">Descripci\u00f3n general<\/h3>\t\t\t\t<\/div>\n\t\t\t\t<div class=\"elementor-element elementor-element-265f5e95 elementor-widget__width-initial elementor-widget elementor-widget-heading\" data-id=\"265f5e95\" data-element_type=\"widget\" data-e-type=\"widget\" data-widget_type=\"heading.default\">\n\t\t\t\t\t<h6 class=\"elementor-heading-title elementor-size-default\">Julieanne Gutierrez es una dedicada Enfermera Familiar Certificada en Feliz Family Care con m\u00e1s de una d\u00e9cada de experiencia en el campo de la salud. Comenz\u00f3 su carrera como enfermera registrada, adquiriendo valiosa experiencia en trauma, ortopedia y trasplante de \u00f3rganos s\u00f3lidos. Julieanne tiene una Licenciatura en Ciencias de la Enfermer\u00eda de la Universidad del Gran Ca\u00f1\u00f3n y una Maestr\u00eda en Ciencias de la Enfermer\u00eda con especializaci\u00f3n en Pr\u00e1ctica de Enfermer\u00eda Familiar.<br><br> Julieanne est\u00e1 profundamente comprometida en ayudar a los pacientes a comprender la importancia de la salud preventiva y la gesti\u00f3n efectiva de enfermedades cr\u00f3nicas. Su pasi\u00f3n por la atenci\u00f3n m\u00e9dica se extiende a trabajar con pacientes de todas las edades, desde adultos hasta ni\u00f1os, asegurando que reciban la mejor atenci\u00f3n posible. <br><br> Como orgullosa miembro de la Asociaci\u00f3n Nacional de Enfermeras Hispanas (NAHN), Julieanne es una defensora de la comunidad hispana en el campo de la salud. Es biling\u00fce, compasiva y est\u00e1 dedicada a tener un impacto positivo en la vida de sus pacientes. <br><br> Fuera de sus responsabilidades profesionales, Julieanne disfruta pasar tiempo de calidad con su familia, viajar y estar al aire libre. Originaria de California, creci\u00f3 en Chihuahua, M\u00e9xico, y aporta una perspectiva cultural \u00fanica a su pr\u00e1ctica.<\/h6>\t\t\t\t<\/div>\n\t\t\t\t\t<\/div>\n\t\t<\/div>\n\t\t\t\t<div class=\"elementor-column elementor-col-50 elementor-inner-column elementor-element elementor-element-3fb56a61\" data-id=\"3fb56a61\" data-element_type=\"column\" data-e-type=\"column\">\n\t\t\t<div class=\"elementor-widget-wrap\">\n\t\t\t\t\t\t\t<\/div>\n\t\t<\/div>\n\t\t\t\t\t<\/div>\n\t\t<\/section>\n\t\t\t\t\t<\/div>\n\t\t<\/div>\n\t\t\t\t\t<\/div>\n\t\t<\/section>\n\t\t\t\t<\/div>\n\t\t","protected":false},"excerpt":{"rendered":"<p>Julieanne Gutierrez MSN, FNP-C Julieanne Gutierrez MSN, FNP-C Descripci\u00f3n general Julieanne Gutierrez es una dedicada Enfermera Familiar Certificada en Feliz Family Care con m\u00e1s de una d\u00e9cada de experiencia en el campo de la salud. Comenz\u00f3 su carrera como enfermera registrada, adquiriendo valiosa experiencia en trauma, ortopedia y trasplante de \u00f3rganos s\u00f3lidos. Julieanne tiene una [&hellip;]<\/p>\n","protected":false},"author":1,"featured_media":0,"parent":0,"menu_order":0,"comment_status":"closed","ping_status":"closed","template":"elementor_header_footer","meta":{"footnotes":""},"class_list":["post-743","page","type-page","status-publish","hentry"],"yoast_head":"<!-- This site is optimized with the Yoast SEO plugin v27.4 - https:\/\/yoast.com\/product\/yoast-seo-wordpress\/ -->\n<title>Julieanne Gutierrez, MSN, FNP-C - Feliz Family Care<\/title>\n<meta name=\"description\" content=\"Julieanne Gutierrez es una dedicada Enfermera Familiar Certificada en Feliz Family Care con m\u00e1s de una d\u00e9cada de experiencia en el campo de la salud. Comenz\u00f3 su carrera como enfermera registrada, adquiriendo valiosa experiencia en trauma, ortopedia y trasplante de \u00f3rganos s\u00f3lidos. Julieanne tiene una Licenciatura en Ciencias de la Enfermer\u00eda de la Universidad del Gran Ca\u00f1\u00f3n y una Maestr\u00eda en Ciencias de la Enfermer\u00eda con especializaci\u00f3n en Pr\u00e1ctica de Enfermer\u00eda Familiar.\" \/>\n<meta name=\"robots\" content=\"index, follow, max-snippet:-1, max-image-preview:large, max-video-preview:-1\" \/>\n<link rel=\"canonical\" href=\"https:\/\/felizfamilycare.com\/es\/julieanne-gutierrez-msn-fnp-c\/\" \/>\n<meta property=\"og:locale\" content=\"es_ES\" \/>\n<meta property=\"og:type\" content=\"article\" \/>\n<meta property=\"og:title\" content=\"Julieanne Gutierrez, MSN, FNP-C - Feliz Family Care\" \/>\n<meta property=\"og:description\" content=\"Julieanne Gutierrez es una dedicada Enfermera Familiar Certificada en Feliz Family Care con m\u00e1s de una d\u00e9cada de experiencia en el campo de la salud. Comenz\u00f3 su carrera como enfermera registrada, adquiriendo valiosa experiencia en trauma, ortopedia y trasplante de \u00f3rganos s\u00f3lidos. Julieanne tiene una Licenciatura en Ciencias de la Enfermer\u00eda de la Universidad del Gran Ca\u00f1\u00f3n y una Maestr\u00eda en Ciencias de la Enfermer\u00eda con especializaci\u00f3n en Pr\u00e1ctica de Enfermer\u00eda Familiar.\" \/>\n<meta property=\"og:url\" content=\"https:\/\/felizfamilycare.com\/es\/julieanne-gutierrez-msn-fnp-c\/\" \/>\n<meta property=\"og:site_name\" content=\"Feliz Family Care\" \/>\n<meta property=\"article:modified_time\" content=\"2024-07-25T18:57:12+00:00\" \/>\n<meta name=\"twitter:card\" content=\"summary_large_image\" \/>\n<meta name=\"twitter:label1\" content=\"Tiempo de lectura\" \/>\n\t<meta name=\"twitter:data1\" content=\"1 minuto\" \/>\n<script type=\"application\/ld+json\" class=\"yoast-schema-graph\">{\"@context\":\"https:\\\/\\\/schema.org\",\"@graph\":[{\"@type\":\"WebPage\",\"@id\":\"https:\\\/\\\/felizfamilycare.com\\\/es\\\/julieanne-gutierrez-msn-fnp-c\\\/\",\"url\":\"https:\\\/\\\/felizfamilycare.com\\\/es\\\/julieanne-gutierrez-msn-fnp-c\\\/\",\"name\":\"Julieanne Gutierrez, MSN, FNP-C - Feliz Family Care\",\"isPartOf\":{\"@id\":\"https:\\\/\\\/felizfamilycare.com\\\/es\\\/#website\"},\"datePublished\":\"2024-07-24T23:35:10+00:00\",\"dateModified\":\"2024-07-25T18:57:12+00:00\",\"description\":\"Julieanne Gutierrez es una dedicada Enfermera Familiar Certificada en Feliz Family Care con m\u00e1s de una d\u00e9cada de experiencia en el campo de la salud. Comenz\u00f3 su carrera como enfermera registrada, adquiriendo valiosa experiencia en trauma, ortopedia y trasplante de \u00f3rganos s\u00f3lidos. Julieanne tiene una Licenciatura en Ciencias de la Enfermer\u00eda de la Universidad del Gran Ca\u00f1\u00f3n y una Maestr\u00eda en Ciencias de la Enfermer\u00eda con especializaci\u00f3n en Pr\u00e1ctica de Enfermer\u00eda Familiar.\",\"breadcrumb\":{\"@id\":\"https:\\\/\\\/felizfamilycare.com\\\/es\\\/julieanne-gutierrez-msn-fnp-c\\\/#breadcrumb\"},\"inLanguage\":\"es\",\"potentialAction\":[{\"@type\":\"ReadAction\",\"target\":[\"https:\\\/\\\/felizfamilycare.com\\\/es\\\/julieanne-gutierrez-msn-fnp-c\\\/\"]}]},{\"@type\":\"BreadcrumbList\",\"@id\":\"https:\\\/\\\/felizfamilycare.com\\\/es\\\/julieanne-gutierrez-msn-fnp-c\\\/#breadcrumb\",\"itemListElement\":[{\"@type\":\"ListItem\",\"position\":1,\"name\":\"Home\",\"item\":\"https:\\\/\\\/felizfamilycare.com\\\/es\\\/\"},{\"@type\":\"ListItem\",\"position\":2,\"name\":\"Julieanne Gutierrez, MSN, FNP-C\"}]},{\"@type\":\"WebSite\",\"@id\":\"https:\\\/\\\/felizfamilycare.com\\\/es\\\/#website\",\"url\":\"https:\\\/\\\/felizfamilycare.com\\\/es\\\/\",\"name\":\"Feliz Family Care\",\"description\":\"Providing quality care for your family\",\"publisher\":{\"@id\":\"https:\\\/\\\/felizfamilycare.com\\\/es\\\/#organization\"},\"potentialAction\":[{\"@type\":\"SearchAction\",\"target\":{\"@type\":\"EntryPoint\",\"urlTemplate\":\"https:\\\/\\\/felizfamilycare.com\\\/es\\\/?s={search_term_string}\"},\"query-input\":{\"@type\":\"PropertyValueSpecification\",\"valueRequired\":true,\"valueName\":\"search_term_string\"}}],\"inLanguage\":\"es\"},{\"@type\":\"Organization\",\"@id\":\"https:\\\/\\\/felizfamilycare.com\\\/es\\\/#organization\",\"name\":\"Feliz Family Care\",\"url\":\"https:\\\/\\\/felizfamilycare.com\\\/es\\\/\",\"logo\":{\"@type\":\"ImageObject\",\"inLanguage\":\"es\",\"@id\":\"https:\\\/\\\/felizfamilycare.com\\\/es\\\/#\\\/schema\\\/logo\\\/image\\\/\",\"url\":\"https:\\\/\\\/felizfamilycare.com\\\/wp-content\\\/uploads\\\/2024\\\/08\\\/feliz-family-care-logo.webp\",\"contentUrl\":\"https:\\\/\\\/felizfamilycare.com\\\/wp-content\\\/uploads\\\/2024\\\/08\\\/feliz-family-care-logo.webp\",\"width\":645,\"height\":145,\"caption\":\"Feliz Family Care\"},\"image\":{\"@id\":\"https:\\\/\\\/felizfamilycare.com\\\/es\\\/#\\\/schema\\\/logo\\\/image\\\/\"}}]}<\/script>\n<!-- \/ Yoast SEO plugin. -->","yoast_head_json":{"title":"Julieanne Gutierrez, MSN, FNP-C - Feliz Family Care","description":"Julieanne Gutierrez es una dedicada Enfermera Familiar Certificada en Feliz Family Care con m\u00e1s de una d\u00e9cada de experiencia en el campo de la salud. Comenz\u00f3 su carrera como enfermera registrada, adquiriendo valiosa experiencia en trauma, ortopedia y trasplante de \u00f3rganos s\u00f3lidos. Julieanne tiene una Licenciatura en Ciencias de la Enfermer\u00eda de la Universidad del Gran Ca\u00f1\u00f3n y una Maestr\u00eda en Ciencias de la Enfermer\u00eda con especializaci\u00f3n en Pr\u00e1ctica de Enfermer\u00eda Familiar.","robots":{"index":"index","follow":"follow","max-snippet":"max-snippet:-1","max-image-preview":"max-image-preview:large","max-video-preview":"max-video-preview:-1"},"canonical":"https:\/\/felizfamilycare.com\/es\/julieanne-gutierrez-msn-fnp-c\/","og_locale":"es_ES","og_type":"article","og_title":"Julieanne Gutierrez, MSN, FNP-C - Feliz Family Care","og_description":"Julieanne Gutierrez es una dedicada Enfermera Familiar Certificada en Feliz Family Care con m\u00e1s de una d\u00e9cada de experiencia en el campo de la salud. Comenz\u00f3 su carrera como enfermera registrada, adquiriendo valiosa experiencia en trauma, ortopedia y trasplante de \u00f3rganos s\u00f3lidos. Julieanne tiene una Licenciatura en Ciencias de la Enfermer\u00eda de la Universidad del Gran Ca\u00f1\u00f3n y una Maestr\u00eda en Ciencias de la Enfermer\u00eda con especializaci\u00f3n en Pr\u00e1ctica de Enfermer\u00eda Familiar.","og_url":"https:\/\/felizfamilycare.com\/es\/julieanne-gutierrez-msn-fnp-c\/","og_site_name":"Feliz Family Care","article_modified_time":"2024-07-25T18:57:12+00:00","twitter_card":"summary_large_image","twitter_misc":{"Tiempo de lectura":"1 minuto"},"schema":{"@context":"https:\/\/schema.org","@graph":[{"@type":"WebPage","@id":"https:\/\/felizfamilycare.com\/es\/julieanne-gutierrez-msn-fnp-c\/","url":"https:\/\/felizfamilycare.com\/es\/julieanne-gutierrez-msn-fnp-c\/","name":"Julieanne Gutierrez, MSN, FNP-C - Feliz Family Care","isPartOf":{"@id":"https:\/\/felizfamilycare.com\/es\/#website"},"datePublished":"2024-07-24T23:35:10+00:00","dateModified":"2024-07-25T18:57:12+00:00","description":"Julieanne Gutierrez es una dedicada Enfermera Familiar Certificada en Feliz Family Care con m\u00e1s de una d\u00e9cada de experiencia en el campo de la salud. Comenz\u00f3 su carrera como enfermera registrada, adquiriendo valiosa experiencia en trauma, ortopedia y trasplante de \u00f3rganos s\u00f3lidos. Julieanne tiene una Licenciatura en Ciencias de la Enfermer\u00eda de la Universidad del Gran Ca\u00f1\u00f3n y una Maestr\u00eda en Ciencias de la Enfermer\u00eda con especializaci\u00f3n en Pr\u00e1ctica de Enfermer\u00eda Familiar.","breadcrumb":{"@id":"https:\/\/felizfamilycare.com\/es\/julieanne-gutierrez-msn-fnp-c\/#breadcrumb"},"inLanguage":"es","potentialAction":[{"@type":"ReadAction","target":["https:\/\/felizfamilycare.com\/es\/julieanne-gutierrez-msn-fnp-c\/"]}]},{"@type":"BreadcrumbList","@id":"https:\/\/felizfamilycare.com\/es\/julieanne-gutierrez-msn-fnp-c\/#breadcrumb","itemListElement":[{"@type":"ListItem","position":1,"name":"Home","item":"https:\/\/felizfamilycare.com\/es\/"},{"@type":"ListItem","position":2,"name":"Julieanne Gutierrez, MSN, FNP-C"}]},{"@type":"WebSite","@id":"https:\/\/felizfamilycare.com\/es\/#website","url":"https:\/\/felizfamilycare.com\/es\/","name":"Feliz Family Care","description":"Providing quality care for your family","publisher":{"@id":"https:\/\/felizfamilycare.com\/es\/#organization"},"potentialAction":[{"@type":"SearchAction","target":{"@type":"EntryPoint","urlTemplate":"https:\/\/felizfamilycare.com\/es\/?s={search_term_string}"},"query-input":{"@type":"PropertyValueSpecification","valueRequired":true,"valueName":"search_term_string"}}],"inLanguage":"es"},{"@type":"Organization","@id":"https:\/\/felizfamilycare.com\/es\/#organization","name":"Feliz Family Care","url":"https:\/\/felizfamilycare.com\/es\/","logo":{"@type":"ImageObject","inLanguage":"es","@id":"https:\/\/felizfamilycare.com\/es\/#\/schema\/logo\/image\/","url":"https:\/\/felizfamilycare.com\/wp-content\/uploads\/2024\/08\/feliz-family-care-logo.webp","contentUrl":"https:\/\/felizfamilycare.com\/wp-content\/uploads\/2024\/08\/feliz-family-care-logo.webp","width":645,"height":145,"caption":"Feliz Family Care"},"image":{"@id":"https:\/\/felizfamilycare.com\/es\/#\/schema\/logo\/image\/"}}]}},"_links":{"self":[{"href":"https:\/\/felizfamilycare.com\/es\/wp-json\/wp\/v2\/pages\/743","targetHints":{"allow":["GET"]}}],"collection":[{"href":"https:\/\/felizfamilycare.com\/es\/wp-json\/wp\/v2\/pages"}],"about":[{"href":"https:\/\/felizfamilycare.com\/es\/wp-json\/wp\/v2\/types\/page"}],"author":[{"embeddable":true,"href":"https:\/\/felizfamilycare.com\/es\/wp-json\/wp\/v2\/users\/1"}],"replies":[{"embeddable":true,"href":"https:\/\/felizfamilycare.com\/es\/wp-json\/wp\/v2\/comments?post=743"}],"version-history":[{"count":0,"href":"https:\/\/felizfamilycare.com\/es\/wp-json\/wp\/v2\/pages\/743\/revisions"}],"wp:attachment":[{"href":"https:\/\/felizfamilycare.com\/es\/wp-json\/wp\/v2\/media?parent=743"}],"curies":[{"name":"wp","href":"https:\/\/api.w.org\/{rel}","templated":true}]}}