{"id":742,"date":"2024-07-24T16:30:34","date_gmt":"2024-07-24T23:30:34","guid":{"rendered":"https:\/\/felizfamilycare.com\/georgina-hines\/"},"modified":"2024-07-25T11:53:00","modified_gmt":"2024-07-25T18:53:00","slug":"georgina-hines","status":"publish","type":"page","link":"https:\/\/felizfamilycare.com\/es\/georgina-hines\/","title":{"rendered":"Georgina Hines"},"content":{"rendered":"\t\t<div data-elementor-type=\"wp-page\" data-elementor-id=\"742\" class=\"elementor elementor-742\" data-elementor-post-type=\"page\">\n\t\t\t\t\t\t<section class=\"elementor-section elementor-top-section elementor-element elementor-element-6802f2d6 elementor-section-height-min-height elementor-section-boxed elementor-section-height-default elementor-section-items-middle\" data-id=\"6802f2d6\" data-element_type=\"section\" data-e-type=\"section\" data-settings=\"{&quot;background_background&quot;:&quot;classic&quot;}\">\n\t\t\t\t\t\t\t<div class=\"elementor-background-overlay\"><\/div>\n\t\t\t\t\t\t\t<div class=\"elementor-container elementor-column-gap-default\">\n\t\t\t\t\t<div class=\"elementor-column elementor-col-100 elementor-top-column elementor-element elementor-element-21ca2adf\" data-id=\"21ca2adf\" data-element_type=\"column\" data-e-type=\"column\">\n\t\t\t<div class=\"elementor-widget-wrap elementor-element-populated\">\n\t\t\t\t\t\t<div class=\"elementor-element elementor-element-537e2b08 elementor-widget__width-initial elementor-widget-mobile__width-inherit elementor-widget elementor-widget-heading\" data-id=\"537e2b08\" data-element_type=\"widget\" data-e-type=\"widget\" data-widget_type=\"heading.default\">\n\t\t\t\t\t<h3 class=\"elementor-heading-title elementor-size-default\">Georgina Hines<\/h3>\t\t\t\t<\/div>\n\t\t\t\t<div class=\"elementor-element elementor-element-1039b828 elementor-widget-tablet__width-initial elementor-widget elementor-widget-heading\" data-id=\"1039b828\" data-element_type=\"widget\" data-e-type=\"widget\" data-widget_type=\"heading.default\">\n\t\t\t\t\t<h6 class=\"elementor-heading-title elementor-size-default\">Director m\u00e9dico<\/h6>\t\t\t\t<\/div>\n\t\t\t\t\t<\/div>\n\t\t<\/div>\n\t\t\t\t\t<\/div>\n\t\t<\/section>\n\t\t\t\t<section class=\"elementor-section elementor-top-section elementor-element elementor-element-afd45cb elementor-section-boxed elementor-section-height-default elementor-section-height-default\" data-id=\"afd45cb\" data-element_type=\"section\" data-e-type=\"section\">\n\t\t\t\t\t\t<div class=\"elementor-container elementor-column-gap-default\">\n\t\t\t\t\t<div class=\"elementor-column elementor-col-100 elementor-top-column elementor-element elementor-element-196bab7b\" data-id=\"196bab7b\" data-element_type=\"column\" data-e-type=\"column\">\n\t\t\t<div class=\"elementor-widget-wrap elementor-element-populated\">\n\t\t\t\t\t\t<section class=\"elementor-section elementor-inner-section elementor-element elementor-element-6adfafdf elementor-section-boxed elementor-section-height-default elementor-section-height-default\" data-id=\"6adfafdf\" data-element_type=\"section\" data-e-type=\"section\">\n\t\t\t\t\t\t<div class=\"elementor-container elementor-column-gap-default\">\n\t\t\t\t\t<div class=\"elementor-column elementor-col-50 elementor-inner-column elementor-element elementor-element-27d64314\" data-id=\"27d64314\" data-element_type=\"column\" data-e-type=\"column\">\n\t\t\t<div class=\"elementor-widget-wrap elementor-element-populated\">\n\t\t\t\t\t\t<div class=\"elementor-element elementor-element-80c225c elementor-widget elementor-widget-image\" data-id=\"80c225c\" data-element_type=\"widget\" data-e-type=\"widget\" data-widget_type=\"image.default\">\n\t\t\t\t\t\t\t\t\t\t\t\t\t\t\t<img fetchpriority=\"high\" decoding=\"async\" width=\"800\" height=\"800\" src=\"https:\/\/felizfamilycare.com\/wp-content\/uploads\/2024\/07\/FFC_-Georgina-Hines-Main-_2_.jpeg\" class=\"attachment-large size-large wp-image-736\" alt=\"FFC_-Georgina-Hines-Main-_2_\" srcset=\"https:\/\/felizfamilycare.com\/wp-content\/uploads\/2024\/07\/FFC_-Georgina-Hines-Main-_2_.jpeg 900w, https:\/\/felizfamilycare.com\/wp-content\/uploads\/2024\/07\/FFC_-Georgina-Hines-Main-_2_-300x300.jpeg 300w, https:\/\/felizfamilycare.com\/wp-content\/uploads\/2024\/07\/FFC_-Georgina-Hines-Main-_2_-150x150.jpeg 150w, https:\/\/felizfamilycare.com\/wp-content\/uploads\/2024\/07\/FFC_-Georgina-Hines-Main-_2_-768x768.jpeg 768w\" sizes=\"(max-width: 800px) 100vw, 800px\" \/>\t\t\t\t\t\t\t\t\t\t\t\t\t\t\t<\/div>\n\t\t\t\t\t<\/div>\n\t\t<\/div>\n\t\t\t\t<div class=\"elementor-column elementor-col-50 elementor-inner-column elementor-element elementor-element-4175a49c\" data-id=\"4175a49c\" data-element_type=\"column\" data-e-type=\"column\">\n\t\t\t<div class=\"elementor-widget-wrap elementor-element-populated\">\n\t\t\t\t\t\t<div class=\"elementor-element elementor-element-42db6e8f elementor-widget elementor-widget-heading\" data-id=\"42db6e8f\" data-element_type=\"widget\" data-e-type=\"widget\" data-widget_type=\"heading.default\">\n\t\t\t\t\t<h3 class=\"elementor-heading-title elementor-size-default\">Georgina Hines<\/h3>\t\t\t\t<\/div>\n\t\t\t\t<div class=\"elementor-element elementor-element-3c2b1e47 elementor-widget elementor-widget-heading\" data-id=\"3c2b1e47\" data-element_type=\"widget\" data-e-type=\"widget\" data-widget_type=\"heading.default\">\n\t\t\t\t\t<h6 class=\"elementor-heading-title elementor-size-default\">Director m\u00e9dico<\/h6>\t\t\t\t<\/div>\n\t\t\t\t<div class=\"elementor-element elementor-element-32efebf4 elementor-widget-divider--view-line elementor-widget elementor-widget-divider\" data-id=\"32efebf4\" data-element_type=\"widget\" data-e-type=\"widget\" data-widget_type=\"divider.default\">\n\t\t\t\t\t\t\t<div class=\"elementor-divider\">\n\t\t\t<span class=\"elementor-divider-separator\">\n\t\t\t\t\t\t<\/span>\n\t\t<\/div>\n\t\t\t\t\t\t<\/div>\n\t\t\t\t\t<\/div>\n\t\t<\/div>\n\t\t\t\t\t<\/div>\n\t\t<\/section>\n\t\t\t\t\t<\/div>\n\t\t<\/div>\n\t\t\t\t\t<\/div>\n\t\t<\/section>\n\t\t\t\t<section class=\"elementor-section elementor-top-section elementor-element elementor-element-69630e44 elementor-section-boxed elementor-section-height-default elementor-section-height-default\" data-id=\"69630e44\" data-element_type=\"section\" data-e-type=\"section\">\n\t\t\t\t\t\t<div class=\"elementor-container elementor-column-gap-default\">\n\t\t\t\t\t<div class=\"elementor-column elementor-col-100 elementor-top-column elementor-element elementor-element-5f3f5c59\" data-id=\"5f3f5c59\" data-element_type=\"column\" data-e-type=\"column\">\n\t\t\t<div class=\"elementor-widget-wrap elementor-element-populated\">\n\t\t\t\t\t\t<section class=\"elementor-section elementor-inner-section elementor-element elementor-element-4607fe35 elementor-section-boxed elementor-section-height-default elementor-section-height-default\" data-id=\"4607fe35\" data-element_type=\"section\" data-e-type=\"section\">\n\t\t\t\t\t\t<div class=\"elementor-container elementor-column-gap-default\">\n\t\t\t\t\t<div class=\"elementor-column elementor-col-50 elementor-inner-column elementor-element elementor-element-25fd97f8\" data-id=\"25fd97f8\" data-element_type=\"column\" data-e-type=\"column\">\n\t\t\t<div class=\"elementor-widget-wrap elementor-element-populated\">\n\t\t\t\t\t\t<div class=\"elementor-element elementor-element-62b23a1 elementor-widget elementor-widget-heading\" data-id=\"62b23a1\" data-element_type=\"widget\" data-e-type=\"widget\" data-widget_type=\"heading.default\">\n\t\t\t\t\t<h3 class=\"elementor-heading-title elementor-size-default\">Descripci\u00f3n general<\/h3>\t\t\t\t<\/div>\n\t\t\t\t<div class=\"elementor-element elementor-element-6509a689 elementor-widget__width-initial elementor-widget elementor-widget-heading\" data-id=\"6509a689\" data-element_type=\"widget\" data-e-type=\"widget\" data-widget_type=\"heading.default\">\n\t\t\t\t\t<h6 class=\"elementor-heading-title elementor-size-default\">Conozcan a Georgina Hines, conocida como \"Gigi,\" una orgullosa latina y miembro de la AANP de Anaheim, California, con una pasi\u00f3n por la salud y ayudar a los dem\u00e1s. Se gradu\u00f3 de la Universidad de Phoenix y es descrita como una gran oyente que se preocupa profundamente por los sue\u00f1os de las personas y encuentra maneras personalizadas de ayudarlas a alcanzar sus objetivos. \u00a1Georgina es conocida por su compasi\u00f3n y amor por la diversi\u00f3n!<br><br> La familia es lo primero para Georgina, quien est\u00e1 felizmente casada y es madre de tres hijos: Mila (4), Sof\u00eda (3) y Olivia (18 meses). Junto a sus hijos, comparte su hogar con tres perros: Dante, Coco y Nacho. Al crecer, Georgina so\u00f1aba con convertirse en veterinaria y es una orgullosa seguidora del baloncesto, animando a los SUNS. Curiosamente, tiene miedo a volar.<br><br> Georgina participa activamente como voluntaria para combatir el hambre y el abuso, apoyando a organizaciones como Feed My Starving Children. Tambi\u00e9n dedica su tiempo a viajes misioneros a Rocky Point, donde habla con mujeres en refugios y ofrece oraciones de apoyo 1-2 veces al a\u00f1o.<br><br> Una persona inspiradora con un coraz\u00f3n para el servicio y un compromiso para marcar la diferencia en la vida de los dem\u00e1s, Georgina Hines es un verdadero activo para su comunidad.<\/h6>\t\t\t\t<\/div>\n\t\t\t\t\t<\/div>\n\t\t<\/div>\n\t\t\t\t<div class=\"elementor-column elementor-col-50 elementor-inner-column elementor-element elementor-element-ce1254c\" data-id=\"ce1254c\" data-element_type=\"column\" data-e-type=\"column\">\n\t\t\t<div class=\"elementor-widget-wrap\">\n\t\t\t\t\t\t\t<\/div>\n\t\t<\/div>\n\t\t\t\t\t<\/div>\n\t\t<\/section>\n\t\t\t\t\t<\/div>\n\t\t<\/div>\n\t\t\t\t\t<\/div>\n\t\t<\/section>\n\t\t\t\t<\/div>\n\t\t","protected":false},"excerpt":{"rendered":"<p>Georgina Hines Director m\u00e9dico Georgina Hines Director m\u00e9dico Descripci\u00f3n general Conozcan a Georgina Hines, conocida como \u00abGigi,\u00bb una orgullosa latina y miembro de la AANP de Anaheim, California, con una pasi\u00f3n por la salud y ayudar a los dem\u00e1s. Se gradu\u00f3 de la Universidad de Phoenix y es descrita como una gran oyente que se [&hellip;]<\/p>\n","protected":false},"author":1,"featured_media":592,"parent":0,"menu_order":0,"comment_status":"closed","ping_status":"closed","template":"elementor_header_footer","meta":{"footnotes":""},"class_list":["post-742","page","type-page","status-publish","has-post-thumbnail","hentry"],"yoast_head":"<!-- This site is optimized with the Yoast SEO plugin v27.4 - https:\/\/yoast.com\/product\/yoast-seo-wordpress\/ -->\n<title>Georgina Hines - Feliz Family Care<\/title>\n<meta name=\"description\" content=\"Conozcan a Georgina Hines, conocida como &quot;Gigi,&quot; una orgullosa latina y miembro de la AANP de Anaheim, California, con una pasi\u00f3n por la salud y ayudar a los dem\u00e1s. Se gradu\u00f3 de la Universidad de Phoenix y es descrita como una gran oyente que se preocupa profundamente por los sue\u00f1os de las personas y encuentra maneras personalizadas de ayudarlas a alcanzar sus objetivos. \u00a1Georgina es conocida por su compasi\u00f3n y amor por la diversi\u00f3n!\" \/>\n<meta name=\"robots\" content=\"index, follow, max-snippet:-1, max-image-preview:large, max-video-preview:-1\" \/>\n<link rel=\"canonical\" href=\"https:\/\/felizfamilycare.com\/es\/georgina-hines\/\" \/>\n<meta property=\"og:locale\" content=\"es_ES\" \/>\n<meta property=\"og:type\" content=\"article\" \/>\n<meta property=\"og:title\" content=\"Georgina Hines - Feliz Family Care\" \/>\n<meta property=\"og:description\" content=\"Conozcan a Georgina Hines, conocida como &quot;Gigi,&quot; una orgullosa latina y miembro de la AANP de Anaheim, California, con una pasi\u00f3n por la salud y ayudar a los dem\u00e1s. Se gradu\u00f3 de la Universidad de Phoenix y es descrita como una gran oyente que se preocupa profundamente por los sue\u00f1os de las personas y encuentra maneras personalizadas de ayudarlas a alcanzar sus objetivos. \u00a1Georgina es conocida por su compasi\u00f3n y amor por la diversi\u00f3n!\" \/>\n<meta property=\"og:url\" content=\"https:\/\/felizfamilycare.com\/es\/georgina-hines\/\" \/>\n<meta property=\"og:site_name\" content=\"Feliz Family Care\" \/>\n<meta property=\"article:modified_time\" content=\"2024-07-25T18:53:00+00:00\" \/>\n<meta property=\"og:image\" content=\"https:\/\/felizfamilycare.com\/wp-content\/uploads\/2024\/06\/Georgina-Hines-FNP-C.jpg\" \/>\n\t<meta property=\"og:image:width\" content=\"900\" \/>\n\t<meta property=\"og:image:height\" content=\"983\" \/>\n\t<meta property=\"og:image:type\" content=\"image\/jpeg\" \/>\n<meta name=\"twitter:card\" content=\"summary_large_image\" \/>\n<meta name=\"twitter:label1\" content=\"Tiempo de lectura\" \/>\n\t<meta name=\"twitter:data1\" content=\"1 minuto\" \/>\n<script type=\"application\/ld+json\" class=\"yoast-schema-graph\">{\"@context\":\"https:\\\/\\\/schema.org\",\"@graph\":[{\"@type\":\"WebPage\",\"@id\":\"https:\\\/\\\/felizfamilycare.com\\\/es\\\/georgina-hines\\\/\",\"url\":\"https:\\\/\\\/felizfamilycare.com\\\/es\\\/georgina-hines\\\/\",\"name\":\"Georgina Hines - Feliz Family Care\",\"isPartOf\":{\"@id\":\"https:\\\/\\\/felizfamilycare.com\\\/es\\\/#website\"},\"primaryImageOfPage\":{\"@id\":\"https:\\\/\\\/felizfamilycare.com\\\/es\\\/georgina-hines\\\/#primaryimage\"},\"image\":{\"@id\":\"https:\\\/\\\/felizfamilycare.com\\\/es\\\/georgina-hines\\\/#primaryimage\"},\"thumbnailUrl\":\"https:\\\/\\\/felizfamilycare.com\\\/wp-content\\\/uploads\\\/2024\\\/06\\\/Georgina-Hines-FNP-C.jpg\",\"datePublished\":\"2024-07-24T23:30:34+00:00\",\"dateModified\":\"2024-07-25T18:53:00+00:00\",\"description\":\"Conozcan a Georgina Hines, conocida como \\\"Gigi,\\\" una orgullosa latina y miembro de la AANP de Anaheim, California, con una pasi\u00f3n por la salud y ayudar a los dem\u00e1s. Se gradu\u00f3 de la Universidad de Phoenix y es descrita como una gran oyente que se preocupa profundamente por los sue\u00f1os de las personas y encuentra maneras personalizadas de ayudarlas a alcanzar sus objetivos. \u00a1Georgina es conocida por su compasi\u00f3n y amor por la diversi\u00f3n!\",\"breadcrumb\":{\"@id\":\"https:\\\/\\\/felizfamilycare.com\\\/es\\\/georgina-hines\\\/#breadcrumb\"},\"inLanguage\":\"es\",\"potentialAction\":[{\"@type\":\"ReadAction\",\"target\":[\"https:\\\/\\\/felizfamilycare.com\\\/es\\\/georgina-hines\\\/\"]}]},{\"@type\":\"ImageObject\",\"inLanguage\":\"es\",\"@id\":\"https:\\\/\\\/felizfamilycare.com\\\/es\\\/georgina-hines\\\/#primaryimage\",\"url\":\"https:\\\/\\\/felizfamilycare.com\\\/wp-content\\\/uploads\\\/2024\\\/06\\\/Georgina-Hines-FNP-C.jpg\",\"contentUrl\":\"https:\\\/\\\/felizfamilycare.com\\\/wp-content\\\/uploads\\\/2024\\\/06\\\/Georgina-Hines-FNP-C.jpg\",\"width\":900,\"height\":983,\"caption\":\"Georgina Hines, FNP-C\"},{\"@type\":\"BreadcrumbList\",\"@id\":\"https:\\\/\\\/felizfamilycare.com\\\/es\\\/georgina-hines\\\/#breadcrumb\",\"itemListElement\":[{\"@type\":\"ListItem\",\"position\":1,\"name\":\"Home\",\"item\":\"https:\\\/\\\/felizfamilycare.com\\\/es\\\/\"},{\"@type\":\"ListItem\",\"position\":2,\"name\":\"Georgina Hines\"}]},{\"@type\":\"WebSite\",\"@id\":\"https:\\\/\\\/felizfamilycare.com\\\/es\\\/#website\",\"url\":\"https:\\\/\\\/felizfamilycare.com\\\/es\\\/\",\"name\":\"Feliz Family Care\",\"description\":\"Providing quality care for your family\",\"publisher\":{\"@id\":\"https:\\\/\\\/felizfamilycare.com\\\/es\\\/#organization\"},\"potentialAction\":[{\"@type\":\"SearchAction\",\"target\":{\"@type\":\"EntryPoint\",\"urlTemplate\":\"https:\\\/\\\/felizfamilycare.com\\\/es\\\/?s={search_term_string}\"},\"query-input\":{\"@type\":\"PropertyValueSpecification\",\"valueRequired\":true,\"valueName\":\"search_term_string\"}}],\"inLanguage\":\"es\"},{\"@type\":\"Organization\",\"@id\":\"https:\\\/\\\/felizfamilycare.com\\\/es\\\/#organization\",\"name\":\"Feliz Family Care\",\"url\":\"https:\\\/\\\/felizfamilycare.com\\\/es\\\/\",\"logo\":{\"@type\":\"ImageObject\",\"inLanguage\":\"es\",\"@id\":\"https:\\\/\\\/felizfamilycare.com\\\/es\\\/#\\\/schema\\\/logo\\\/image\\\/\",\"url\":\"https:\\\/\\\/felizfamilycare.com\\\/wp-content\\\/uploads\\\/2024\\\/08\\\/feliz-family-care-logo.webp\",\"contentUrl\":\"https:\\\/\\\/felizfamilycare.com\\\/wp-content\\\/uploads\\\/2024\\\/08\\\/feliz-family-care-logo.webp\",\"width\":645,\"height\":145,\"caption\":\"Feliz Family Care\"},\"image\":{\"@id\":\"https:\\\/\\\/felizfamilycare.com\\\/es\\\/#\\\/schema\\\/logo\\\/image\\\/\"}}]}<\/script>\n<!-- \/ Yoast SEO plugin. -->","yoast_head_json":{"title":"Georgina Hines - Feliz Family Care","description":"Conozcan a Georgina Hines, conocida como \"Gigi,\" una orgullosa latina y miembro de la AANP de Anaheim, California, con una pasi\u00f3n por la salud y ayudar a los dem\u00e1s. Se gradu\u00f3 de la Universidad de Phoenix y es descrita como una gran oyente que se preocupa profundamente por los sue\u00f1os de las personas y encuentra maneras personalizadas de ayudarlas a alcanzar sus objetivos. \u00a1Georgina es conocida por su compasi\u00f3n y amor por la diversi\u00f3n!","robots":{"index":"index","follow":"follow","max-snippet":"max-snippet:-1","max-image-preview":"max-image-preview:large","max-video-preview":"max-video-preview:-1"},"canonical":"https:\/\/felizfamilycare.com\/es\/georgina-hines\/","og_locale":"es_ES","og_type":"article","og_title":"Georgina Hines - Feliz Family Care","og_description":"Conozcan a Georgina Hines, conocida como \"Gigi,\" una orgullosa latina y miembro de la AANP de Anaheim, California, con una pasi\u00f3n por la salud y ayudar a los dem\u00e1s. Se gradu\u00f3 de la Universidad de Phoenix y es descrita como una gran oyente que se preocupa profundamente por los sue\u00f1os de las personas y encuentra maneras personalizadas de ayudarlas a alcanzar sus objetivos. \u00a1Georgina es conocida por su compasi\u00f3n y amor por la diversi\u00f3n!","og_url":"https:\/\/felizfamilycare.com\/es\/georgina-hines\/","og_site_name":"Feliz Family Care","article_modified_time":"2024-07-25T18:53:00+00:00","og_image":[{"width":900,"height":983,"url":"https:\/\/felizfamilycare.com\/wp-content\/uploads\/2024\/06\/Georgina-Hines-FNP-C.jpg","type":"image\/jpeg"}],"twitter_card":"summary_large_image","twitter_misc":{"Tiempo de lectura":"1 minuto"},"schema":{"@context":"https:\/\/schema.org","@graph":[{"@type":"WebPage","@id":"https:\/\/felizfamilycare.com\/es\/georgina-hines\/","url":"https:\/\/felizfamilycare.com\/es\/georgina-hines\/","name":"Georgina Hines - Feliz Family Care","isPartOf":{"@id":"https:\/\/felizfamilycare.com\/es\/#website"},"primaryImageOfPage":{"@id":"https:\/\/felizfamilycare.com\/es\/georgina-hines\/#primaryimage"},"image":{"@id":"https:\/\/felizfamilycare.com\/es\/georgina-hines\/#primaryimage"},"thumbnailUrl":"https:\/\/felizfamilycare.com\/wp-content\/uploads\/2024\/06\/Georgina-Hines-FNP-C.jpg","datePublished":"2024-07-24T23:30:34+00:00","dateModified":"2024-07-25T18:53:00+00:00","description":"Conozcan a Georgina Hines, conocida como \"Gigi,\" una orgullosa latina y miembro de la AANP de Anaheim, California, con una pasi\u00f3n por la salud y ayudar a los dem\u00e1s. Se gradu\u00f3 de la Universidad de Phoenix y es descrita como una gran oyente que se preocupa profundamente por los sue\u00f1os de las personas y encuentra maneras personalizadas de ayudarlas a alcanzar sus objetivos. \u00a1Georgina es conocida por su compasi\u00f3n y amor por la diversi\u00f3n!","breadcrumb":{"@id":"https:\/\/felizfamilycare.com\/es\/georgina-hines\/#breadcrumb"},"inLanguage":"es","potentialAction":[{"@type":"ReadAction","target":["https:\/\/felizfamilycare.com\/es\/georgina-hines\/"]}]},{"@type":"ImageObject","inLanguage":"es","@id":"https:\/\/felizfamilycare.com\/es\/georgina-hines\/#primaryimage","url":"https:\/\/felizfamilycare.com\/wp-content\/uploads\/2024\/06\/Georgina-Hines-FNP-C.jpg","contentUrl":"https:\/\/felizfamilycare.com\/wp-content\/uploads\/2024\/06\/Georgina-Hines-FNP-C.jpg","width":900,"height":983,"caption":"Georgina Hines, FNP-C"},{"@type":"BreadcrumbList","@id":"https:\/\/felizfamilycare.com\/es\/georgina-hines\/#breadcrumb","itemListElement":[{"@type":"ListItem","position":1,"name":"Home","item":"https:\/\/felizfamilycare.com\/es\/"},{"@type":"ListItem","position":2,"name":"Georgina Hines"}]},{"@type":"WebSite","@id":"https:\/\/felizfamilycare.com\/es\/#website","url":"https:\/\/felizfamilycare.com\/es\/","name":"Feliz Family Care","description":"Providing quality care for your family","publisher":{"@id":"https:\/\/felizfamilycare.com\/es\/#organization"},"potentialAction":[{"@type":"SearchAction","target":{"@type":"EntryPoint","urlTemplate":"https:\/\/felizfamilycare.com\/es\/?s={search_term_string}"},"query-input":{"@type":"PropertyValueSpecification","valueRequired":true,"valueName":"search_term_string"}}],"inLanguage":"es"},{"@type":"Organization","@id":"https:\/\/felizfamilycare.com\/es\/#organization","name":"Feliz Family Care","url":"https:\/\/felizfamilycare.com\/es\/","logo":{"@type":"ImageObject","inLanguage":"es","@id":"https:\/\/felizfamilycare.com\/es\/#\/schema\/logo\/image\/","url":"https:\/\/felizfamilycare.com\/wp-content\/uploads\/2024\/08\/feliz-family-care-logo.webp","contentUrl":"https:\/\/felizfamilycare.com\/wp-content\/uploads\/2024\/08\/feliz-family-care-logo.webp","width":645,"height":145,"caption":"Feliz Family Care"},"image":{"@id":"https:\/\/felizfamilycare.com\/es\/#\/schema\/logo\/image\/"}}]}},"_links":{"self":[{"href":"https:\/\/felizfamilycare.com\/es\/wp-json\/wp\/v2\/pages\/742","targetHints":{"allow":["GET"]}}],"collection":[{"href":"https:\/\/felizfamilycare.com\/es\/wp-json\/wp\/v2\/pages"}],"about":[{"href":"https:\/\/felizfamilycare.com\/es\/wp-json\/wp\/v2\/types\/page"}],"author":[{"embeddable":true,"href":"https:\/\/felizfamilycare.com\/es\/wp-json\/wp\/v2\/users\/1"}],"replies":[{"embeddable":true,"href":"https:\/\/felizfamilycare.com\/es\/wp-json\/wp\/v2\/comments?post=742"}],"version-history":[{"count":0,"href":"https:\/\/felizfamilycare.com\/es\/wp-json\/wp\/v2\/pages\/742\/revisions"}],"wp:featuredmedia":[{"embeddable":true,"href":"https:\/\/felizfamilycare.com\/es\/wp-json\/wp\/v2\/media\/592"}],"wp:attachment":[{"href":"https:\/\/felizfamilycare.com\/es\/wp-json\/wp\/v2\/media?parent=742"}],"curies":[{"name":"wp","href":"https:\/\/api.w.org\/{rel}","templated":true}]}}