{"id":741,"date":"2024-07-24T16:32:29","date_gmt":"2024-07-24T23:32:29","guid":{"rendered":"https:\/\/felizfamilycare.com\/emma-garcia-np\/"},"modified":"2024-07-25T11:47:17","modified_gmt":"2024-07-25T18:47:17","slug":"emma-garcia-np","status":"publish","type":"page","link":"https:\/\/felizfamilycare.com\/es\/emma-garcia-np\/","title":{"rendered":"Emma Garcia, NP"},"content":{"rendered":"\t\t<div data-elementor-type=\"wp-page\" data-elementor-id=\"741\" class=\"elementor elementor-741\" data-elementor-post-type=\"page\">\n\t\t\t\t\t\t<section class=\"elementor-section elementor-top-section elementor-element elementor-element-1aeec84d elementor-section-height-min-height elementor-section-boxed elementor-section-height-default elementor-section-items-middle\" data-id=\"1aeec84d\" data-element_type=\"section\" data-e-type=\"section\" data-settings=\"{&quot;background_background&quot;:&quot;classic&quot;}\">\n\t\t\t\t\t\t\t<div class=\"elementor-background-overlay\"><\/div>\n\t\t\t\t\t\t\t<div class=\"elementor-container elementor-column-gap-default\">\n\t\t\t\t\t<div class=\"elementor-column elementor-col-100 elementor-top-column elementor-element elementor-element-5bbe412d\" data-id=\"5bbe412d\" data-element_type=\"column\" data-e-type=\"column\">\n\t\t\t<div class=\"elementor-widget-wrap elementor-element-populated\">\n\t\t\t\t\t\t<div class=\"elementor-element elementor-element-32652b4 elementor-widget__width-initial elementor-widget-mobile__width-inherit elementor-widget elementor-widget-heading\" data-id=\"32652b4\" data-element_type=\"widget\" data-e-type=\"widget\" data-widget_type=\"heading.default\">\n\t\t\t\t\t<h3 class=\"elementor-heading-title elementor-size-default\">Emma Garcia, NP<\/h3>\t\t\t\t<\/div>\n\t\t\t\t<div class=\"elementor-element elementor-element-3d87fb95 elementor-widget-tablet__width-initial elementor-widget elementor-widget-heading\" data-id=\"3d87fb95\" data-element_type=\"widget\" data-e-type=\"widget\" data-widget_type=\"heading.default\">\n\t\t\t\t\t<h6 class=\"elementor-heading-title elementor-size-default\">Feliz Family Care South Phoenix<\/h6>\t\t\t\t<\/div>\n\t\t\t\t\t<\/div>\n\t\t<\/div>\n\t\t\t\t\t<\/div>\n\t\t<\/section>\n\t\t\t\t<section class=\"elementor-section elementor-top-section elementor-element elementor-element-6ab2c1ce elementor-section-boxed elementor-section-height-default elementor-section-height-default\" data-id=\"6ab2c1ce\" data-element_type=\"section\" data-e-type=\"section\">\n\t\t\t\t\t\t<div class=\"elementor-container elementor-column-gap-default\">\n\t\t\t\t\t<div class=\"elementor-column elementor-col-100 elementor-top-column elementor-element elementor-element-3a9a3fe2\" data-id=\"3a9a3fe2\" data-element_type=\"column\" data-e-type=\"column\">\n\t\t\t<div class=\"elementor-widget-wrap elementor-element-populated\">\n\t\t\t\t\t\t<section class=\"elementor-section elementor-inner-section elementor-element elementor-element-683b339b elementor-section-boxed elementor-section-height-default elementor-section-height-default\" data-id=\"683b339b\" data-element_type=\"section\" data-e-type=\"section\">\n\t\t\t\t\t\t<div class=\"elementor-container elementor-column-gap-default\">\n\t\t\t\t\t<div class=\"elementor-column elementor-col-50 elementor-inner-column elementor-element elementor-element-1940eb30\" data-id=\"1940eb30\" data-element_type=\"column\" data-e-type=\"column\">\n\t\t\t<div class=\"elementor-widget-wrap elementor-element-populated\">\n\t\t\t\t\t\t<div class=\"elementor-element elementor-element-1d460ba2 elementor-widget elementor-widget-image\" data-id=\"1d460ba2\" data-element_type=\"widget\" data-e-type=\"widget\" data-widget_type=\"image.default\">\n\t\t\t\t\t\t\t\t\t\t\t\t\t\t\t<img fetchpriority=\"high\" decoding=\"async\" width=\"737\" height=\"1024\" src=\"https:\/\/felizfamilycare.com\/wp-content\/uploads\/2024\/06\/Emma-Garcia-FNP-C-737x1024.jpg\" class=\"attachment-large size-large wp-image-614\" alt=\"Emma Garcia, FNP-C\" srcset=\"https:\/\/felizfamilycare.com\/wp-content\/uploads\/2024\/06\/Emma-Garcia-FNP-C-737x1024.jpg 737w, https:\/\/felizfamilycare.com\/wp-content\/uploads\/2024\/06\/Emma-Garcia-FNP-C-216x300.jpg 216w, https:\/\/felizfamilycare.com\/wp-content\/uploads\/2024\/06\/Emma-Garcia-FNP-C-768x1068.jpg 768w, https:\/\/felizfamilycare.com\/wp-content\/uploads\/2024\/06\/Emma-Garcia-FNP-C.jpg 900w\" sizes=\"(max-width: 737px) 100vw, 737px\" \/>\t\t\t\t\t\t\t\t\t\t\t\t\t\t\t<\/div>\n\t\t\t\t\t<\/div>\n\t\t<\/div>\n\t\t\t\t<div class=\"elementor-column elementor-col-50 elementor-inner-column elementor-element elementor-element-33a90424\" data-id=\"33a90424\" data-element_type=\"column\" data-e-type=\"column\">\n\t\t\t<div class=\"elementor-widget-wrap elementor-element-populated\">\n\t\t\t\t\t\t<div class=\"elementor-element elementor-element-21a9ef94 elementor-widget elementor-widget-heading\" data-id=\"21a9ef94\" data-element_type=\"widget\" data-e-type=\"widget\" data-widget_type=\"heading.default\">\n\t\t\t\t\t<h3 class=\"elementor-heading-title elementor-size-default\">Emma Garcia, NP<\/h3>\t\t\t\t<\/div>\n\t\t\t\t<div class=\"elementor-element elementor-element-6bd4aa4b elementor-widget elementor-widget-heading\" data-id=\"6bd4aa4b\" data-element_type=\"widget\" data-e-type=\"widget\" data-widget_type=\"heading.default\">\n\t\t\t\t\t<h6 class=\"elementor-heading-title elementor-size-default\">Feliz Family Care South Phoenix<\/h6>\t\t\t\t<\/div>\n\t\t\t\t<div class=\"elementor-element elementor-element-38054c9a elementor-widget-divider--view-line elementor-widget elementor-widget-divider\" data-id=\"38054c9a\" data-element_type=\"widget\" data-e-type=\"widget\" data-widget_type=\"divider.default\">\n\t\t\t\t\t\t\t<div class=\"elementor-divider\">\n\t\t\t<span class=\"elementor-divider-separator\">\n\t\t\t\t\t\t<\/span>\n\t\t<\/div>\n\t\t\t\t\t\t<\/div>\n\t\t\t\t\t<\/div>\n\t\t<\/div>\n\t\t\t\t\t<\/div>\n\t\t<\/section>\n\t\t\t\t\t<\/div>\n\t\t<\/div>\n\t\t\t\t\t<\/div>\n\t\t<\/section>\n\t\t\t\t<section class=\"elementor-section elementor-top-section elementor-element elementor-element-59d2dc43 elementor-section-boxed elementor-section-height-default elementor-section-height-default\" data-id=\"59d2dc43\" data-element_type=\"section\" data-e-type=\"section\">\n\t\t\t\t\t\t<div class=\"elementor-container elementor-column-gap-default\">\n\t\t\t\t\t<div class=\"elementor-column elementor-col-100 elementor-top-column elementor-element elementor-element-46c1d778\" data-id=\"46c1d778\" data-element_type=\"column\" data-e-type=\"column\">\n\t\t\t<div class=\"elementor-widget-wrap elementor-element-populated\">\n\t\t\t\t\t\t<section class=\"elementor-section elementor-inner-section elementor-element elementor-element-246f2ab5 elementor-section-boxed elementor-section-height-default elementor-section-height-default\" data-id=\"246f2ab5\" data-element_type=\"section\" data-e-type=\"section\">\n\t\t\t\t\t\t<div class=\"elementor-container elementor-column-gap-default\">\n\t\t\t\t\t<div class=\"elementor-column elementor-col-50 elementor-inner-column elementor-element elementor-element-7eecdebb\" data-id=\"7eecdebb\" data-element_type=\"column\" data-e-type=\"column\">\n\t\t\t<div class=\"elementor-widget-wrap elementor-element-populated\">\n\t\t\t\t\t\t<div class=\"elementor-element elementor-element-3a19bb51 elementor-widget elementor-widget-heading\" data-id=\"3a19bb51\" data-element_type=\"widget\" data-e-type=\"widget\" data-widget_type=\"heading.default\">\n\t\t\t\t\t<h3 class=\"elementor-heading-title elementor-size-default\">Descripci\u00f3n general<\/h3>\t\t\t\t<\/div>\n\t\t\t\t<div class=\"elementor-element elementor-element-79f541af elementor-widget__width-initial elementor-widget elementor-widget-heading\" data-id=\"79f541af\" data-element_type=\"widget\" data-e-type=\"widget\" data-widget_type=\"heading.default\">\n\t\t\t\t\t<h6 class=\"elementor-heading-title elementor-size-default\">Conozcan a Emma Garcia, una profesional de la salud dedicada y destacada, que ha tenido un recorrido notable en el campo de la enfermer\u00eda. Graduada con un t\u00edtulo de RN\/BSN en 2014 de la UOP, luego obtuvo una maestr\u00eda en educaci\u00f3n en enfermer\u00eda de la Universidad del Gran Ca\u00f1\u00f3n en 2017, y su compromiso con el aprendizaje continuo la llev\u00f3 a convertirse en Enfermera Familiar Certificada (Family Nurse Practitioner) en 2021 de la UOP. Sus 8 a\u00f1os de afiliaci\u00f3n con el Sistema de Salud Abrazo, centrados en el Cuidado Cr\u00edtico, demuestran su experiencia y dedicaci\u00f3n al cuidado del paciente. <br><br> Desde una edad temprana, Emma aspiraba a ser enfermera o doctora, y hoy, con 4 hijos y una pasi\u00f3n por los deportes en equipo como los Arizona Cardinals, encuentra su carrera diversa y gratificante. El objetivo de Emma como proveedora m\u00e9dica es impactar positivamente la salud de los pacientes y educarlos sobre los fundamentos del bienestar. Sus habilidades destacadas incluyen empat\u00eda, comprensi\u00f3n y comunicaci\u00f3n efectiva con los pacientes.<br><br> Miembro actual de la Asociaci\u00f3n de Enfermeras Practicantes de Arizona, Emma Garcia ejemplifica la excelencia en la enfermer\u00eda y un compromiso genuino con el bienestar de los pacientes.<\/h6>\t\t\t\t<\/div>\n\t\t\t\t\t<\/div>\n\t\t<\/div>\n\t\t\t\t<div class=\"elementor-column elementor-col-50 elementor-inner-column elementor-element elementor-element-2bf0340b\" data-id=\"2bf0340b\" data-element_type=\"column\" data-e-type=\"column\">\n\t\t\t<div class=\"elementor-widget-wrap\">\n\t\t\t\t\t\t\t<\/div>\n\t\t<\/div>\n\t\t\t\t\t<\/div>\n\t\t<\/section>\n\t\t\t\t\t<\/div>\n\t\t<\/div>\n\t\t\t\t\t<\/div>\n\t\t<\/section>\n\t\t\t\t<\/div>\n\t\t","protected":false},"excerpt":{"rendered":"<p>Emma Garcia, NP Feliz Family Care South Phoenix Emma Garcia, NP Feliz Family Care South Phoenix Descripci\u00f3n general Conozcan a Emma Garcia, una profesional de la salud dedicada y destacada, que ha tenido un recorrido notable en el campo de la enfermer\u00eda. Graduada con un t\u00edtulo de RN\/BSN en 2014 de la UOP, luego obtuvo [&hellip;]<\/p>\n","protected":false},"author":1,"featured_media":614,"parent":0,"menu_order":0,"comment_status":"closed","ping_status":"closed","template":"elementor_header_footer","meta":{"footnotes":""},"class_list":["post-741","page","type-page","status-publish","has-post-thumbnail","hentry"],"yoast_head":"<!-- This site is optimized with the Yoast SEO plugin v27.3 - https:\/\/yoast.com\/product\/yoast-seo-wordpress\/ -->\n<title>Emma Garcia, NP - Feliz Family Care<\/title>\n<meta name=\"description\" content=\"Conozcan a Emma Garcia, una profesional de la salud dedicada y destacada, que ha tenido un recorrido notable en el campo de la enfermer\u00eda. Graduada con un t\u00edtulo de RN\/BSN en 2014 de la UOP, luego obtuvo una maestr\u00eda en educaci\u00f3n en enfermer\u00eda de la Universidad del Gran Ca\u00f1\u00f3n en 2017, y su compromiso con el aprendizaje continuo la llev\u00f3 a convertirse en Enfermera Familiar Certificada (Family Nurse Practitioner) en 2021 de la UOP. Sus 8 a\u00f1os de afiliaci\u00f3n con el Sistema de Salud Abrazo, centrados en el Cuidado Cr\u00edtico, demuestran su experiencia y dedicaci\u00f3n al cuidado del paciente.\" \/>\n<meta name=\"robots\" content=\"index, follow, max-snippet:-1, max-image-preview:large, max-video-preview:-1\" \/>\n<link rel=\"canonical\" href=\"https:\/\/felizfamilycare.com\/es\/emma-garcia-np\/\" \/>\n<meta property=\"og:locale\" content=\"es_ES\" \/>\n<meta property=\"og:type\" content=\"article\" \/>\n<meta property=\"og:title\" content=\"Emma Garcia, NP - Feliz Family Care\" \/>\n<meta property=\"og:description\" content=\"Conozcan a Emma Garcia, una profesional de la salud dedicada y destacada, que ha tenido un recorrido notable en el campo de la enfermer\u00eda. Graduada con un t\u00edtulo de RN\/BSN en 2014 de la UOP, luego obtuvo una maestr\u00eda en educaci\u00f3n en enfermer\u00eda de la Universidad del Gran Ca\u00f1\u00f3n en 2017, y su compromiso con el aprendizaje continuo la llev\u00f3 a convertirse en Enfermera Familiar Certificada (Family Nurse Practitioner) en 2021 de la UOP. Sus 8 a\u00f1os de afiliaci\u00f3n con el Sistema de Salud Abrazo, centrados en el Cuidado Cr\u00edtico, demuestran su experiencia y dedicaci\u00f3n al cuidado del paciente.\" \/>\n<meta property=\"og:url\" content=\"https:\/\/felizfamilycare.com\/es\/emma-garcia-np\/\" \/>\n<meta property=\"og:site_name\" content=\"Feliz Family Care\" \/>\n<meta property=\"article:modified_time\" content=\"2024-07-25T18:47:17+00:00\" \/>\n<meta property=\"og:image\" content=\"https:\/\/felizfamilycare.com\/wp-content\/uploads\/2024\/06\/Emma-Garcia-FNP-C.jpg\" \/>\n\t<meta property=\"og:image:width\" content=\"900\" \/>\n\t<meta property=\"og:image:height\" content=\"1251\" \/>\n\t<meta property=\"og:image:type\" content=\"image\/jpeg\" \/>\n<meta name=\"twitter:card\" content=\"summary_large_image\" \/>\n<meta name=\"twitter:label1\" content=\"Tiempo de lectura\" \/>\n\t<meta name=\"twitter:data1\" content=\"1 minuto\" \/>\n<script type=\"application\/ld+json\" class=\"yoast-schema-graph\">{\"@context\":\"https:\\\/\\\/schema.org\",\"@graph\":[{\"@type\":\"WebPage\",\"@id\":\"https:\\\/\\\/felizfamilycare.com\\\/es\\\/emma-garcia-np\\\/\",\"url\":\"https:\\\/\\\/felizfamilycare.com\\\/es\\\/emma-garcia-np\\\/\",\"name\":\"Emma Garcia, NP - Feliz Family Care\",\"isPartOf\":{\"@id\":\"https:\\\/\\\/felizfamilycare.com\\\/es\\\/#website\"},\"primaryImageOfPage\":{\"@id\":\"https:\\\/\\\/felizfamilycare.com\\\/es\\\/emma-garcia-np\\\/#primaryimage\"},\"image\":{\"@id\":\"https:\\\/\\\/felizfamilycare.com\\\/es\\\/emma-garcia-np\\\/#primaryimage\"},\"thumbnailUrl\":\"https:\\\/\\\/felizfamilycare.com\\\/wp-content\\\/uploads\\\/2024\\\/06\\\/Emma-Garcia-FNP-C.jpg\",\"datePublished\":\"2024-07-24T23:32:29+00:00\",\"dateModified\":\"2024-07-25T18:47:17+00:00\",\"description\":\"Conozcan a Emma Garcia, una profesional de la salud dedicada y destacada, que ha tenido un recorrido notable en el campo de la enfermer\u00eda. Graduada con un t\u00edtulo de RN\\\/BSN en 2014 de la UOP, luego obtuvo una maestr\u00eda en educaci\u00f3n en enfermer\u00eda de la Universidad del Gran Ca\u00f1\u00f3n en 2017, y su compromiso con el aprendizaje continuo la llev\u00f3 a convertirse en Enfermera Familiar Certificada (Family Nurse Practitioner) en 2021 de la UOP. Sus 8 a\u00f1os de afiliaci\u00f3n con el Sistema de Salud Abrazo, centrados en el Cuidado Cr\u00edtico, demuestran su experiencia y dedicaci\u00f3n al cuidado del paciente.\",\"breadcrumb\":{\"@id\":\"https:\\\/\\\/felizfamilycare.com\\\/es\\\/emma-garcia-np\\\/#breadcrumb\"},\"inLanguage\":\"es\",\"potentialAction\":[{\"@type\":\"ReadAction\",\"target\":[\"https:\\\/\\\/felizfamilycare.com\\\/es\\\/emma-garcia-np\\\/\"]}]},{\"@type\":\"ImageObject\",\"inLanguage\":\"es\",\"@id\":\"https:\\\/\\\/felizfamilycare.com\\\/es\\\/emma-garcia-np\\\/#primaryimage\",\"url\":\"https:\\\/\\\/felizfamilycare.com\\\/wp-content\\\/uploads\\\/2024\\\/06\\\/Emma-Garcia-FNP-C.jpg\",\"contentUrl\":\"https:\\\/\\\/felizfamilycare.com\\\/wp-content\\\/uploads\\\/2024\\\/06\\\/Emma-Garcia-FNP-C.jpg\",\"width\":900,\"height\":1251,\"caption\":\"Emma Garcia, FNP-C\"},{\"@type\":\"BreadcrumbList\",\"@id\":\"https:\\\/\\\/felizfamilycare.com\\\/es\\\/emma-garcia-np\\\/#breadcrumb\",\"itemListElement\":[{\"@type\":\"ListItem\",\"position\":1,\"name\":\"Home\",\"item\":\"https:\\\/\\\/felizfamilycare.com\\\/es\\\/\"},{\"@type\":\"ListItem\",\"position\":2,\"name\":\"Emma Garcia, NP\"}]},{\"@type\":\"WebSite\",\"@id\":\"https:\\\/\\\/felizfamilycare.com\\\/es\\\/#website\",\"url\":\"https:\\\/\\\/felizfamilycare.com\\\/es\\\/\",\"name\":\"Feliz Family Care\",\"description\":\"Providing quality care for your family\",\"publisher\":{\"@id\":\"https:\\\/\\\/felizfamilycare.com\\\/es\\\/#organization\"},\"potentialAction\":[{\"@type\":\"SearchAction\",\"target\":{\"@type\":\"EntryPoint\",\"urlTemplate\":\"https:\\\/\\\/felizfamilycare.com\\\/es\\\/?s={search_term_string}\"},\"query-input\":{\"@type\":\"PropertyValueSpecification\",\"valueRequired\":true,\"valueName\":\"search_term_string\"}}],\"inLanguage\":\"es\"},{\"@type\":\"Organization\",\"@id\":\"https:\\\/\\\/felizfamilycare.com\\\/es\\\/#organization\",\"name\":\"Feliz Family Care\",\"url\":\"https:\\\/\\\/felizfamilycare.com\\\/es\\\/\",\"logo\":{\"@type\":\"ImageObject\",\"inLanguage\":\"es\",\"@id\":\"https:\\\/\\\/felizfamilycare.com\\\/es\\\/#\\\/schema\\\/logo\\\/image\\\/\",\"url\":\"https:\\\/\\\/felizfamilycare.com\\\/wp-content\\\/uploads\\\/2024\\\/08\\\/feliz-family-care-logo.webp\",\"contentUrl\":\"https:\\\/\\\/felizfamilycare.com\\\/wp-content\\\/uploads\\\/2024\\\/08\\\/feliz-family-care-logo.webp\",\"width\":645,\"height\":145,\"caption\":\"Feliz Family Care\"},\"image\":{\"@id\":\"https:\\\/\\\/felizfamilycare.com\\\/es\\\/#\\\/schema\\\/logo\\\/image\\\/\"}}]}<\/script>\n<!-- \/ Yoast SEO plugin. -->","yoast_head_json":{"title":"Emma Garcia, NP - Feliz Family Care","description":"Conozcan a Emma Garcia, una profesional de la salud dedicada y destacada, que ha tenido un recorrido notable en el campo de la enfermer\u00eda. Graduada con un t\u00edtulo de RN\/BSN en 2014 de la UOP, luego obtuvo una maestr\u00eda en educaci\u00f3n en enfermer\u00eda de la Universidad del Gran Ca\u00f1\u00f3n en 2017, y su compromiso con el aprendizaje continuo la llev\u00f3 a convertirse en Enfermera Familiar Certificada (Family Nurse Practitioner) en 2021 de la UOP. Sus 8 a\u00f1os de afiliaci\u00f3n con el Sistema de Salud Abrazo, centrados en el Cuidado Cr\u00edtico, demuestran su experiencia y dedicaci\u00f3n al cuidado del paciente.","robots":{"index":"index","follow":"follow","max-snippet":"max-snippet:-1","max-image-preview":"max-image-preview:large","max-video-preview":"max-video-preview:-1"},"canonical":"https:\/\/felizfamilycare.com\/es\/emma-garcia-np\/","og_locale":"es_ES","og_type":"article","og_title":"Emma Garcia, NP - Feliz Family Care","og_description":"Conozcan a Emma Garcia, una profesional de la salud dedicada y destacada, que ha tenido un recorrido notable en el campo de la enfermer\u00eda. Graduada con un t\u00edtulo de RN\/BSN en 2014 de la UOP, luego obtuvo una maestr\u00eda en educaci\u00f3n en enfermer\u00eda de la Universidad del Gran Ca\u00f1\u00f3n en 2017, y su compromiso con el aprendizaje continuo la llev\u00f3 a convertirse en Enfermera Familiar Certificada (Family Nurse Practitioner) en 2021 de la UOP. Sus 8 a\u00f1os de afiliaci\u00f3n con el Sistema de Salud Abrazo, centrados en el Cuidado Cr\u00edtico, demuestran su experiencia y dedicaci\u00f3n al cuidado del paciente.","og_url":"https:\/\/felizfamilycare.com\/es\/emma-garcia-np\/","og_site_name":"Feliz Family Care","article_modified_time":"2024-07-25T18:47:17+00:00","og_image":[{"width":900,"height":1251,"url":"https:\/\/felizfamilycare.com\/wp-content\/uploads\/2024\/06\/Emma-Garcia-FNP-C.jpg","type":"image\/jpeg"}],"twitter_card":"summary_large_image","twitter_misc":{"Tiempo de lectura":"1 minuto"},"schema":{"@context":"https:\/\/schema.org","@graph":[{"@type":"WebPage","@id":"https:\/\/felizfamilycare.com\/es\/emma-garcia-np\/","url":"https:\/\/felizfamilycare.com\/es\/emma-garcia-np\/","name":"Emma Garcia, NP - Feliz Family Care","isPartOf":{"@id":"https:\/\/felizfamilycare.com\/es\/#website"},"primaryImageOfPage":{"@id":"https:\/\/felizfamilycare.com\/es\/emma-garcia-np\/#primaryimage"},"image":{"@id":"https:\/\/felizfamilycare.com\/es\/emma-garcia-np\/#primaryimage"},"thumbnailUrl":"https:\/\/felizfamilycare.com\/wp-content\/uploads\/2024\/06\/Emma-Garcia-FNP-C.jpg","datePublished":"2024-07-24T23:32:29+00:00","dateModified":"2024-07-25T18:47:17+00:00","description":"Conozcan a Emma Garcia, una profesional de la salud dedicada y destacada, que ha tenido un recorrido notable en el campo de la enfermer\u00eda. Graduada con un t\u00edtulo de RN\/BSN en 2014 de la UOP, luego obtuvo una maestr\u00eda en educaci\u00f3n en enfermer\u00eda de la Universidad del Gran Ca\u00f1\u00f3n en 2017, y su compromiso con el aprendizaje continuo la llev\u00f3 a convertirse en Enfermera Familiar Certificada (Family Nurse Practitioner) en 2021 de la UOP. Sus 8 a\u00f1os de afiliaci\u00f3n con el Sistema de Salud Abrazo, centrados en el Cuidado Cr\u00edtico, demuestran su experiencia y dedicaci\u00f3n al cuidado del paciente.","breadcrumb":{"@id":"https:\/\/felizfamilycare.com\/es\/emma-garcia-np\/#breadcrumb"},"inLanguage":"es","potentialAction":[{"@type":"ReadAction","target":["https:\/\/felizfamilycare.com\/es\/emma-garcia-np\/"]}]},{"@type":"ImageObject","inLanguage":"es","@id":"https:\/\/felizfamilycare.com\/es\/emma-garcia-np\/#primaryimage","url":"https:\/\/felizfamilycare.com\/wp-content\/uploads\/2024\/06\/Emma-Garcia-FNP-C.jpg","contentUrl":"https:\/\/felizfamilycare.com\/wp-content\/uploads\/2024\/06\/Emma-Garcia-FNP-C.jpg","width":900,"height":1251,"caption":"Emma Garcia, FNP-C"},{"@type":"BreadcrumbList","@id":"https:\/\/felizfamilycare.com\/es\/emma-garcia-np\/#breadcrumb","itemListElement":[{"@type":"ListItem","position":1,"name":"Home","item":"https:\/\/felizfamilycare.com\/es\/"},{"@type":"ListItem","position":2,"name":"Emma Garcia, NP"}]},{"@type":"WebSite","@id":"https:\/\/felizfamilycare.com\/es\/#website","url":"https:\/\/felizfamilycare.com\/es\/","name":"Feliz Family Care","description":"Providing quality care for your family","publisher":{"@id":"https:\/\/felizfamilycare.com\/es\/#organization"},"potentialAction":[{"@type":"SearchAction","target":{"@type":"EntryPoint","urlTemplate":"https:\/\/felizfamilycare.com\/es\/?s={search_term_string}"},"query-input":{"@type":"PropertyValueSpecification","valueRequired":true,"valueName":"search_term_string"}}],"inLanguage":"es"},{"@type":"Organization","@id":"https:\/\/felizfamilycare.com\/es\/#organization","name":"Feliz Family Care","url":"https:\/\/felizfamilycare.com\/es\/","logo":{"@type":"ImageObject","inLanguage":"es","@id":"https:\/\/felizfamilycare.com\/es\/#\/schema\/logo\/image\/","url":"https:\/\/felizfamilycare.com\/wp-content\/uploads\/2024\/08\/feliz-family-care-logo.webp","contentUrl":"https:\/\/felizfamilycare.com\/wp-content\/uploads\/2024\/08\/feliz-family-care-logo.webp","width":645,"height":145,"caption":"Feliz Family Care"},"image":{"@id":"https:\/\/felizfamilycare.com\/es\/#\/schema\/logo\/image\/"}}]}},"_links":{"self":[{"href":"https:\/\/felizfamilycare.com\/es\/wp-json\/wp\/v2\/pages\/741","targetHints":{"allow":["GET"]}}],"collection":[{"href":"https:\/\/felizfamilycare.com\/es\/wp-json\/wp\/v2\/pages"}],"about":[{"href":"https:\/\/felizfamilycare.com\/es\/wp-json\/wp\/v2\/types\/page"}],"author":[{"embeddable":true,"href":"https:\/\/felizfamilycare.com\/es\/wp-json\/wp\/v2\/users\/1"}],"replies":[{"embeddable":true,"href":"https:\/\/felizfamilycare.com\/es\/wp-json\/wp\/v2\/comments?post=741"}],"version-history":[{"count":0,"href":"https:\/\/felizfamilycare.com\/es\/wp-json\/wp\/v2\/pages\/741\/revisions"}],"wp:featuredmedia":[{"embeddable":true,"href":"https:\/\/felizfamilycare.com\/es\/wp-json\/wp\/v2\/media\/614"}],"wp:attachment":[{"href":"https:\/\/felizfamilycare.com\/es\/wp-json\/wp\/v2\/media?parent=741"}],"curies":[{"name":"wp","href":"https:\/\/api.w.org\/{rel}","templated":true}]}}