{"id":740,"date":"2024-07-24T16:40:59","date_gmt":"2024-07-24T23:40:59","guid":{"rendered":"https:\/\/felizfamilycare.com\/brittany-snow-m-s-p-a-c\/"},"modified":"2024-07-25T11:12:18","modified_gmt":"2024-07-25T18:12:18","slug":"brittany-snow-m-s-p-a-c","status":"publish","type":"page","link":"https:\/\/felizfamilycare.com\/es\/brittany-snow-m-s-p-a-c\/","title":{"rendered":"Brittany Snow. M.S, P.A.-C"},"content":{"rendered":"\t\t<div data-elementor-type=\"wp-page\" data-elementor-id=\"740\" class=\"elementor elementor-740\" data-elementor-post-type=\"page\">\n\t\t\t\t\t\t<section class=\"elementor-section elementor-top-section elementor-element elementor-element-2f958ebb elementor-section-height-min-height elementor-section-boxed elementor-section-height-default elementor-section-items-middle\" data-id=\"2f958ebb\" data-element_type=\"section\" data-e-type=\"section\" data-settings=\"{&quot;background_background&quot;:&quot;classic&quot;}\">\n\t\t\t\t\t\t\t<div class=\"elementor-background-overlay\"><\/div>\n\t\t\t\t\t\t\t<div class=\"elementor-container elementor-column-gap-default\">\n\t\t\t\t\t<div class=\"elementor-column elementor-col-100 elementor-top-column elementor-element elementor-element-568bda94\" data-id=\"568bda94\" data-element_type=\"column\" data-e-type=\"column\">\n\t\t\t<div class=\"elementor-widget-wrap elementor-element-populated\">\n\t\t\t\t\t\t<div class=\"elementor-element elementor-element-2725cebd elementor-widget__width-initial elementor-widget-mobile__width-inherit elementor-widget elementor-widget-heading\" data-id=\"2725cebd\" data-element_type=\"widget\" data-e-type=\"widget\" data-widget_type=\"heading.default\">\n\t\t\t\t\t<h3 class=\"elementor-heading-title elementor-size-default\">Brittany Snow<\/h3>\t\t\t\t<\/div>\n\t\t\t\t<div class=\"elementor-element elementor-element-1666f433 elementor-widget-tablet__width-initial elementor-widget elementor-widget-heading\" data-id=\"1666f433\" data-element_type=\"widget\" data-e-type=\"widget\" data-widget_type=\"heading.default\">\n\t\t\t\t\t<h6 class=\"elementor-heading-title elementor-size-default\">M.S, P.A.-C<\/h6>\t\t\t\t<\/div>\n\t\t\t\t\t<\/div>\n\t\t<\/div>\n\t\t\t\t\t<\/div>\n\t\t<\/section>\n\t\t\t\t<section class=\"elementor-section elementor-top-section elementor-element elementor-element-5074c3db elementor-section-boxed elementor-section-height-default elementor-section-height-default\" data-id=\"5074c3db\" data-element_type=\"section\" data-e-type=\"section\">\n\t\t\t\t\t\t<div class=\"elementor-container elementor-column-gap-default\">\n\t\t\t\t\t<div class=\"elementor-column elementor-col-100 elementor-top-column elementor-element elementor-element-6ab1c332\" data-id=\"6ab1c332\" data-element_type=\"column\" data-e-type=\"column\">\n\t\t\t<div class=\"elementor-widget-wrap elementor-element-populated\">\n\t\t\t\t\t\t<section class=\"elementor-section elementor-inner-section elementor-element elementor-element-4dd06b18 elementor-section-boxed elementor-section-height-default elementor-section-height-default\" data-id=\"4dd06b18\" data-element_type=\"section\" data-e-type=\"section\">\n\t\t\t\t\t\t<div class=\"elementor-container elementor-column-gap-default\">\n\t\t\t\t\t<div class=\"elementor-column elementor-col-50 elementor-inner-column elementor-element elementor-element-22124fcb\" data-id=\"22124fcb\" data-element_type=\"column\" data-e-type=\"column\">\n\t\t\t<div class=\"elementor-widget-wrap elementor-element-populated\">\n\t\t\t\t\t\t<div class=\"elementor-element elementor-element-590881f6 elementor-widget elementor-widget-image\" data-id=\"590881f6\" data-element_type=\"widget\" data-e-type=\"widget\" data-widget_type=\"image.default\">\n\t\t\t\t\t\t\t\t\t\t\t\t\t\t\t<img fetchpriority=\"high\" decoding=\"async\" width=\"350\" height=\"453\" src=\"https:\/\/felizfamilycare.com\/wp-content\/uploads\/2024\/07\/Provider-Brittany-Snow.-M.S_-P.A.-C.jpeg\" class=\"attachment-large size-large wp-image-726\" alt=\"Provider-Brittany-Snow.-M.S_-P.A.-C\" srcset=\"https:\/\/felizfamilycare.com\/wp-content\/uploads\/2024\/07\/Provider-Brittany-Snow.-M.S_-P.A.-C.jpeg 350w, https:\/\/felizfamilycare.com\/wp-content\/uploads\/2024\/07\/Provider-Brittany-Snow.-M.S_-P.A.-C-232x300.jpeg 232w\" sizes=\"(max-width: 350px) 100vw, 350px\" \/>\t\t\t\t\t\t\t\t\t\t\t\t\t\t\t<\/div>\n\t\t\t\t\t<\/div>\n\t\t<\/div>\n\t\t\t\t<div class=\"elementor-column elementor-col-50 elementor-inner-column elementor-element elementor-element-4163dbbe\" data-id=\"4163dbbe\" data-element_type=\"column\" data-e-type=\"column\">\n\t\t\t<div class=\"elementor-widget-wrap elementor-element-populated\">\n\t\t\t\t\t\t<div class=\"elementor-element elementor-element-141b5d72 elementor-widget elementor-widget-heading\" data-id=\"141b5d72\" data-element_type=\"widget\" data-e-type=\"widget\" data-widget_type=\"heading.default\">\n\t\t\t\t\t<h3 class=\"elementor-heading-title elementor-size-default\">Brittany Snow<\/h3>\t\t\t\t<\/div>\n\t\t\t\t<div class=\"elementor-element elementor-element-2da354b0 elementor-widget elementor-widget-heading\" data-id=\"2da354b0\" data-element_type=\"widget\" data-e-type=\"widget\" data-widget_type=\"heading.default\">\n\t\t\t\t\t<h6 class=\"elementor-heading-title elementor-size-default\">M.S, P.A.-C<\/h6>\t\t\t\t<\/div>\n\t\t\t\t<div class=\"elementor-element elementor-element-5b984b00 elementor-widget-divider--view-line elementor-widget elementor-widget-divider\" data-id=\"5b984b00\" data-element_type=\"widget\" data-e-type=\"widget\" data-widget_type=\"divider.default\">\n\t\t\t\t\t\t\t<div class=\"elementor-divider\">\n\t\t\t<span class=\"elementor-divider-separator\">\n\t\t\t\t\t\t<\/span>\n\t\t<\/div>\n\t\t\t\t\t\t<\/div>\n\t\t\t\t\t<\/div>\n\t\t<\/div>\n\t\t\t\t\t<\/div>\n\t\t<\/section>\n\t\t\t\t\t<\/div>\n\t\t<\/div>\n\t\t\t\t\t<\/div>\n\t\t<\/section>\n\t\t\t\t<section class=\"elementor-section elementor-top-section elementor-element elementor-element-504269b0 elementor-section-boxed elementor-section-height-default elementor-section-height-default\" data-id=\"504269b0\" data-element_type=\"section\" data-e-type=\"section\">\n\t\t\t\t\t\t<div class=\"elementor-container elementor-column-gap-default\">\n\t\t\t\t\t<div class=\"elementor-column elementor-col-100 elementor-top-column elementor-element elementor-element-4a75cf7d\" data-id=\"4a75cf7d\" data-element_type=\"column\" data-e-type=\"column\">\n\t\t\t<div class=\"elementor-widget-wrap elementor-element-populated\">\n\t\t\t\t\t\t<section class=\"elementor-section elementor-inner-section elementor-element elementor-element-3f62076c elementor-section-boxed elementor-section-height-default elementor-section-height-default\" data-id=\"3f62076c\" data-element_type=\"section\" data-e-type=\"section\">\n\t\t\t\t\t\t<div class=\"elementor-container elementor-column-gap-default\">\n\t\t\t\t\t<div class=\"elementor-column elementor-col-50 elementor-inner-column elementor-element elementor-element-1d1cc27b\" data-id=\"1d1cc27b\" data-element_type=\"column\" data-e-type=\"column\">\n\t\t\t<div class=\"elementor-widget-wrap elementor-element-populated\">\n\t\t\t\t\t\t<div class=\"elementor-element elementor-element-36598840 elementor-widget elementor-widget-heading\" data-id=\"36598840\" data-element_type=\"widget\" data-e-type=\"widget\" data-widget_type=\"heading.default\">\n\t\t\t\t\t<h3 class=\"elementor-heading-title elementor-size-default\">Descripci\u00f3n general<\/h3>\t\t\t\t<\/div>\n\t\t\t\t<div class=\"elementor-element elementor-element-411f1e67 elementor-widget__width-initial elementor-widget elementor-widget-heading\" data-id=\"411f1e67\" data-element_type=\"widget\" data-e-type=\"widget\" data-widget_type=\"heading.default\">\n\t\t\t\t\t<h6 class=\"elementor-heading-title elementor-size-default\">Originaria de Tucson, Brittany Snow obtuvo una licenciatura en Ciencias Forenses e Italiano de la Universidad de Arizona. Mientras cursaba su educaci\u00f3n de pregrado, pas\u00f3 2 a\u00f1os en una misi\u00f3n de servicio en Italia. La Sra. Snow obtuvo su maestr\u00eda en Estudios de Asistente M\u00e9dico (Physician Assistant Studies) en la Universidad Midwestern en Glendale, AZ. P.A. Snow, con m\u00e1s de 15 a\u00f1os de experiencia en pediatr\u00eda, ha estado certificada por la junta de NCCPA desde 2003 y es una orgullosa miembro de la Academia Americana de Pediatr\u00eda. Cuando no est\u00e1 cuidando a sus pacientes, la Sra. Snow se puede encontrar disfrutando del perfecto clima de Arizona con sus queridos perros rescatados; tambi\u00e9n le encanta el desaf\u00edo de cultivar rosas en el desierto, tanto que es una Rosarian (especialista en rosas). <\/h6>\t\t\t\t<\/div>\n\t\t\t\t\t<\/div>\n\t\t<\/div>\n\t\t\t\t<div class=\"elementor-column elementor-col-50 elementor-inner-column elementor-element elementor-element-69f643e1\" data-id=\"69f643e1\" data-element_type=\"column\" data-e-type=\"column\">\n\t\t\t<div class=\"elementor-widget-wrap\">\n\t\t\t\t\t\t\t<\/div>\n\t\t<\/div>\n\t\t\t\t\t<\/div>\n\t\t<\/section>\n\t\t\t\t\t<\/div>\n\t\t<\/div>\n\t\t\t\t\t<\/div>\n\t\t<\/section>\n\t\t\t\t<\/div>\n\t\t","protected":false},"excerpt":{"rendered":"<p>Brittany Snow M.S, P.A.-C Brittany Snow M.S, P.A.-C Descripci\u00f3n general Originaria de Tucson, Brittany Snow obtuvo una licenciatura en Ciencias Forenses e Italiano de la Universidad de Arizona. Mientras cursaba su educaci\u00f3n de pregrado, pas\u00f3 2 a\u00f1os en una misi\u00f3n de servicio en Italia. La Sra. Snow obtuvo su maestr\u00eda en Estudios de Asistente M\u00e9dico [&hellip;]<\/p>\n","protected":false},"author":1,"featured_media":726,"parent":0,"menu_order":0,"comment_status":"closed","ping_status":"closed","template":"elementor_header_footer","meta":{"footnotes":""},"class_list":["post-740","page","type-page","status-publish","has-post-thumbnail","hentry"],"yoast_head":"<!-- This site is optimized with the Yoast SEO plugin v27.3 - https:\/\/yoast.com\/product\/yoast-seo-wordpress\/ -->\n<title>Brittany Snow. M.S, P.A.-C - Feliz Family Care<\/title>\n<meta name=\"description\" content=\"Originaria de Tucson, Brittany Snow obtuvo una licenciatura en Ciencias Forenses e Italiano de la Universidad de Arizona. Mientras cursaba su educaci\u00f3n de pregrado, pas\u00f3 2 a\u00f1os en una misi\u00f3n de servicio en Italia. La Sra. Snow obtuvo su maestr\u00eda en Estudios de Asistente M\u00e9dico (Physician Assistant Studies) en la Universidad Midwestern en Glendale, AZ. P.A. Snow, con m\u00e1s de 15 a\u00f1os de experiencia en pediatr\u00eda, ha estado certificada por la junta de NCCPA desde 2003 y es una orgullosa miembro de la Academia Americana de Pediatr\u00eda. Cuando no est\u00e1 cuidando a sus pacientes, la Sra. Snow se puede encontrar disfrutando del perfecto clima de Arizona con sus queridos perros rescatados; tambi\u00e9n le encanta el desaf\u00edo de cultivar rosas en el desierto, tanto que es una Rosarian (especialista en rosas).\" \/>\n<meta name=\"robots\" content=\"index, follow, max-snippet:-1, max-image-preview:large, max-video-preview:-1\" \/>\n<link rel=\"canonical\" href=\"https:\/\/felizfamilycare.com\/es\/brittany-snow-m-s-p-a-c\/\" \/>\n<meta property=\"og:locale\" content=\"es_ES\" \/>\n<meta property=\"og:type\" content=\"article\" \/>\n<meta property=\"og:title\" content=\"Brittany Snow. M.S, P.A.-C - Feliz Family Care\" \/>\n<meta property=\"og:description\" content=\"Originaria de Tucson, Brittany Snow obtuvo una licenciatura en Ciencias Forenses e Italiano de la Universidad de Arizona. Mientras cursaba su educaci\u00f3n de pregrado, pas\u00f3 2 a\u00f1os en una misi\u00f3n de servicio en Italia. La Sra. Snow obtuvo su maestr\u00eda en Estudios de Asistente M\u00e9dico (Physician Assistant Studies) en la Universidad Midwestern en Glendale, AZ. P.A. Snow, con m\u00e1s de 15 a\u00f1os de experiencia en pediatr\u00eda, ha estado certificada por la junta de NCCPA desde 2003 y es una orgullosa miembro de la Academia Americana de Pediatr\u00eda. Cuando no est\u00e1 cuidando a sus pacientes, la Sra. Snow se puede encontrar disfrutando del perfecto clima de Arizona con sus queridos perros rescatados; tambi\u00e9n le encanta el desaf\u00edo de cultivar rosas en el desierto, tanto que es una Rosarian (especialista en rosas).\" \/>\n<meta property=\"og:url\" content=\"https:\/\/felizfamilycare.com\/es\/brittany-snow-m-s-p-a-c\/\" \/>\n<meta property=\"og:site_name\" content=\"Feliz Family Care\" \/>\n<meta property=\"article:modified_time\" content=\"2024-07-25T18:12:18+00:00\" \/>\n<meta property=\"og:image\" content=\"https:\/\/felizfamilycare.com\/wp-content\/uploads\/2024\/07\/Provider-Brittany-Snow.-M.S_-P.A.-C.jpeg\" \/>\n\t<meta property=\"og:image:width\" content=\"350\" \/>\n\t<meta property=\"og:image:height\" content=\"453\" \/>\n\t<meta property=\"og:image:type\" content=\"image\/jpeg\" \/>\n<meta name=\"twitter:card\" content=\"summary_large_image\" \/>\n<meta name=\"twitter:label1\" content=\"Tiempo de lectura\" \/>\n\t<meta name=\"twitter:data1\" content=\"1 minuto\" \/>\n<script type=\"application\/ld+json\" class=\"yoast-schema-graph\">{\"@context\":\"https:\\\/\\\/schema.org\",\"@graph\":[{\"@type\":\"WebPage\",\"@id\":\"https:\\\/\\\/felizfamilycare.com\\\/es\\\/brittany-snow-m-s-p-a-c\\\/\",\"url\":\"https:\\\/\\\/felizfamilycare.com\\\/es\\\/brittany-snow-m-s-p-a-c\\\/\",\"name\":\"Brittany Snow. M.S, P.A.-C - Feliz Family Care\",\"isPartOf\":{\"@id\":\"https:\\\/\\\/felizfamilycare.com\\\/es\\\/#website\"},\"primaryImageOfPage\":{\"@id\":\"https:\\\/\\\/felizfamilycare.com\\\/es\\\/brittany-snow-m-s-p-a-c\\\/#primaryimage\"},\"image\":{\"@id\":\"https:\\\/\\\/felizfamilycare.com\\\/es\\\/brittany-snow-m-s-p-a-c\\\/#primaryimage\"},\"thumbnailUrl\":\"https:\\\/\\\/felizfamilycare.com\\\/wp-content\\\/uploads\\\/2024\\\/07\\\/Provider-Brittany-Snow.-M.S_-P.A.-C.jpeg\",\"datePublished\":\"2024-07-24T23:40:59+00:00\",\"dateModified\":\"2024-07-25T18:12:18+00:00\",\"description\":\"Originaria de Tucson, Brittany Snow obtuvo una licenciatura en Ciencias Forenses e Italiano de la Universidad de Arizona. Mientras cursaba su educaci\u00f3n de pregrado, pas\u00f3 2 a\u00f1os en una misi\u00f3n de servicio en Italia. La Sra. Snow obtuvo su maestr\u00eda en Estudios de Asistente M\u00e9dico (Physician Assistant Studies) en la Universidad Midwestern en Glendale, AZ. P.A. Snow, con m\u00e1s de 15 a\u00f1os de experiencia en pediatr\u00eda, ha estado certificada por la junta de NCCPA desde 2003 y es una orgullosa miembro de la Academia Americana de Pediatr\u00eda. Cuando no est\u00e1 cuidando a sus pacientes, la Sra. Snow se puede encontrar disfrutando del perfecto clima de Arizona con sus queridos perros rescatados; tambi\u00e9n le encanta el desaf\u00edo de cultivar rosas en el desierto, tanto que es una Rosarian (especialista en rosas).\",\"breadcrumb\":{\"@id\":\"https:\\\/\\\/felizfamilycare.com\\\/es\\\/brittany-snow-m-s-p-a-c\\\/#breadcrumb\"},\"inLanguage\":\"es\",\"potentialAction\":[{\"@type\":\"ReadAction\",\"target\":[\"https:\\\/\\\/felizfamilycare.com\\\/es\\\/brittany-snow-m-s-p-a-c\\\/\"]}]},{\"@type\":\"ImageObject\",\"inLanguage\":\"es\",\"@id\":\"https:\\\/\\\/felizfamilycare.com\\\/es\\\/brittany-snow-m-s-p-a-c\\\/#primaryimage\",\"url\":\"https:\\\/\\\/felizfamilycare.com\\\/wp-content\\\/uploads\\\/2024\\\/07\\\/Provider-Brittany-Snow.-M.S_-P.A.-C.jpeg\",\"contentUrl\":\"https:\\\/\\\/felizfamilycare.com\\\/wp-content\\\/uploads\\\/2024\\\/07\\\/Provider-Brittany-Snow.-M.S_-P.A.-C.jpeg\",\"width\":350,\"height\":453,\"caption\":\"Provider-Brittany-Snow.-M.S_-P.A.-C\"},{\"@type\":\"BreadcrumbList\",\"@id\":\"https:\\\/\\\/felizfamilycare.com\\\/es\\\/brittany-snow-m-s-p-a-c\\\/#breadcrumb\",\"itemListElement\":[{\"@type\":\"ListItem\",\"position\":1,\"name\":\"Home\",\"item\":\"https:\\\/\\\/felizfamilycare.com\\\/es\\\/\"},{\"@type\":\"ListItem\",\"position\":2,\"name\":\"Brittany Snow. M.S, P.A.-C\"}]},{\"@type\":\"WebSite\",\"@id\":\"https:\\\/\\\/felizfamilycare.com\\\/es\\\/#website\",\"url\":\"https:\\\/\\\/felizfamilycare.com\\\/es\\\/\",\"name\":\"Feliz Family Care\",\"description\":\"Providing quality care for your family\",\"publisher\":{\"@id\":\"https:\\\/\\\/felizfamilycare.com\\\/es\\\/#organization\"},\"potentialAction\":[{\"@type\":\"SearchAction\",\"target\":{\"@type\":\"EntryPoint\",\"urlTemplate\":\"https:\\\/\\\/felizfamilycare.com\\\/es\\\/?s={search_term_string}\"},\"query-input\":{\"@type\":\"PropertyValueSpecification\",\"valueRequired\":true,\"valueName\":\"search_term_string\"}}],\"inLanguage\":\"es\"},{\"@type\":\"Organization\",\"@id\":\"https:\\\/\\\/felizfamilycare.com\\\/es\\\/#organization\",\"name\":\"Feliz Family Care\",\"url\":\"https:\\\/\\\/felizfamilycare.com\\\/es\\\/\",\"logo\":{\"@type\":\"ImageObject\",\"inLanguage\":\"es\",\"@id\":\"https:\\\/\\\/felizfamilycare.com\\\/es\\\/#\\\/schema\\\/logo\\\/image\\\/\",\"url\":\"https:\\\/\\\/felizfamilycare.com\\\/wp-content\\\/uploads\\\/2024\\\/08\\\/feliz-family-care-logo.webp\",\"contentUrl\":\"https:\\\/\\\/felizfamilycare.com\\\/wp-content\\\/uploads\\\/2024\\\/08\\\/feliz-family-care-logo.webp\",\"width\":645,\"height\":145,\"caption\":\"Feliz Family Care\"},\"image\":{\"@id\":\"https:\\\/\\\/felizfamilycare.com\\\/es\\\/#\\\/schema\\\/logo\\\/image\\\/\"}}]}<\/script>\n<!-- \/ Yoast SEO plugin. -->","yoast_head_json":{"title":"Brittany Snow. M.S, P.A.-C - Feliz Family Care","description":"Originaria de Tucson, Brittany Snow obtuvo una licenciatura en Ciencias Forenses e Italiano de la Universidad de Arizona. Mientras cursaba su educaci\u00f3n de pregrado, pas\u00f3 2 a\u00f1os en una misi\u00f3n de servicio en Italia. La Sra. Snow obtuvo su maestr\u00eda en Estudios de Asistente M\u00e9dico (Physician Assistant Studies) en la Universidad Midwestern en Glendale, AZ. P.A. Snow, con m\u00e1s de 15 a\u00f1os de experiencia en pediatr\u00eda, ha estado certificada por la junta de NCCPA desde 2003 y es una orgullosa miembro de la Academia Americana de Pediatr\u00eda. Cuando no est\u00e1 cuidando a sus pacientes, la Sra. Snow se puede encontrar disfrutando del perfecto clima de Arizona con sus queridos perros rescatados; tambi\u00e9n le encanta el desaf\u00edo de cultivar rosas en el desierto, tanto que es una Rosarian (especialista en rosas).","robots":{"index":"index","follow":"follow","max-snippet":"max-snippet:-1","max-image-preview":"max-image-preview:large","max-video-preview":"max-video-preview:-1"},"canonical":"https:\/\/felizfamilycare.com\/es\/brittany-snow-m-s-p-a-c\/","og_locale":"es_ES","og_type":"article","og_title":"Brittany Snow. M.S, P.A.-C - Feliz Family Care","og_description":"Originaria de Tucson, Brittany Snow obtuvo una licenciatura en Ciencias Forenses e Italiano de la Universidad de Arizona. Mientras cursaba su educaci\u00f3n de pregrado, pas\u00f3 2 a\u00f1os en una misi\u00f3n de servicio en Italia. La Sra. Snow obtuvo su maestr\u00eda en Estudios de Asistente M\u00e9dico (Physician Assistant Studies) en la Universidad Midwestern en Glendale, AZ. P.A. Snow, con m\u00e1s de 15 a\u00f1os de experiencia en pediatr\u00eda, ha estado certificada por la junta de NCCPA desde 2003 y es una orgullosa miembro de la Academia Americana de Pediatr\u00eda. Cuando no est\u00e1 cuidando a sus pacientes, la Sra. Snow se puede encontrar disfrutando del perfecto clima de Arizona con sus queridos perros rescatados; tambi\u00e9n le encanta el desaf\u00edo de cultivar rosas en el desierto, tanto que es una Rosarian (especialista en rosas).","og_url":"https:\/\/felizfamilycare.com\/es\/brittany-snow-m-s-p-a-c\/","og_site_name":"Feliz Family Care","article_modified_time":"2024-07-25T18:12:18+00:00","og_image":[{"width":350,"height":453,"url":"https:\/\/felizfamilycare.com\/wp-content\/uploads\/2024\/07\/Provider-Brittany-Snow.-M.S_-P.A.-C.jpeg","type":"image\/jpeg"}],"twitter_card":"summary_large_image","twitter_misc":{"Tiempo de lectura":"1 minuto"},"schema":{"@context":"https:\/\/schema.org","@graph":[{"@type":"WebPage","@id":"https:\/\/felizfamilycare.com\/es\/brittany-snow-m-s-p-a-c\/","url":"https:\/\/felizfamilycare.com\/es\/brittany-snow-m-s-p-a-c\/","name":"Brittany Snow. M.S, P.A.-C - Feliz Family Care","isPartOf":{"@id":"https:\/\/felizfamilycare.com\/es\/#website"},"primaryImageOfPage":{"@id":"https:\/\/felizfamilycare.com\/es\/brittany-snow-m-s-p-a-c\/#primaryimage"},"image":{"@id":"https:\/\/felizfamilycare.com\/es\/brittany-snow-m-s-p-a-c\/#primaryimage"},"thumbnailUrl":"https:\/\/felizfamilycare.com\/wp-content\/uploads\/2024\/07\/Provider-Brittany-Snow.-M.S_-P.A.-C.jpeg","datePublished":"2024-07-24T23:40:59+00:00","dateModified":"2024-07-25T18:12:18+00:00","description":"Originaria de Tucson, Brittany Snow obtuvo una licenciatura en Ciencias Forenses e Italiano de la Universidad de Arizona. Mientras cursaba su educaci\u00f3n de pregrado, pas\u00f3 2 a\u00f1os en una misi\u00f3n de servicio en Italia. La Sra. Snow obtuvo su maestr\u00eda en Estudios de Asistente M\u00e9dico (Physician Assistant Studies) en la Universidad Midwestern en Glendale, AZ. P.A. Snow, con m\u00e1s de 15 a\u00f1os de experiencia en pediatr\u00eda, ha estado certificada por la junta de NCCPA desde 2003 y es una orgullosa miembro de la Academia Americana de Pediatr\u00eda. Cuando no est\u00e1 cuidando a sus pacientes, la Sra. Snow se puede encontrar disfrutando del perfecto clima de Arizona con sus queridos perros rescatados; tambi\u00e9n le encanta el desaf\u00edo de cultivar rosas en el desierto, tanto que es una Rosarian (especialista en rosas).","breadcrumb":{"@id":"https:\/\/felizfamilycare.com\/es\/brittany-snow-m-s-p-a-c\/#breadcrumb"},"inLanguage":"es","potentialAction":[{"@type":"ReadAction","target":["https:\/\/felizfamilycare.com\/es\/brittany-snow-m-s-p-a-c\/"]}]},{"@type":"ImageObject","inLanguage":"es","@id":"https:\/\/felizfamilycare.com\/es\/brittany-snow-m-s-p-a-c\/#primaryimage","url":"https:\/\/felizfamilycare.com\/wp-content\/uploads\/2024\/07\/Provider-Brittany-Snow.-M.S_-P.A.-C.jpeg","contentUrl":"https:\/\/felizfamilycare.com\/wp-content\/uploads\/2024\/07\/Provider-Brittany-Snow.-M.S_-P.A.-C.jpeg","width":350,"height":453,"caption":"Provider-Brittany-Snow.-M.S_-P.A.-C"},{"@type":"BreadcrumbList","@id":"https:\/\/felizfamilycare.com\/es\/brittany-snow-m-s-p-a-c\/#breadcrumb","itemListElement":[{"@type":"ListItem","position":1,"name":"Home","item":"https:\/\/felizfamilycare.com\/es\/"},{"@type":"ListItem","position":2,"name":"Brittany Snow. M.S, P.A.-C"}]},{"@type":"WebSite","@id":"https:\/\/felizfamilycare.com\/es\/#website","url":"https:\/\/felizfamilycare.com\/es\/","name":"Feliz Family Care","description":"Providing quality care for your family","publisher":{"@id":"https:\/\/felizfamilycare.com\/es\/#organization"},"potentialAction":[{"@type":"SearchAction","target":{"@type":"EntryPoint","urlTemplate":"https:\/\/felizfamilycare.com\/es\/?s={search_term_string}"},"query-input":{"@type":"PropertyValueSpecification","valueRequired":true,"valueName":"search_term_string"}}],"inLanguage":"es"},{"@type":"Organization","@id":"https:\/\/felizfamilycare.com\/es\/#organization","name":"Feliz Family Care","url":"https:\/\/felizfamilycare.com\/es\/","logo":{"@type":"ImageObject","inLanguage":"es","@id":"https:\/\/felizfamilycare.com\/es\/#\/schema\/logo\/image\/","url":"https:\/\/felizfamilycare.com\/wp-content\/uploads\/2024\/08\/feliz-family-care-logo.webp","contentUrl":"https:\/\/felizfamilycare.com\/wp-content\/uploads\/2024\/08\/feliz-family-care-logo.webp","width":645,"height":145,"caption":"Feliz Family Care"},"image":{"@id":"https:\/\/felizfamilycare.com\/es\/#\/schema\/logo\/image\/"}}]}},"_links":{"self":[{"href":"https:\/\/felizfamilycare.com\/es\/wp-json\/wp\/v2\/pages\/740","targetHints":{"allow":["GET"]}}],"collection":[{"href":"https:\/\/felizfamilycare.com\/es\/wp-json\/wp\/v2\/pages"}],"about":[{"href":"https:\/\/felizfamilycare.com\/es\/wp-json\/wp\/v2\/types\/page"}],"author":[{"embeddable":true,"href":"https:\/\/felizfamilycare.com\/es\/wp-json\/wp\/v2\/users\/1"}],"replies":[{"embeddable":true,"href":"https:\/\/felizfamilycare.com\/es\/wp-json\/wp\/v2\/comments?post=740"}],"version-history":[{"count":0,"href":"https:\/\/felizfamilycare.com\/es\/wp-json\/wp\/v2\/pages\/740\/revisions"}],"wp:featuredmedia":[{"embeddable":true,"href":"https:\/\/felizfamilycare.com\/es\/wp-json\/wp\/v2\/media\/726"}],"wp:attachment":[{"href":"https:\/\/felizfamilycare.com\/es\/wp-json\/wp\/v2\/media?parent=740"}],"curies":[{"name":"wp","href":"https:\/\/api.w.org\/{rel}","templated":true}]}}