{"id":739,"date":"2024-07-24T15:55:30","date_gmt":"2024-07-24T22:55:30","guid":{"rendered":"https:\/\/felizfamilycare.com\/adriana-silva-fnp\/"},"modified":"2024-07-25T11:05:55","modified_gmt":"2024-07-25T18:05:55","slug":"adriana-silva-fnp","status":"publish","type":"page","link":"https:\/\/felizfamilycare.com\/es\/adriana-silva-fnp\/","title":{"rendered":"Adriana Silva FNP"},"content":{"rendered":"\t\t<div data-elementor-type=\"wp-page\" data-elementor-id=\"739\" class=\"elementor elementor-739\" data-elementor-post-type=\"page\">\n\t\t\t\t\t\t<section class=\"elementor-section elementor-top-section elementor-element elementor-element-374398fe elementor-section-height-min-height elementor-section-boxed elementor-section-height-default elementor-section-items-middle\" data-id=\"374398fe\" data-element_type=\"section\" data-e-type=\"section\" data-settings=\"{&quot;background_background&quot;:&quot;classic&quot;}\">\n\t\t\t\t\t\t\t<div class=\"elementor-background-overlay\"><\/div>\n\t\t\t\t\t\t\t<div class=\"elementor-container elementor-column-gap-default\">\n\t\t\t\t\t<div class=\"elementor-column elementor-col-100 elementor-top-column elementor-element elementor-element-7ecc5feb\" data-id=\"7ecc5feb\" data-element_type=\"column\" data-e-type=\"column\">\n\t\t\t<div class=\"elementor-widget-wrap elementor-element-populated\">\n\t\t\t\t\t\t<div class=\"elementor-element elementor-element-2ca6692b elementor-widget__width-initial elementor-widget-mobile__width-inherit elementor-widget elementor-widget-heading\" data-id=\"2ca6692b\" data-element_type=\"widget\" data-e-type=\"widget\" data-widget_type=\"heading.default\">\n\t\t\t\t\t<h3 class=\"elementor-heading-title elementor-size-default\">Adriana Silva FNP<\/h3>\t\t\t\t<\/div>\n\t\t\t\t<div class=\"elementor-element elementor-element-5b23da90 elementor-widget-tablet__width-initial elementor-widget elementor-widget-heading\" data-id=\"5b23da90\" data-element_type=\"widget\" data-e-type=\"widget\" data-widget_type=\"heading.default\">\n\t\t\t\t\t<h6 class=\"elementor-heading-title elementor-size-default\">Feliz Family Care  Happy Kids Pediatric: Camelback<\/h6>\t\t\t\t<\/div>\n\t\t\t\t\t<\/div>\n\t\t<\/div>\n\t\t\t\t\t<\/div>\n\t\t<\/section>\n\t\t\t\t<section class=\"elementor-section elementor-top-section elementor-element elementor-element-6f4d0dee elementor-section-boxed elementor-section-height-default elementor-section-height-default\" data-id=\"6f4d0dee\" data-element_type=\"section\" data-e-type=\"section\">\n\t\t\t\t\t\t<div class=\"elementor-container elementor-column-gap-default\">\n\t\t\t\t\t<div class=\"elementor-column elementor-col-100 elementor-top-column elementor-element elementor-element-578c0e3d\" data-id=\"578c0e3d\" data-element_type=\"column\" data-e-type=\"column\">\n\t\t\t<div class=\"elementor-widget-wrap elementor-element-populated\">\n\t\t\t\t\t\t<section class=\"elementor-section elementor-inner-section elementor-element elementor-element-4da1a902 elementor-section-boxed elementor-section-height-default elementor-section-height-default\" data-id=\"4da1a902\" data-element_type=\"section\" data-e-type=\"section\">\n\t\t\t\t\t\t<div class=\"elementor-container elementor-column-gap-default\">\n\t\t\t\t\t<div class=\"elementor-column elementor-col-50 elementor-inner-column elementor-element elementor-element-54b2c15a\" data-id=\"54b2c15a\" data-element_type=\"column\" data-e-type=\"column\">\n\t\t\t<div class=\"elementor-widget-wrap elementor-element-populated\">\n\t\t\t\t\t\t<div class=\"elementor-element elementor-element-7a4ec6f2 elementor-widget elementor-widget-image\" data-id=\"7a4ec6f2\" data-element_type=\"widget\" data-e-type=\"widget\" data-widget_type=\"image.default\">\n\t\t\t\t\t\t\t\t\t\t\t\t\t\t\t<img fetchpriority=\"high\" decoding=\"async\" width=\"800\" height=\"937\" src=\"https:\/\/felizfamilycare.com\/wp-content\/uploads\/2024\/06\/Adriana-SilvaFNP-C-874x1024.jpg\" class=\"attachment-large size-large wp-image-601\" alt=\"Adriana Silva,FNP-C\" srcset=\"https:\/\/felizfamilycare.com\/wp-content\/uploads\/2024\/06\/Adriana-SilvaFNP-C-874x1024.jpg 874w, https:\/\/felizfamilycare.com\/wp-content\/uploads\/2024\/06\/Adriana-SilvaFNP-C-256x300.jpg 256w, https:\/\/felizfamilycare.com\/wp-content\/uploads\/2024\/06\/Adriana-SilvaFNP-C-768x900.jpg 768w, https:\/\/felizfamilycare.com\/wp-content\/uploads\/2024\/06\/Adriana-SilvaFNP-C.jpg 900w\" sizes=\"(max-width: 800px) 100vw, 800px\" \/>\t\t\t\t\t\t\t\t\t\t\t\t\t\t\t<\/div>\n\t\t\t\t\t<\/div>\n\t\t<\/div>\n\t\t\t\t<div class=\"elementor-column elementor-col-50 elementor-inner-column elementor-element elementor-element-7991585b\" data-id=\"7991585b\" data-element_type=\"column\" data-e-type=\"column\">\n\t\t\t<div class=\"elementor-widget-wrap elementor-element-populated\">\n\t\t\t\t\t\t<div class=\"elementor-element elementor-element-72974bd5 elementor-widget elementor-widget-heading\" data-id=\"72974bd5\" data-element_type=\"widget\" data-e-type=\"widget\" data-widget_type=\"heading.default\">\n\t\t\t\t\t<h3 class=\"elementor-heading-title elementor-size-default\">Adriana Silva FNP<\/h3>\t\t\t\t<\/div>\n\t\t\t\t<div class=\"elementor-element elementor-element-3463d577 elementor-widget elementor-widget-heading\" data-id=\"3463d577\" data-element_type=\"widget\" data-e-type=\"widget\" data-widget_type=\"heading.default\">\n\t\t\t\t\t<h6 class=\"elementor-heading-title elementor-size-default\">Feliz Family Care  Happy Kids Pediatric: Camelback<\/h6>\t\t\t\t<\/div>\n\t\t\t\t<div class=\"elementor-element elementor-element-67ff6e96 elementor-widget-divider--view-line elementor-widget elementor-widget-divider\" data-id=\"67ff6e96\" data-element_type=\"widget\" data-e-type=\"widget\" data-widget_type=\"divider.default\">\n\t\t\t\t\t\t\t<div class=\"elementor-divider\">\n\t\t\t<span class=\"elementor-divider-separator\">\n\t\t\t\t\t\t<\/span>\n\t\t<\/div>\n\t\t\t\t\t\t<\/div>\n\t\t\t\t\t<\/div>\n\t\t<\/div>\n\t\t\t\t\t<\/div>\n\t\t<\/section>\n\t\t\t\t\t<\/div>\n\t\t<\/div>\n\t\t\t\t\t<\/div>\n\t\t<\/section>\n\t\t\t\t<section class=\"elementor-section elementor-top-section elementor-element elementor-element-402b6511 elementor-section-boxed elementor-section-height-default elementor-section-height-default\" data-id=\"402b6511\" data-element_type=\"section\" data-e-type=\"section\">\n\t\t\t\t\t\t<div class=\"elementor-container elementor-column-gap-default\">\n\t\t\t\t\t<div class=\"elementor-column elementor-col-100 elementor-top-column elementor-element elementor-element-6f085518\" data-id=\"6f085518\" data-element_type=\"column\" data-e-type=\"column\">\n\t\t\t<div class=\"elementor-widget-wrap elementor-element-populated\">\n\t\t\t\t\t\t<section class=\"elementor-section elementor-inner-section elementor-element elementor-element-4df6389 elementor-section-boxed elementor-section-height-default elementor-section-height-default\" data-id=\"4df6389\" data-element_type=\"section\" data-e-type=\"section\">\n\t\t\t\t\t\t<div class=\"elementor-container elementor-column-gap-default\">\n\t\t\t\t\t<div class=\"elementor-column elementor-col-50 elementor-inner-column elementor-element elementor-element-bca322\" data-id=\"bca322\" data-element_type=\"column\" data-e-type=\"column\">\n\t\t\t<div class=\"elementor-widget-wrap elementor-element-populated\">\n\t\t\t\t\t\t<div class=\"elementor-element elementor-element-4a33c470 elementor-widget elementor-widget-heading\" data-id=\"4a33c470\" data-element_type=\"widget\" data-e-type=\"widget\" data-widget_type=\"heading.default\">\n\t\t\t\t\t<h3 class=\"elementor-heading-title elementor-size-default\">Descripci\u00f3n general<\/h3>\t\t\t\t<\/div>\n\t\t\t\t<div class=\"elementor-element elementor-element-38b20cb8 elementor-widget__width-initial elementor-widget elementor-widget-heading\" data-id=\"38b20cb8\" data-element_type=\"widget\" data-e-type=\"widget\" data-widget_type=\"heading.default\">\n\t\t\t\t\t<h6 class=\"elementor-heading-title elementor-size-default\">Enfermera Familiar Certificada (Family Nurse Practitioner) con experiencia, dedicada a proporcionar atenci\u00f3n m\u00e9dica de alta calidad y a promover el crecimiento personal y profesional. Graduada de la Universidad del Norte de Arizona, contin\u00faa su educaci\u00f3n para obtener una segunda maestr\u00eda como Enfermera Psiqui\u00e1trica (Psychiatric Nurse Practitioner) en la Universidad de Phoenix. Registrada en la Asociaci\u00f3n Americana de Enfermeras, su pasi\u00f3n por la atenci\u00f3n m\u00e9dica surge del deseo de ayudar a la comunidad.<br><br> Durante la crisis de la pandemia, trabaj\u00f3 en m\u00faltiples instalaciones, cuidando a pacientes en la UCI en el valle. Sus habilidades clave incluyen la comunicaci\u00f3n, la educaci\u00f3n, la prevenci\u00f3n y el bienestar. Fuera del trabajo, disfruta ir al gimnasio, correr largas distancias y organizar.<br><br> Como proveedora de atenci\u00f3n m\u00e9dica latina, encuentra su carrera gratificante y significativa, con un fuerte enfoque en la responsabilidad. Casada y con dos hijos y mascotas, su pasi\u00f3n se extiende a apoyar el Autismo y las Olimpiadas Especiales. La familia lo es todo para m\u00ed, con todos mis seres queridos residiendo en M\u00e9xico.<\/h6>\t\t\t\t<\/div>\n\t\t\t\t\t<\/div>\n\t\t<\/div>\n\t\t\t\t<div class=\"elementor-column elementor-col-50 elementor-inner-column elementor-element elementor-element-5b07c8f3\" data-id=\"5b07c8f3\" data-element_type=\"column\" data-e-type=\"column\">\n\t\t\t<div class=\"elementor-widget-wrap\">\n\t\t\t\t\t\t\t<\/div>\n\t\t<\/div>\n\t\t\t\t\t<\/div>\n\t\t<\/section>\n\t\t\t\t\t<\/div>\n\t\t<\/div>\n\t\t\t\t\t<\/div>\n\t\t<\/section>\n\t\t\t\t<\/div>\n\t\t","protected":false},"excerpt":{"rendered":"<p>Adriana Silva FNP Feliz Family Care Happy Kids Pediatric: Camelback Adriana Silva FNP Feliz Family Care Happy Kids Pediatric: Camelback Descripci\u00f3n general Enfermera Familiar Certificada (Family Nurse Practitioner) con experiencia, dedicada a proporcionar atenci\u00f3n m\u00e9dica de alta calidad y a promover el crecimiento personal y profesional. Graduada de la Universidad del Norte de Arizona, contin\u00faa [&hellip;]<\/p>\n","protected":false},"author":1,"featured_media":601,"parent":0,"menu_order":0,"comment_status":"closed","ping_status":"closed","template":"elementor_header_footer","meta":{"footnotes":""},"class_list":["post-739","page","type-page","status-publish","has-post-thumbnail","hentry"],"yoast_head":"<!-- This site is optimized with the Yoast SEO plugin v27.4 - https:\/\/yoast.com\/product\/yoast-seo-wordpress\/ -->\n<title>Adriana Silva FNP - Feliz Family Care<\/title>\n<meta name=\"description\" content=\"Enfermera Familiar Certificada (Family Nurse Practitioner) con experiencia, dedicada a proporcionar atenci\u00f3n m\u00e9dica de alta calidad y a promover el crecimiento personal y profesional. Graduada de la Universidad del Norte de Arizona, contin\u00faa su educaci\u00f3n para obtener una segunda maestr\u00eda como Enfermera Psiqui\u00e1trica (Psychiatric Nurse Practitioner) en la Universidad de Phoenix. Registrada en la Asociaci\u00f3n Americana de Enfermeras, su pasi\u00f3n por la atenci\u00f3n m\u00e9dica surge del deseo de ayudar a la comunidad.\" \/>\n<meta name=\"robots\" content=\"index, follow, max-snippet:-1, max-image-preview:large, max-video-preview:-1\" \/>\n<link rel=\"canonical\" href=\"https:\/\/felizfamilycare.com\/es\/adriana-silva-fnp\/\" \/>\n<meta property=\"og:locale\" content=\"es_ES\" \/>\n<meta property=\"og:type\" content=\"article\" \/>\n<meta property=\"og:title\" content=\"Adriana Silva FNP - Feliz Family Care\" \/>\n<meta property=\"og:description\" content=\"Enfermera Familiar Certificada (Family Nurse Practitioner) con experiencia, dedicada a proporcionar atenci\u00f3n m\u00e9dica de alta calidad y a promover el crecimiento personal y profesional. Graduada de la Universidad del Norte de Arizona, contin\u00faa su educaci\u00f3n para obtener una segunda maestr\u00eda como Enfermera Psiqui\u00e1trica (Psychiatric Nurse Practitioner) en la Universidad de Phoenix. Registrada en la Asociaci\u00f3n Americana de Enfermeras, su pasi\u00f3n por la atenci\u00f3n m\u00e9dica surge del deseo de ayudar a la comunidad.\" \/>\n<meta property=\"og:url\" content=\"https:\/\/felizfamilycare.com\/es\/adriana-silva-fnp\/\" \/>\n<meta property=\"og:site_name\" content=\"Feliz Family Care\" \/>\n<meta property=\"article:modified_time\" content=\"2024-07-25T18:05:55+00:00\" \/>\n<meta property=\"og:image\" content=\"https:\/\/felizfamilycare.com\/wp-content\/uploads\/2024\/06\/Adriana-SilvaFNP-C.jpg\" \/>\n\t<meta property=\"og:image:width\" content=\"900\" \/>\n\t<meta property=\"og:image:height\" content=\"1055\" \/>\n\t<meta property=\"og:image:type\" content=\"image\/jpeg\" \/>\n<meta name=\"twitter:card\" content=\"summary_large_image\" \/>\n<meta name=\"twitter:label1\" content=\"Tiempo de lectura\" \/>\n\t<meta name=\"twitter:data1\" content=\"1 minuto\" \/>\n<script type=\"application\/ld+json\" class=\"yoast-schema-graph\">{\"@context\":\"https:\\\/\\\/schema.org\",\"@graph\":[{\"@type\":\"WebPage\",\"@id\":\"https:\\\/\\\/felizfamilycare.com\\\/es\\\/adriana-silva-fnp\\\/\",\"url\":\"https:\\\/\\\/felizfamilycare.com\\\/es\\\/adriana-silva-fnp\\\/\",\"name\":\"Adriana Silva FNP - Feliz Family Care\",\"isPartOf\":{\"@id\":\"https:\\\/\\\/felizfamilycare.com\\\/es\\\/#website\"},\"primaryImageOfPage\":{\"@id\":\"https:\\\/\\\/felizfamilycare.com\\\/es\\\/adriana-silva-fnp\\\/#primaryimage\"},\"image\":{\"@id\":\"https:\\\/\\\/felizfamilycare.com\\\/es\\\/adriana-silva-fnp\\\/#primaryimage\"},\"thumbnailUrl\":\"https:\\\/\\\/felizfamilycare.com\\\/wp-content\\\/uploads\\\/2024\\\/06\\\/Adriana-SilvaFNP-C.jpg\",\"datePublished\":\"2024-07-24T22:55:30+00:00\",\"dateModified\":\"2024-07-25T18:05:55+00:00\",\"description\":\"Enfermera Familiar Certificada (Family Nurse Practitioner) con experiencia, dedicada a proporcionar atenci\u00f3n m\u00e9dica de alta calidad y a promover el crecimiento personal y profesional. Graduada de la Universidad del Norte de Arizona, contin\u00faa su educaci\u00f3n para obtener una segunda maestr\u00eda como Enfermera Psiqui\u00e1trica (Psychiatric Nurse Practitioner) en la Universidad de Phoenix. Registrada en la Asociaci\u00f3n Americana de Enfermeras, su pasi\u00f3n por la atenci\u00f3n m\u00e9dica surge del deseo de ayudar a la comunidad.\",\"breadcrumb\":{\"@id\":\"https:\\\/\\\/felizfamilycare.com\\\/es\\\/adriana-silva-fnp\\\/#breadcrumb\"},\"inLanguage\":\"es\",\"potentialAction\":[{\"@type\":\"ReadAction\",\"target\":[\"https:\\\/\\\/felizfamilycare.com\\\/es\\\/adriana-silva-fnp\\\/\"]}]},{\"@type\":\"ImageObject\",\"inLanguage\":\"es\",\"@id\":\"https:\\\/\\\/felizfamilycare.com\\\/es\\\/adriana-silva-fnp\\\/#primaryimage\",\"url\":\"https:\\\/\\\/felizfamilycare.com\\\/wp-content\\\/uploads\\\/2024\\\/06\\\/Adriana-SilvaFNP-C.jpg\",\"contentUrl\":\"https:\\\/\\\/felizfamilycare.com\\\/wp-content\\\/uploads\\\/2024\\\/06\\\/Adriana-SilvaFNP-C.jpg\",\"width\":900,\"height\":1055,\"caption\":\"Adriana Silva,FNP-C\"},{\"@type\":\"BreadcrumbList\",\"@id\":\"https:\\\/\\\/felizfamilycare.com\\\/es\\\/adriana-silva-fnp\\\/#breadcrumb\",\"itemListElement\":[{\"@type\":\"ListItem\",\"position\":1,\"name\":\"Home\",\"item\":\"https:\\\/\\\/felizfamilycare.com\\\/es\\\/\"},{\"@type\":\"ListItem\",\"position\":2,\"name\":\"Adriana Silva FNP\"}]},{\"@type\":\"WebSite\",\"@id\":\"https:\\\/\\\/felizfamilycare.com\\\/es\\\/#website\",\"url\":\"https:\\\/\\\/felizfamilycare.com\\\/es\\\/\",\"name\":\"Feliz Family Care\",\"description\":\"Providing quality care for your family\",\"publisher\":{\"@id\":\"https:\\\/\\\/felizfamilycare.com\\\/es\\\/#organization\"},\"potentialAction\":[{\"@type\":\"SearchAction\",\"target\":{\"@type\":\"EntryPoint\",\"urlTemplate\":\"https:\\\/\\\/felizfamilycare.com\\\/es\\\/?s={search_term_string}\"},\"query-input\":{\"@type\":\"PropertyValueSpecification\",\"valueRequired\":true,\"valueName\":\"search_term_string\"}}],\"inLanguage\":\"es\"},{\"@type\":\"Organization\",\"@id\":\"https:\\\/\\\/felizfamilycare.com\\\/es\\\/#organization\",\"name\":\"Feliz Family Care\",\"url\":\"https:\\\/\\\/felizfamilycare.com\\\/es\\\/\",\"logo\":{\"@type\":\"ImageObject\",\"inLanguage\":\"es\",\"@id\":\"https:\\\/\\\/felizfamilycare.com\\\/es\\\/#\\\/schema\\\/logo\\\/image\\\/\",\"url\":\"https:\\\/\\\/felizfamilycare.com\\\/wp-content\\\/uploads\\\/2024\\\/08\\\/feliz-family-care-logo.webp\",\"contentUrl\":\"https:\\\/\\\/felizfamilycare.com\\\/wp-content\\\/uploads\\\/2024\\\/08\\\/feliz-family-care-logo.webp\",\"width\":645,\"height\":145,\"caption\":\"Feliz Family Care\"},\"image\":{\"@id\":\"https:\\\/\\\/felizfamilycare.com\\\/es\\\/#\\\/schema\\\/logo\\\/image\\\/\"}}]}<\/script>\n<!-- \/ Yoast SEO plugin. -->","yoast_head_json":{"title":"Adriana Silva FNP - Feliz Family Care","description":"Enfermera Familiar Certificada (Family Nurse Practitioner) con experiencia, dedicada a proporcionar atenci\u00f3n m\u00e9dica de alta calidad y a promover el crecimiento personal y profesional. Graduada de la Universidad del Norte de Arizona, contin\u00faa su educaci\u00f3n para obtener una segunda maestr\u00eda como Enfermera Psiqui\u00e1trica (Psychiatric Nurse Practitioner) en la Universidad de Phoenix. Registrada en la Asociaci\u00f3n Americana de Enfermeras, su pasi\u00f3n por la atenci\u00f3n m\u00e9dica surge del deseo de ayudar a la comunidad.","robots":{"index":"index","follow":"follow","max-snippet":"max-snippet:-1","max-image-preview":"max-image-preview:large","max-video-preview":"max-video-preview:-1"},"canonical":"https:\/\/felizfamilycare.com\/es\/adriana-silva-fnp\/","og_locale":"es_ES","og_type":"article","og_title":"Adriana Silva FNP - Feliz Family Care","og_description":"Enfermera Familiar Certificada (Family Nurse Practitioner) con experiencia, dedicada a proporcionar atenci\u00f3n m\u00e9dica de alta calidad y a promover el crecimiento personal y profesional. Graduada de la Universidad del Norte de Arizona, contin\u00faa su educaci\u00f3n para obtener una segunda maestr\u00eda como Enfermera Psiqui\u00e1trica (Psychiatric Nurse Practitioner) en la Universidad de Phoenix. Registrada en la Asociaci\u00f3n Americana de Enfermeras, su pasi\u00f3n por la atenci\u00f3n m\u00e9dica surge del deseo de ayudar a la comunidad.","og_url":"https:\/\/felizfamilycare.com\/es\/adriana-silva-fnp\/","og_site_name":"Feliz Family Care","article_modified_time":"2024-07-25T18:05:55+00:00","og_image":[{"width":900,"height":1055,"url":"https:\/\/felizfamilycare.com\/wp-content\/uploads\/2024\/06\/Adriana-SilvaFNP-C.jpg","type":"image\/jpeg"}],"twitter_card":"summary_large_image","twitter_misc":{"Tiempo de lectura":"1 minuto"},"schema":{"@context":"https:\/\/schema.org","@graph":[{"@type":"WebPage","@id":"https:\/\/felizfamilycare.com\/es\/adriana-silva-fnp\/","url":"https:\/\/felizfamilycare.com\/es\/adriana-silva-fnp\/","name":"Adriana Silva FNP - Feliz Family Care","isPartOf":{"@id":"https:\/\/felizfamilycare.com\/es\/#website"},"primaryImageOfPage":{"@id":"https:\/\/felizfamilycare.com\/es\/adriana-silva-fnp\/#primaryimage"},"image":{"@id":"https:\/\/felizfamilycare.com\/es\/adriana-silva-fnp\/#primaryimage"},"thumbnailUrl":"https:\/\/felizfamilycare.com\/wp-content\/uploads\/2024\/06\/Adriana-SilvaFNP-C.jpg","datePublished":"2024-07-24T22:55:30+00:00","dateModified":"2024-07-25T18:05:55+00:00","description":"Enfermera Familiar Certificada (Family Nurse Practitioner) con experiencia, dedicada a proporcionar atenci\u00f3n m\u00e9dica de alta calidad y a promover el crecimiento personal y profesional. Graduada de la Universidad del Norte de Arizona, contin\u00faa su educaci\u00f3n para obtener una segunda maestr\u00eda como Enfermera Psiqui\u00e1trica (Psychiatric Nurse Practitioner) en la Universidad de Phoenix. Registrada en la Asociaci\u00f3n Americana de Enfermeras, su pasi\u00f3n por la atenci\u00f3n m\u00e9dica surge del deseo de ayudar a la comunidad.","breadcrumb":{"@id":"https:\/\/felizfamilycare.com\/es\/adriana-silva-fnp\/#breadcrumb"},"inLanguage":"es","potentialAction":[{"@type":"ReadAction","target":["https:\/\/felizfamilycare.com\/es\/adriana-silva-fnp\/"]}]},{"@type":"ImageObject","inLanguage":"es","@id":"https:\/\/felizfamilycare.com\/es\/adriana-silva-fnp\/#primaryimage","url":"https:\/\/felizfamilycare.com\/wp-content\/uploads\/2024\/06\/Adriana-SilvaFNP-C.jpg","contentUrl":"https:\/\/felizfamilycare.com\/wp-content\/uploads\/2024\/06\/Adriana-SilvaFNP-C.jpg","width":900,"height":1055,"caption":"Adriana Silva,FNP-C"},{"@type":"BreadcrumbList","@id":"https:\/\/felizfamilycare.com\/es\/adriana-silva-fnp\/#breadcrumb","itemListElement":[{"@type":"ListItem","position":1,"name":"Home","item":"https:\/\/felizfamilycare.com\/es\/"},{"@type":"ListItem","position":2,"name":"Adriana Silva FNP"}]},{"@type":"WebSite","@id":"https:\/\/felizfamilycare.com\/es\/#website","url":"https:\/\/felizfamilycare.com\/es\/","name":"Feliz Family Care","description":"Providing quality care for your family","publisher":{"@id":"https:\/\/felizfamilycare.com\/es\/#organization"},"potentialAction":[{"@type":"SearchAction","target":{"@type":"EntryPoint","urlTemplate":"https:\/\/felizfamilycare.com\/es\/?s={search_term_string}"},"query-input":{"@type":"PropertyValueSpecification","valueRequired":true,"valueName":"search_term_string"}}],"inLanguage":"es"},{"@type":"Organization","@id":"https:\/\/felizfamilycare.com\/es\/#organization","name":"Feliz Family Care","url":"https:\/\/felizfamilycare.com\/es\/","logo":{"@type":"ImageObject","inLanguage":"es","@id":"https:\/\/felizfamilycare.com\/es\/#\/schema\/logo\/image\/","url":"https:\/\/felizfamilycare.com\/wp-content\/uploads\/2024\/08\/feliz-family-care-logo.webp","contentUrl":"https:\/\/felizfamilycare.com\/wp-content\/uploads\/2024\/08\/feliz-family-care-logo.webp","width":645,"height":145,"caption":"Feliz Family Care"},"image":{"@id":"https:\/\/felizfamilycare.com\/es\/#\/schema\/logo\/image\/"}}]}},"_links":{"self":[{"href":"https:\/\/felizfamilycare.com\/es\/wp-json\/wp\/v2\/pages\/739","targetHints":{"allow":["GET"]}}],"collection":[{"href":"https:\/\/felizfamilycare.com\/es\/wp-json\/wp\/v2\/pages"}],"about":[{"href":"https:\/\/felizfamilycare.com\/es\/wp-json\/wp\/v2\/types\/page"}],"author":[{"embeddable":true,"href":"https:\/\/felizfamilycare.com\/es\/wp-json\/wp\/v2\/users\/1"}],"replies":[{"embeddable":true,"href":"https:\/\/felizfamilycare.com\/es\/wp-json\/wp\/v2\/comments?post=739"}],"version-history":[{"count":0,"href":"https:\/\/felizfamilycare.com\/es\/wp-json\/wp\/v2\/pages\/739\/revisions"}],"wp:featuredmedia":[{"embeddable":true,"href":"https:\/\/felizfamilycare.com\/es\/wp-json\/wp\/v2\/media\/601"}],"wp:attachment":[{"href":"https:\/\/felizfamilycare.com\/es\/wp-json\/wp\/v2\/media?parent=739"}],"curies":[{"name":"wp","href":"https:\/\/api.w.org\/{rel}","templated":true}]}}