{"id":407,"date":"2024-03-07T22:01:16","date_gmt":"2024-03-08T05:01:16","guid":{"rendered":"https:\/\/felizcare.wpenginepowered.com\/nuestro-equipo\/"},"modified":"2025-10-30T13:55:45","modified_gmt":"2025-10-30T20:55:45","slug":"nuestro-equipo","status":"publish","type":"page","link":"https:\/\/felizfamilycare.com\/es\/nuestro-equipo\/","title":{"rendered":"Nuestro equipo"},"content":{"rendered":"\t\t<div data-elementor-type=\"wp-page\" data-elementor-id=\"407\" class=\"elementor elementor-407\" data-elementor-post-type=\"page\">\n\t\t\t\t\t\t<section class=\"elementor-section elementor-top-section elementor-element elementor-element-7af0fcd9 elementor-section-height-min-height elementor-section-boxed elementor-section-height-default elementor-section-items-middle\" data-id=\"7af0fcd9\" data-element_type=\"section\" data-e-type=\"section\" data-settings=\"{&quot;background_background&quot;:&quot;classic&quot;}\">\n\t\t\t\t\t\t\t<div class=\"elementor-background-overlay\"><\/div>\n\t\t\t\t\t\t\t<div class=\"elementor-container elementor-column-gap-default\">\n\t\t\t\t\t<div class=\"elementor-column elementor-col-100 elementor-top-column elementor-element elementor-element-78e317aa\" data-id=\"78e317aa\" data-element_type=\"column\" data-e-type=\"column\">\n\t\t\t<div class=\"elementor-widget-wrap elementor-element-populated\">\n\t\t\t\t\t\t<div class=\"elementor-element elementor-element-28f0156b elementor-widget__width-initial elementor-widget elementor-widget-heading\" data-id=\"28f0156b\" data-element_type=\"widget\" data-e-type=\"widget\" data-widget_type=\"heading.default\">\n\t\t\t\t\t<h3 class=\"elementor-heading-title elementor-size-default\">Nuestro equipo<\/h3>\t\t\t\t<\/div>\n\t\t\t\t<div class=\"elementor-element elementor-element-342a58fd elementor-widget-tablet__width-initial elementor-widget elementor-widget-heading\" data-id=\"342a58fd\" data-element_type=\"widget\" data-e-type=\"widget\" data-widget_type=\"heading.default\">\n\t\t\t\t\t<h6 class=\"elementor-heading-title elementor-size-default\">Conozca al equipo de Feliz Family Care<\/h6>\t\t\t\t<\/div>\n\t\t\t\t\t<\/div>\n\t\t<\/div>\n\t\t\t\t\t<\/div>\n\t\t<\/section>\n\t\t\t\t<section class=\"elementor-section elementor-top-section elementor-element elementor-element-23fe7ab6 elementor-section-boxed elementor-section-height-default elementor-section-height-default\" data-id=\"23fe7ab6\" data-element_type=\"section\" data-e-type=\"section\">\n\t\t\t\t\t\t<div class=\"elementor-container elementor-column-gap-default\">\n\t\t\t\t\t<div class=\"elementor-column elementor-col-100 elementor-top-column elementor-element elementor-element-4925d1c\" data-id=\"4925d1c\" data-element_type=\"column\" data-e-type=\"column\">\n\t\t\t<div class=\"elementor-widget-wrap elementor-element-populated\">\n\t\t\t\t\t\t<div class=\"elementor-element elementor-element-7230aa42 elementor-widget elementor-widget-heading\" data-id=\"7230aa42\" data-element_type=\"widget\" data-e-type=\"widget\" data-widget_type=\"heading.default\">\n\t\t\t\t\t<h3 class=\"elementor-heading-title elementor-size-default\">Conozca a los expertos detr\u00e1s de su cuidado<\/h3>\t\t\t\t<\/div>\n\t\t\t\t<section class=\"elementor-section elementor-inner-section elementor-element elementor-element-5eecdf7e elementor-section-boxed elementor-section-height-default elementor-section-height-default\" data-id=\"5eecdf7e\" data-element_type=\"section\" data-e-type=\"section\">\n\t\t\t\t\t\t<div class=\"elementor-container elementor-column-gap-default\">\n\t\t\t\t\t<div class=\"elementor-column elementor-col-33 elementor-inner-column elementor-element elementor-element-59bae876\" data-id=\"59bae876\" data-element_type=\"column\" data-e-type=\"column\" data-settings=\"{&quot;background_background&quot;:&quot;gradient&quot;}\">\n\t\t\t<div class=\"elementor-widget-wrap elementor-element-populated\">\n\t\t\t\t\t\t<div class=\"elementor-element elementor-element-71db4d17 elementor-widget elementor-widget-image\" data-id=\"71db4d17\" data-element_type=\"widget\" data-e-type=\"widget\" data-widget_type=\"image.default\">\n\t\t\t\t\t\t\t\t\t\t\t\t\t\t\t\t<a href=\"https:\/\/felizfamilycare.com\/es\/dr-jose-francisco-carrazco\/\">\n\t\t\t\t\t\t\t<img fetchpriority=\"high\" decoding=\"async\" width=\"800\" height=\"800\" src=\"https:\/\/felizfamilycare.com\/wp-content\/uploads\/2024\/03\/DrCarrazco.jpg\" class=\"attachment-large size-large wp-image-338\" alt=\"\" srcset=\"https:\/\/felizfamilycare.com\/wp-content\/uploads\/2024\/03\/DrCarrazco.jpg 800w, https:\/\/felizfamilycare.com\/wp-content\/uploads\/2024\/03\/DrCarrazco-300x300.jpg 300w, https:\/\/felizfamilycare.com\/wp-content\/uploads\/2024\/03\/DrCarrazco-150x150.jpg 150w, https:\/\/felizfamilycare.com\/wp-content\/uploads\/2024\/03\/DrCarrazco-768x768.jpg 768w\" sizes=\"(max-width: 800px) 100vw, 800px\" \/>\t\t\t\t\t\t\t\t<\/a>\n\t\t\t\t\t\t\t\t\t\t\t\t\t\t\t<\/div>\n\t\t\t\t<div class=\"elementor-element elementor-element-5dc03cc2 elementor-widget elementor-widget-heading\" data-id=\"5dc03cc2\" data-element_type=\"widget\" data-e-type=\"widget\" data-widget_type=\"heading.default\">\n\t\t\t\t\t<h5 class=\"elementor-heading-title elementor-size-default\"><a href=\"https:\/\/felizfamilycare.com\/es\/dr-jose-francisco-carrazco\/\">Jose Francisco Carrazco<\/a><\/h5>\t\t\t\t<\/div>\n\t\t\t\t<div class=\"elementor-element elementor-element-7aaf2b5 elementor-widget elementor-widget-heading\" data-id=\"7aaf2b5\" data-element_type=\"widget\" data-e-type=\"widget\" data-widget_type=\"heading.default\">\n\t\t\t\t\t<h6 class=\"elementor-heading-title elementor-size-default\"><a href=\"https:\/\/felizfamilycare.com\/es\/dr-jose-francisco-carrazco\/\">Fundador<\/a><\/h6>\t\t\t\t<\/div>\n\t\t\t\t\t<\/div>\n\t\t<\/div>\n\t\t\t\t<div class=\"elementor-column elementor-col-33 elementor-inner-column elementor-element elementor-element-5ab05748\" data-id=\"5ab05748\" data-element_type=\"column\" data-e-type=\"column\" data-settings=\"{&quot;background_background&quot;:&quot;gradient&quot;}\">\n\t\t\t<div class=\"elementor-widget-wrap elementor-element-populated\">\n\t\t\t\t\t\t<div class=\"elementor-element elementor-element-6d91dad5 elementor-widget elementor-widget-image\" data-id=\"6d91dad5\" data-element_type=\"widget\" data-e-type=\"widget\" data-widget_type=\"image.default\">\n\t\t\t\t\t\t\t\t\t\t\t\t\t\t\t\t<a href=\"https:\/\/felizfamilycare.com\/es\/nabor-rios-m-m-s-pa-c\/\">\n\t\t\t\t\t\t\t<img decoding=\"async\" width=\"800\" height=\"800\" src=\"https:\/\/felizfamilycare.com\/wp-content\/uploads\/2024\/03\/Nabor.jpg\" class=\"attachment-large size-large wp-image-340\" alt=\"\" srcset=\"https:\/\/felizfamilycare.com\/wp-content\/uploads\/2024\/03\/Nabor.jpg 800w, https:\/\/felizfamilycare.com\/wp-content\/uploads\/2024\/03\/Nabor-300x300.jpg 300w, https:\/\/felizfamilycare.com\/wp-content\/uploads\/2024\/03\/Nabor-150x150.jpg 150w, https:\/\/felizfamilycare.com\/wp-content\/uploads\/2024\/03\/Nabor-768x768.jpg 768w\" sizes=\"(max-width: 800px) 100vw, 800px\" \/>\t\t\t\t\t\t\t\t<\/a>\n\t\t\t\t\t\t\t\t\t\t\t\t\t\t\t<\/div>\n\t\t\t\t<div class=\"elementor-element elementor-element-524df54f elementor-widget elementor-widget-heading\" data-id=\"524df54f\" data-element_type=\"widget\" data-e-type=\"widget\" data-widget_type=\"heading.default\">\n\t\t\t\t\t<h5 class=\"elementor-heading-title elementor-size-default\"><a href=\"https:\/\/felizfamilycare.com\/es\/nabor-rios-m-m-s-pa-c\/\">Nabor Rios<\/a><\/h5>\t\t\t\t<\/div>\n\t\t\t\t<div class=\"elementor-element elementor-element-2bd6caf8 elementor-widget elementor-widget-heading\" data-id=\"2bd6caf8\" data-element_type=\"widget\" data-e-type=\"widget\" data-widget_type=\"heading.default\">\n\t\t\t\t\t<h6 class=\"elementor-heading-title elementor-size-default\"><a href=\"https:\/\/felizfamilycare.com\/es\/nabor-rios-m-m-s-pa-c\/\">Director m\u00e9dico asociado<\/a><\/h6>\t\t\t\t<\/div>\n\t\t\t\t\t<\/div>\n\t\t<\/div>\n\t\t\t\t<div class=\"elementor-column elementor-col-33 elementor-inner-column elementor-element elementor-element-15b583ab\" data-id=\"15b583ab\" data-element_type=\"column\" data-e-type=\"column\" data-settings=\"{&quot;background_background&quot;:&quot;gradient&quot;}\">\n\t\t\t<div class=\"elementor-widget-wrap elementor-element-populated\">\n\t\t\t\t\t\t<div class=\"elementor-element elementor-element-2ef79ff7 elementor-widget elementor-widget-image\" data-id=\"2ef79ff7\" data-element_type=\"widget\" data-e-type=\"widget\" data-widget_type=\"image.default\">\n\t\t\t\t\t\t\t\t\t\t\t\t\t\t\t\t<a href=\"https:\/\/felizfamilycare.com\/es\/angelina-canjura\/\">\n\t\t\t\t\t\t\t<img decoding=\"async\" width=\"800\" height=\"800\" src=\"https:\/\/felizfamilycare.com\/wp-content\/uploads\/2024\/03\/canjura.jpg\" class=\"attachment-large size-large wp-image-341\" alt=\"\" srcset=\"https:\/\/felizfamilycare.com\/wp-content\/uploads\/2024\/03\/canjura.jpg 800w, https:\/\/felizfamilycare.com\/wp-content\/uploads\/2024\/03\/canjura-300x300.jpg 300w, https:\/\/felizfamilycare.com\/wp-content\/uploads\/2024\/03\/canjura-150x150.jpg 150w, https:\/\/felizfamilycare.com\/wp-content\/uploads\/2024\/03\/canjura-768x768.jpg 768w\" sizes=\"(max-width: 800px) 100vw, 800px\" \/>\t\t\t\t\t\t\t\t<\/a>\n\t\t\t\t\t\t\t\t\t\t\t\t\t\t\t<\/div>\n\t\t\t\t<div class=\"elementor-element elementor-element-6484a1d6 elementor-widget elementor-widget-heading\" data-id=\"6484a1d6\" data-element_type=\"widget\" data-e-type=\"widget\" data-widget_type=\"heading.default\">\n\t\t\t\t\t<h5 class=\"elementor-heading-title elementor-size-default\"><a href=\"https:\/\/felizfamilycare.com\/es\/angelina-canjura\/\">Angelina Canjura<\/a><\/h5>\t\t\t\t<\/div>\n\t\t\t\t<div class=\"elementor-element elementor-element-5603086c elementor-widget elementor-widget-heading\" data-id=\"5603086c\" data-element_type=\"widget\" data-e-type=\"widget\" data-widget_type=\"heading.default\">\n\t\t\t\t\t<h6 class=\"elementor-heading-title elementor-size-default\"><a href=\"https:\/\/felizfamilycare.com\/es\/angelina-canjura\/\">Enfermera Certificada<\/a><\/h6>\t\t\t\t<\/div>\n\t\t\t\t\t<\/div>\n\t\t<\/div>\n\t\t\t\t\t<\/div>\n\t\t<\/section>\n\t\t\t\t\t<\/div>\n\t\t<\/div>\n\t\t\t\t\t<\/div>\n\t\t<\/section>\n\t\t\t\t<\/div>\n\t\t","protected":false},"excerpt":{"rendered":"<p>Nuestro equipo Conozca al equipo de Feliz Family Care Conozca a los expertos detr\u00e1s de su cuidado Jose Francisco Carrazco Fundador Nabor Rios Director m\u00e9dico asociado Angelina Canjura Enfermera Certificada<\/p>\n","protected":false},"author":1,"featured_media":338,"parent":0,"menu_order":0,"comment_status":"closed","ping_status":"closed","template":"elementor_header_footer","meta":{"footnotes":""},"class_list":["post-407","page","type-page","status-publish","has-post-thumbnail","hentry"],"yoast_head":"<!-- This site is optimized with the Yoast SEO plugin v27.3 - https:\/\/yoast.com\/product\/yoast-seo-wordpress\/ -->\n<title>Nuestro Equipo de Profesionales M\u00e9dicos | Feliz Family Care<\/title>\n<meta name=\"description\" content=\"Nuestro personal m\u00e9dico en Feliz Family Care est\u00e1 comprometido con ofrecer la mejor atenci\u00f3n y cuidado para tu bienestar.\" \/>\n<meta name=\"robots\" content=\"index, follow, max-snippet:-1, max-image-preview:large, max-video-preview:-1\" \/>\n<link rel=\"canonical\" href=\"https:\/\/felizfamilycare.com\/es\/nuestro-equipo\/\" \/>\n<meta property=\"og:locale\" content=\"es_ES\" \/>\n<meta property=\"og:type\" content=\"article\" \/>\n<meta property=\"og:title\" content=\"Nuestro Equipo de Profesionales M\u00e9dicos | Feliz Family Care\" \/>\n<meta property=\"og:description\" content=\"Nuestro personal m\u00e9dico en Feliz Family Care est\u00e1 comprometido con ofrecer la mejor atenci\u00f3n y cuidado para tu bienestar.\" \/>\n<meta property=\"og:url\" content=\"https:\/\/felizfamilycare.com\/es\/nuestro-equipo\/\" \/>\n<meta property=\"og:site_name\" content=\"Feliz Family Care\" \/>\n<meta property=\"article:modified_time\" content=\"2025-10-30T20:55:45+00:00\" \/>\n<meta property=\"og:image\" content=\"https:\/\/felizfamilycare.com\/wp-content\/uploads\/2024\/03\/DrCarrazco.jpg\" \/>\n\t<meta property=\"og:image:width\" content=\"800\" \/>\n\t<meta property=\"og:image:height\" content=\"800\" \/>\n\t<meta property=\"og:image:type\" content=\"image\/jpeg\" \/>\n<meta name=\"twitter:card\" content=\"summary_large_image\" \/>\n<meta name=\"twitter:title\" content=\"Nuestro Equipo de Profesionales M\u00e9dicos | Feliz Family Care\" \/>\n<meta name=\"twitter:description\" content=\"Nuestro personal m\u00e9dico en Feliz Family Care est\u00e1 comprometido con ofrecer la mejor atenci\u00f3n y cuidado para tu bienestar.\" \/>\n<meta name=\"twitter:image\" content=\"https:\/\/felizfamilycare.com\/wp-content\/uploads\/2024\/03\/DrCarrazco.jpg\" \/>\n<meta name=\"twitter:label1\" content=\"Tiempo de lectura\" \/>\n\t<meta name=\"twitter:data1\" content=\"1 minuto\" \/>\n<script type=\"application\/ld+json\" class=\"yoast-schema-graph\">{\"@context\":\"https:\\\/\\\/schema.org\",\"@graph\":[{\"@type\":\"WebPage\",\"@id\":\"https:\\\/\\\/felizfamilycare.com\\\/es\\\/nuestro-equipo\\\/\",\"url\":\"https:\\\/\\\/felizfamilycare.com\\\/es\\\/nuestro-equipo\\\/\",\"name\":\"Nuestro Equipo de Profesionales M\u00e9dicos | Feliz Family Care\",\"isPartOf\":{\"@id\":\"https:\\\/\\\/felizfamilycare.com\\\/es\\\/#website\"},\"primaryImageOfPage\":{\"@id\":\"https:\\\/\\\/felizfamilycare.com\\\/es\\\/nuestro-equipo\\\/#primaryimage\"},\"image\":{\"@id\":\"https:\\\/\\\/felizfamilycare.com\\\/es\\\/nuestro-equipo\\\/#primaryimage\"},\"thumbnailUrl\":\"https:\\\/\\\/felizfamilycare.com\\\/wp-content\\\/uploads\\\/2024\\\/03\\\/DrCarrazco.jpg\",\"datePublished\":\"2024-03-08T05:01:16+00:00\",\"dateModified\":\"2025-10-30T20:55:45+00:00\",\"description\":\"Nuestro personal m\u00e9dico en Feliz Family Care est\u00e1 comprometido con ofrecer la mejor atenci\u00f3n y cuidado para tu bienestar.\",\"breadcrumb\":{\"@id\":\"https:\\\/\\\/felizfamilycare.com\\\/es\\\/nuestro-equipo\\\/#breadcrumb\"},\"inLanguage\":\"es\",\"potentialAction\":[{\"@type\":\"ReadAction\",\"target\":[\"https:\\\/\\\/felizfamilycare.com\\\/es\\\/nuestro-equipo\\\/\"]}]},{\"@type\":\"ImageObject\",\"inLanguage\":\"es\",\"@id\":\"https:\\\/\\\/felizfamilycare.com\\\/es\\\/nuestro-equipo\\\/#primaryimage\",\"url\":\"https:\\\/\\\/felizfamilycare.com\\\/wp-content\\\/uploads\\\/2024\\\/03\\\/DrCarrazco.jpg\",\"contentUrl\":\"https:\\\/\\\/felizfamilycare.com\\\/wp-content\\\/uploads\\\/2024\\\/03\\\/DrCarrazco.jpg\",\"width\":800,\"height\":800},{\"@type\":\"BreadcrumbList\",\"@id\":\"https:\\\/\\\/felizfamilycare.com\\\/es\\\/nuestro-equipo\\\/#breadcrumb\",\"itemListElement\":[{\"@type\":\"ListItem\",\"position\":1,\"name\":\"Home\",\"item\":\"https:\\\/\\\/felizfamilycare.com\\\/es\\\/\"},{\"@type\":\"ListItem\",\"position\":2,\"name\":\"Nuestro equipo\"}]},{\"@type\":\"WebSite\",\"@id\":\"https:\\\/\\\/felizfamilycare.com\\\/es\\\/#website\",\"url\":\"https:\\\/\\\/felizfamilycare.com\\\/es\\\/\",\"name\":\"Feliz Family Care\",\"description\":\"Providing quality care for your family\",\"publisher\":{\"@id\":\"https:\\\/\\\/felizfamilycare.com\\\/es\\\/#organization\"},\"potentialAction\":[{\"@type\":\"SearchAction\",\"target\":{\"@type\":\"EntryPoint\",\"urlTemplate\":\"https:\\\/\\\/felizfamilycare.com\\\/es\\\/?s={search_term_string}\"},\"query-input\":{\"@type\":\"PropertyValueSpecification\",\"valueRequired\":true,\"valueName\":\"search_term_string\"}}],\"inLanguage\":\"es\"},{\"@type\":\"Organization\",\"@id\":\"https:\\\/\\\/felizfamilycare.com\\\/es\\\/#organization\",\"name\":\"Feliz Family Care\",\"url\":\"https:\\\/\\\/felizfamilycare.com\\\/es\\\/\",\"logo\":{\"@type\":\"ImageObject\",\"inLanguage\":\"es\",\"@id\":\"https:\\\/\\\/felizfamilycare.com\\\/es\\\/#\\\/schema\\\/logo\\\/image\\\/\",\"url\":\"https:\\\/\\\/felizfamilycare.com\\\/wp-content\\\/uploads\\\/2024\\\/08\\\/feliz-family-care-logo.webp\",\"contentUrl\":\"https:\\\/\\\/felizfamilycare.com\\\/wp-content\\\/uploads\\\/2024\\\/08\\\/feliz-family-care-logo.webp\",\"width\":645,\"height\":145,\"caption\":\"Feliz Family Care\"},\"image\":{\"@id\":\"https:\\\/\\\/felizfamilycare.com\\\/es\\\/#\\\/schema\\\/logo\\\/image\\\/\"}}]}<\/script>\n<!-- \/ Yoast SEO plugin. -->","yoast_head_json":{"title":"Nuestro Equipo de Profesionales M\u00e9dicos | Feliz Family Care","description":"Nuestro personal m\u00e9dico en Feliz Family Care est\u00e1 comprometido con ofrecer la mejor atenci\u00f3n y cuidado para tu bienestar.","robots":{"index":"index","follow":"follow","max-snippet":"max-snippet:-1","max-image-preview":"max-image-preview:large","max-video-preview":"max-video-preview:-1"},"canonical":"https:\/\/felizfamilycare.com\/es\/nuestro-equipo\/","og_locale":"es_ES","og_type":"article","og_title":"Nuestro Equipo de Profesionales M\u00e9dicos | Feliz Family Care","og_description":"Nuestro personal m\u00e9dico en Feliz Family Care est\u00e1 comprometido con ofrecer la mejor atenci\u00f3n y cuidado para tu bienestar.","og_url":"https:\/\/felizfamilycare.com\/es\/nuestro-equipo\/","og_site_name":"Feliz Family Care","article_modified_time":"2025-10-30T20:55:45+00:00","og_image":[{"width":800,"height":800,"url":"https:\/\/felizfamilycare.com\/wp-content\/uploads\/2024\/03\/DrCarrazco.jpg","type":"image\/jpeg"}],"twitter_card":"summary_large_image","twitter_title":"Nuestro Equipo de Profesionales M\u00e9dicos | Feliz Family Care","twitter_description":"Nuestro personal m\u00e9dico en Feliz Family Care est\u00e1 comprometido con ofrecer la mejor atenci\u00f3n y cuidado para tu bienestar.","twitter_image":"https:\/\/felizfamilycare.com\/wp-content\/uploads\/2024\/03\/DrCarrazco.jpg","twitter_misc":{"Tiempo de lectura":"1 minuto"},"schema":{"@context":"https:\/\/schema.org","@graph":[{"@type":"WebPage","@id":"https:\/\/felizfamilycare.com\/es\/nuestro-equipo\/","url":"https:\/\/felizfamilycare.com\/es\/nuestro-equipo\/","name":"Nuestro Equipo de Profesionales M\u00e9dicos | Feliz Family Care","isPartOf":{"@id":"https:\/\/felizfamilycare.com\/es\/#website"},"primaryImageOfPage":{"@id":"https:\/\/felizfamilycare.com\/es\/nuestro-equipo\/#primaryimage"},"image":{"@id":"https:\/\/felizfamilycare.com\/es\/nuestro-equipo\/#primaryimage"},"thumbnailUrl":"https:\/\/felizfamilycare.com\/wp-content\/uploads\/2024\/03\/DrCarrazco.jpg","datePublished":"2024-03-08T05:01:16+00:00","dateModified":"2025-10-30T20:55:45+00:00","description":"Nuestro personal m\u00e9dico en Feliz Family Care est\u00e1 comprometido con ofrecer la mejor atenci\u00f3n y cuidado para tu bienestar.","breadcrumb":{"@id":"https:\/\/felizfamilycare.com\/es\/nuestro-equipo\/#breadcrumb"},"inLanguage":"es","potentialAction":[{"@type":"ReadAction","target":["https:\/\/felizfamilycare.com\/es\/nuestro-equipo\/"]}]},{"@type":"ImageObject","inLanguage":"es","@id":"https:\/\/felizfamilycare.com\/es\/nuestro-equipo\/#primaryimage","url":"https:\/\/felizfamilycare.com\/wp-content\/uploads\/2024\/03\/DrCarrazco.jpg","contentUrl":"https:\/\/felizfamilycare.com\/wp-content\/uploads\/2024\/03\/DrCarrazco.jpg","width":800,"height":800},{"@type":"BreadcrumbList","@id":"https:\/\/felizfamilycare.com\/es\/nuestro-equipo\/#breadcrumb","itemListElement":[{"@type":"ListItem","position":1,"name":"Home","item":"https:\/\/felizfamilycare.com\/es\/"},{"@type":"ListItem","position":2,"name":"Nuestro equipo"}]},{"@type":"WebSite","@id":"https:\/\/felizfamilycare.com\/es\/#website","url":"https:\/\/felizfamilycare.com\/es\/","name":"Feliz Family Care","description":"Providing quality care for your family","publisher":{"@id":"https:\/\/felizfamilycare.com\/es\/#organization"},"potentialAction":[{"@type":"SearchAction","target":{"@type":"EntryPoint","urlTemplate":"https:\/\/felizfamilycare.com\/es\/?s={search_term_string}"},"query-input":{"@type":"PropertyValueSpecification","valueRequired":true,"valueName":"search_term_string"}}],"inLanguage":"es"},{"@type":"Organization","@id":"https:\/\/felizfamilycare.com\/es\/#organization","name":"Feliz Family Care","url":"https:\/\/felizfamilycare.com\/es\/","logo":{"@type":"ImageObject","inLanguage":"es","@id":"https:\/\/felizfamilycare.com\/es\/#\/schema\/logo\/image\/","url":"https:\/\/felizfamilycare.com\/wp-content\/uploads\/2024\/08\/feliz-family-care-logo.webp","contentUrl":"https:\/\/felizfamilycare.com\/wp-content\/uploads\/2024\/08\/feliz-family-care-logo.webp","width":645,"height":145,"caption":"Feliz Family Care"},"image":{"@id":"https:\/\/felizfamilycare.com\/es\/#\/schema\/logo\/image\/"}}]}},"_links":{"self":[{"href":"https:\/\/felizfamilycare.com\/es\/wp-json\/wp\/v2\/pages\/407","targetHints":{"allow":["GET"]}}],"collection":[{"href":"https:\/\/felizfamilycare.com\/es\/wp-json\/wp\/v2\/pages"}],"about":[{"href":"https:\/\/felizfamilycare.com\/es\/wp-json\/wp\/v2\/types\/page"}],"author":[{"embeddable":true,"href":"https:\/\/felizfamilycare.com\/es\/wp-json\/wp\/v2\/users\/1"}],"replies":[{"embeddable":true,"href":"https:\/\/felizfamilycare.com\/es\/wp-json\/wp\/v2\/comments?post=407"}],"version-history":[{"count":3,"href":"https:\/\/felizfamilycare.com\/es\/wp-json\/wp\/v2\/pages\/407\/revisions"}],"predecessor-version":[{"id":1010,"href":"https:\/\/felizfamilycare.com\/es\/wp-json\/wp\/v2\/pages\/407\/revisions\/1010"}],"wp:featuredmedia":[{"embeddable":true,"href":"https:\/\/felizfamilycare.com\/es\/wp-json\/wp\/v2\/media\/338"}],"wp:attachment":[{"href":"https:\/\/felizfamilycare.com\/es\/wp-json\/wp\/v2\/media?parent=407"}],"curies":[{"name":"wp","href":"https:\/\/api.w.org\/{rel}","templated":true}]}}