{"id":406,"date":"2024-03-26T10:37:04","date_gmt":"2024-03-26T17:37:04","guid":{"rendered":"https:\/\/felizcare.wpenginepowered.com\/nabor-rios-m-m-s-pa-c\/"},"modified":"2024-07-25T15:43:09","modified_gmt":"2024-07-25T22:43:09","slug":"nabor-rios-m-m-s-pa-c","status":"publish","type":"page","link":"https:\/\/felizfamilycare.com\/es\/nabor-rios-m-m-s-pa-c\/","title":{"rendered":"Nabor Rios M., M.S., PA-C"},"content":{"rendered":"\t\t<div data-elementor-type=\"wp-page\" data-elementor-id=\"406\" class=\"elementor elementor-406\" data-elementor-post-type=\"page\">\n\t\t\t\t\t\t<section class=\"elementor-section elementor-top-section elementor-element elementor-element-a2f6aed elementor-section-height-min-height elementor-section-boxed elementor-section-height-default elementor-section-items-middle\" data-id=\"a2f6aed\" data-element_type=\"section\" data-e-type=\"section\" data-settings=\"{&quot;background_background&quot;:&quot;classic&quot;}\">\n\t\t\t\t\t\t\t<div class=\"elementor-background-overlay\"><\/div>\n\t\t\t\t\t\t\t<div class=\"elementor-container elementor-column-gap-default\">\n\t\t\t\t\t<div class=\"elementor-column elementor-col-100 elementor-top-column elementor-element elementor-element-3f0d4abd\" data-id=\"3f0d4abd\" data-element_type=\"column\" data-e-type=\"column\">\n\t\t\t<div class=\"elementor-widget-wrap elementor-element-populated\">\n\t\t\t\t\t\t<div class=\"elementor-element elementor-element-6995276b elementor-widget__width-initial elementor-widget-mobile__width-inherit elementor-widget elementor-widget-heading\" data-id=\"6995276b\" data-element_type=\"widget\" data-e-type=\"widget\" data-widget_type=\"heading.default\">\n\t\t\t\t\t<h3 class=\"elementor-heading-title elementor-size-default\">Nabor Rios M., M.S., PA-C<\/h3>\t\t\t\t<\/div>\n\t\t\t\t<div class=\"elementor-element elementor-element-1e9986d4 elementor-widget-tablet__width-initial elementor-widget elementor-widget-heading\" data-id=\"1e9986d4\" data-element_type=\"widget\" data-e-type=\"widget\" data-widget_type=\"heading.default\">\n\t\t\t\t\t<h6 class=\"elementor-heading-title elementor-size-default\">Director m\u00e9dico asociado \n<\/h6>\t\t\t\t<\/div>\n\t\t\t\t\t<\/div>\n\t\t<\/div>\n\t\t\t\t\t<\/div>\n\t\t<\/section>\n\t\t\t\t<section class=\"elementor-section elementor-top-section elementor-element elementor-element-7bc672b5 elementor-section-boxed elementor-section-height-default elementor-section-height-default\" data-id=\"7bc672b5\" data-element_type=\"section\" data-e-type=\"section\">\n\t\t\t\t\t\t<div class=\"elementor-container elementor-column-gap-default\">\n\t\t\t\t\t<div class=\"elementor-column elementor-col-100 elementor-top-column elementor-element elementor-element-4a66060a\" data-id=\"4a66060a\" data-element_type=\"column\" data-e-type=\"column\">\n\t\t\t<div class=\"elementor-widget-wrap elementor-element-populated\">\n\t\t\t\t\t\t<section class=\"elementor-section elementor-inner-section elementor-element elementor-element-7a1a250b elementor-section-boxed elementor-section-height-default elementor-section-height-default\" data-id=\"7a1a250b\" data-element_type=\"section\" data-e-type=\"section\">\n\t\t\t\t\t\t<div class=\"elementor-container elementor-column-gap-default\">\n\t\t\t\t\t<div class=\"elementor-column elementor-col-50 elementor-inner-column elementor-element elementor-element-566016a4\" data-id=\"566016a4\" data-element_type=\"column\" data-e-type=\"column\">\n\t\t\t<div class=\"elementor-widget-wrap elementor-element-populated\">\n\t\t\t\t\t\t<div class=\"elementor-element elementor-element-1f3e8e15 elementor-widget elementor-widget-image\" data-id=\"1f3e8e15\" data-element_type=\"widget\" data-e-type=\"widget\" data-widget_type=\"image.default\">\n\t\t\t\t\t\t\t\t\t\t\t\t\t\t\t<img fetchpriority=\"high\" decoding=\"async\" width=\"800\" height=\"800\" src=\"https:\/\/felizfamilycare.com\/wp-content\/uploads\/2024\/03\/Nabor.jpg\" class=\"attachment-large size-large wp-image-340\" alt=\"\" srcset=\"https:\/\/felizfamilycare.com\/wp-content\/uploads\/2024\/03\/Nabor.jpg 800w, https:\/\/felizfamilycare.com\/wp-content\/uploads\/2024\/03\/Nabor-300x300.jpg 300w, https:\/\/felizfamilycare.com\/wp-content\/uploads\/2024\/03\/Nabor-150x150.jpg 150w, https:\/\/felizfamilycare.com\/wp-content\/uploads\/2024\/03\/Nabor-768x768.jpg 768w\" sizes=\"(max-width: 800px) 100vw, 800px\" \/>\t\t\t\t\t\t\t\t\t\t\t\t\t\t\t<\/div>\n\t\t\t\t\t<\/div>\n\t\t<\/div>\n\t\t\t\t<div class=\"elementor-column elementor-col-50 elementor-inner-column elementor-element elementor-element-40db9108\" data-id=\"40db9108\" data-element_type=\"column\" data-e-type=\"column\">\n\t\t\t<div class=\"elementor-widget-wrap elementor-element-populated\">\n\t\t\t\t\t\t<div class=\"elementor-element elementor-element-2ade8f04 elementor-widget elementor-widget-heading\" data-id=\"2ade8f04\" data-element_type=\"widget\" data-e-type=\"widget\" data-widget_type=\"heading.default\">\n\t\t\t\t\t<h3 class=\"elementor-heading-title elementor-size-default\">Nabor Rios M.<\/h3>\t\t\t\t<\/div>\n\t\t\t\t<div class=\"elementor-element elementor-element-74a8ef0c elementor-widget elementor-widget-heading\" data-id=\"74a8ef0c\" data-element_type=\"widget\" data-e-type=\"widget\" data-widget_type=\"heading.default\">\n\t\t\t\t\t<h6 class=\"elementor-heading-title elementor-size-default\">Director m\u00e9dico asociado \n<br>\nAsistente m\u00e9dico, certificado NCCPA, Maestr\u00eda en Ciencias<\/h6>\t\t\t\t<\/div>\n\t\t\t\t<div class=\"elementor-element elementor-element-4767af10 elementor-widget-divider--view-line elementor-widget elementor-widget-divider\" data-id=\"4767af10\" data-element_type=\"widget\" data-e-type=\"widget\" data-widget_type=\"divider.default\">\n\t\t\t\t\t\t\t<div class=\"elementor-divider\">\n\t\t\t<span class=\"elementor-divider-separator\">\n\t\t\t\t\t\t<\/span>\n\t\t<\/div>\n\t\t\t\t\t\t<\/div>\n\t\t\t\t\t<\/div>\n\t\t<\/div>\n\t\t\t\t\t<\/div>\n\t\t<\/section>\n\t\t\t\t\t<\/div>\n\t\t<\/div>\n\t\t\t\t\t<\/div>\n\t\t<\/section>\n\t\t\t\t<section class=\"elementor-section elementor-top-section elementor-element elementor-element-3205691a elementor-section-boxed elementor-section-height-default elementor-section-height-default\" data-id=\"3205691a\" data-element_type=\"section\" data-e-type=\"section\">\n\t\t\t\t\t\t<div class=\"elementor-container elementor-column-gap-default\">\n\t\t\t\t\t<div class=\"elementor-column elementor-col-100 elementor-top-column elementor-element elementor-element-28d86468\" data-id=\"28d86468\" data-element_type=\"column\" data-e-type=\"column\">\n\t\t\t<div class=\"elementor-widget-wrap elementor-element-populated\">\n\t\t\t\t\t\t<section class=\"elementor-section elementor-inner-section elementor-element elementor-element-156ab4ff elementor-section-boxed elementor-section-height-default elementor-section-height-default\" data-id=\"156ab4ff\" data-element_type=\"section\" data-e-type=\"section\">\n\t\t\t\t\t\t<div class=\"elementor-container elementor-column-gap-default\">\n\t\t\t\t\t<div class=\"elementor-column elementor-col-50 elementor-inner-column elementor-element elementor-element-1b177ce4\" data-id=\"1b177ce4\" data-element_type=\"column\" data-e-type=\"column\">\n\t\t\t<div class=\"elementor-widget-wrap elementor-element-populated\">\n\t\t\t\t\t\t<div class=\"elementor-element elementor-element-6735ee1a elementor-widget elementor-widget-heading\" data-id=\"6735ee1a\" data-element_type=\"widget\" data-e-type=\"widget\" data-widget_type=\"heading.default\">\n\t\t\t\t\t<h3 class=\"elementor-heading-title elementor-size-default\">Descripci\u00f3n general<\/h3>\t\t\t\t<\/div>\n\t\t\t\t<div class=\"elementor-element elementor-element-4ac2b472 elementor-widget__width-initial elementor-widget elementor-widget-heading\" data-id=\"4ac2b472\" data-element_type=\"widget\" data-e-type=\"widget\" data-widget_type=\"heading.default\">\n\t\t\t\t\t<h6 class=\"elementor-heading-title elementor-size-default\"><b>Formaci\u00f3n m\u00e9dica:<\/b> Facultad de Medicina Osteop\u00e1tica de Huntsville, Glendale, AZ\nNabor R\u00edos ejerce la pediatr\u00eda desde hace 19 a\u00f1os y le apasiona su trabajo. Es un profesional atento y atento que est\u00e1 comprometido a brindar una excelente atenci\u00f3n centrada en el paciente y cree en construir una buena relaci\u00f3n con cada paciente con el que entra en contacto. Recibi\u00f3 su t\u00edtulo universitario de la Universidad de Arizona y es un ferviente fan\u00e1tico de Wildcat. Recibi\u00f3 su maestr\u00eda de la Facultad de Medicina Osteop\u00e1tica de Kirksville en 2000.\nLa dedicaci\u00f3n de Nabor por establecer conexiones duraderas y tener una influencia positiva va m\u00e1s all\u00e1 de su trabajo en pediatr\u00eda. Tambi\u00e9n es de suma importancia para \u00e9l retribuir a la comunidad participando en organizaciones como Big Brothers y Big Sisters, donde \u00e9l es \"hermano mayor\". En su tiempo libre disfruta de actividades al aire libre, como senderismo y ciclismo de monta\u00f1a, le encanta viajar y actualmente est\u00e1 en proceso de obtener su licencia de piloto privado.<\/h6>\t\t\t\t<\/div>\n\t\t\t\t\t<\/div>\n\t\t<\/div>\n\t\t\t\t<div class=\"elementor-column elementor-col-50 elementor-inner-column elementor-element elementor-element-5121bf73\" data-id=\"5121bf73\" data-element_type=\"column\" data-e-type=\"column\">\n\t\t\t<div class=\"elementor-widget-wrap elementor-element-populated\">\n\t\t\t\t\t\t<div class=\"elementor-element elementor-element-36d32982 elementor-widget elementor-widget-heading\" data-id=\"36d32982\" data-element_type=\"widget\" data-e-type=\"widget\" data-widget_type=\"heading.default\">\n\t\t\t\t\t<h3 class=\"elementor-heading-title elementor-size-default\">Honores y premios<\/h3>\t\t\t\t<\/div>\n\t\t\t\t<div class=\"elementor-element elementor-element-1cfbac99 elementor-position-left elementor-widget__width-initial elementor-vertical-align-top elementor-widget elementor-widget-image-box\" data-id=\"1cfbac99\" data-element_type=\"widget\" data-e-type=\"widget\" data-widget_type=\"image-box.default\">\n\t\t\t\t\t<div class=\"elementor-image-box-wrapper\"><figure class=\"elementor-image-box-img\"><img decoding=\"async\" width=\"836\" height=\"836\" src=\"https:\/\/felizfamilycare.com\/wp-content\/uploads\/2024\/03\/icodun042.png\" class=\"attachment-full size-full wp-image-288\" alt=\"\" srcset=\"https:\/\/felizfamilycare.com\/wp-content\/uploads\/2024\/03\/icodun042.png 836w, https:\/\/felizfamilycare.com\/wp-content\/uploads\/2024\/03\/icodun042-300x300.png 300w, https:\/\/felizfamilycare.com\/wp-content\/uploads\/2024\/03\/icodun042-150x150.png 150w, https:\/\/felizfamilycare.com\/wp-content\/uploads\/2024\/03\/icodun042-768x768.png 768w\" sizes=\"(max-width: 836px) 100vw, 836px\" \/><\/figure><div class=\"elementor-image-box-content\"><h6 class=\"elementor-image-box-title\">Escuela de Medicina: <\/h6><p class=\"elementor-image-box-description\">Facultad de Medicina Osteop\u00e1tica de Huntsville, Glendale, AZ<\/p><\/div><\/div>\t\t\t\t<\/div>\n\t\t\t\t<div class=\"elementor-element elementor-element-5a8b5ae6 elementor-position-left elementor-widget__width-initial elementor-vertical-align-top elementor-widget elementor-widget-image-box\" data-id=\"5a8b5ae6\" data-element_type=\"widget\" data-e-type=\"widget\" data-widget_type=\"image-box.default\">\n\t\t\t\t\t<div class=\"elementor-image-box-wrapper\"><figure class=\"elementor-image-box-img\"><img decoding=\"async\" width=\"836\" height=\"836\" src=\"https:\/\/felizfamilycare.com\/wp-content\/uploads\/2024\/03\/icodun043.png\" class=\"attachment-full size-full wp-image-289\" alt=\"\" srcset=\"https:\/\/felizfamilycare.com\/wp-content\/uploads\/2024\/03\/icodun043.png 836w, https:\/\/felizfamilycare.com\/wp-content\/uploads\/2024\/03\/icodun043-300x300.png 300w, https:\/\/felizfamilycare.com\/wp-content\/uploads\/2024\/03\/icodun043-150x150.png 150w, https:\/\/felizfamilycare.com\/wp-content\/uploads\/2024\/03\/icodun043-768x768.png 768w\" sizes=\"(max-width: 836px) 100vw, 836px\" \/><\/figure><div class=\"elementor-image-box-content\"><h6 class=\"elementor-image-box-title\">Escuela de Medicina: <\/h6><p class=\"elementor-image-box-description\"> Universidad de Arizona<\/p><\/div><\/div>\t\t\t\t<\/div>\n\t\t\t\t<div class=\"elementor-element elementor-element-18fd9d52 elementor-position-left elementor-widget__width-initial elementor-vertical-align-top elementor-widget elementor-widget-image-box\" data-id=\"18fd9d52\" data-element_type=\"widget\" data-e-type=\"widget\" data-widget_type=\"image-box.default\">\n\t\t\t\t\t<div class=\"elementor-image-box-wrapper\"><figure class=\"elementor-image-box-img\"><img decoding=\"async\" width=\"836\" height=\"836\" src=\"https:\/\/felizfamilycare.com\/wp-content\/uploads\/2024\/03\/icodun042.png\" class=\"attachment-full size-full wp-image-288\" alt=\"\" srcset=\"https:\/\/felizfamilycare.com\/wp-content\/uploads\/2024\/03\/icodun042.png 836w, https:\/\/felizfamilycare.com\/wp-content\/uploads\/2024\/03\/icodun042-300x300.png 300w, https:\/\/felizfamilycare.com\/wp-content\/uploads\/2024\/03\/icodun042-150x150.png 150w, https:\/\/felizfamilycare.com\/wp-content\/uploads\/2024\/03\/icodun042-768x768.png 768w\" sizes=\"(max-width: 836px) 100vw, 836px\" \/><\/figure><div class=\"elementor-image-box-content\"><h6 class=\"elementor-image-box-title\">Fellowship: <\/h6><p class=\"elementor-image-box-description\">Maestr\u00eda de la Facultad de Medicina Osteop\u00e1tica de Kirksville en 2000.<\/p><\/div><\/div>\t\t\t\t<\/div>\n\t\t\t\t\t<\/div>\n\t\t<\/div>\n\t\t\t\t\t<\/div>\n\t\t<\/section>\n\t\t\t\t\t<\/div>\n\t\t<\/div>\n\t\t\t\t\t<\/div>\n\t\t<\/section>\n\t\t\t\t<\/div>\n\t\t","protected":false},"excerpt":{"rendered":"<p>Nabor Rios M., M.S., PA-C Director m\u00e9dico asociado Nabor Rios M. Director m\u00e9dico asociado Asistente m\u00e9dico, certificado NCCPA, Maestr\u00eda en Ciencias Descripci\u00f3n general Formaci\u00f3n m\u00e9dica: Facultad de Medicina Osteop\u00e1tica de Huntsville, Glendale, AZ Nabor R\u00edos ejerce la pediatr\u00eda desde hace 19 a\u00f1os y le apasiona su trabajo. Es un profesional atento y atento que est\u00e1 [&hellip;]<\/p>\n","protected":false},"author":1,"featured_media":340,"parent":0,"menu_order":0,"comment_status":"closed","ping_status":"closed","template":"elementor_header_footer","meta":{"footnotes":""},"class_list":["post-406","page","type-page","status-publish","has-post-thumbnail","hentry"],"yoast_head":"<!-- This site is optimized with the Yoast SEO plugin v27.3 - https:\/\/yoast.com\/product\/yoast-seo-wordpress\/ -->\n<title>Dr. Nabor Rios M. | Director M\u00e9dico Asociado en Feliz Family Care<\/title>\n<meta name=\"description\" content=\"Ofrece en Feliz Family Care atenci\u00f3n pedi\u00e1trica experta con 19 a\u00f1os de experiencia. Comprometido con la atenci\u00f3n centrada en el paciente.\" \/>\n<meta name=\"robots\" content=\"index, follow, max-snippet:-1, max-image-preview:large, max-video-preview:-1\" \/>\n<link rel=\"canonical\" href=\"https:\/\/felizfamilycare.com\/es\/nabor-rios-m-m-s-pa-c\/\" \/>\n<meta property=\"og:locale\" content=\"es_ES\" \/>\n<meta property=\"og:type\" content=\"article\" \/>\n<meta property=\"og:title\" content=\"Dr. Nabor Rios M. | Director M\u00e9dico Asociado en Feliz Family Care\" \/>\n<meta property=\"og:description\" content=\"Ofrece en Feliz Family Care atenci\u00f3n pedi\u00e1trica experta con 19 a\u00f1os de experiencia. Comprometido con la atenci\u00f3n centrada en el paciente.\" \/>\n<meta property=\"og:url\" content=\"https:\/\/felizfamilycare.com\/es\/nabor-rios-m-m-s-pa-c\/\" \/>\n<meta property=\"og:site_name\" content=\"Feliz Family Care\" \/>\n<meta property=\"article:modified_time\" content=\"2024-07-25T22:43:09+00:00\" \/>\n<meta property=\"og:image\" content=\"https:\/\/felizfamilycare.com\/wp-content\/uploads\/2024\/03\/Nabor.jpg\" \/>\n\t<meta property=\"og:image:width\" content=\"800\" \/>\n\t<meta property=\"og:image:height\" content=\"800\" \/>\n\t<meta property=\"og:image:type\" content=\"image\/jpeg\" \/>\n<meta name=\"twitter:card\" content=\"summary_large_image\" \/>\n<meta name=\"twitter:title\" content=\"Dr. Nabor Rios M. | Director M\u00e9dico Asociado en Feliz Family Care\" \/>\n<meta name=\"twitter:description\" content=\"Ofrece en Feliz Family Care atenci\u00f3n pedi\u00e1trica experta con 19 a\u00f1os de experiencia. Comprometido con la atenci\u00f3n centrada en el paciente.\" \/>\n<meta name=\"twitter:image\" content=\"https:\/\/felizfamilycare.com\/wp-content\/uploads\/2024\/03\/Nabor.jpg\" \/>\n<meta name=\"twitter:label1\" content=\"Tiempo de lectura\" \/>\n\t<meta name=\"twitter:data1\" content=\"2 minutos\" \/>\n<script type=\"application\/ld+json\" class=\"yoast-schema-graph\">{\"@context\":\"https:\\\/\\\/schema.org\",\"@graph\":[{\"@type\":\"WebPage\",\"@id\":\"https:\\\/\\\/felizfamilycare.com\\\/es\\\/nabor-rios-m-m-s-pa-c\\\/\",\"url\":\"https:\\\/\\\/felizfamilycare.com\\\/es\\\/nabor-rios-m-m-s-pa-c\\\/\",\"name\":\"Dr. Nabor Rios M. | Director M\u00e9dico Asociado en Feliz Family Care\",\"isPartOf\":{\"@id\":\"https:\\\/\\\/felizfamilycare.com\\\/es\\\/#website\"},\"primaryImageOfPage\":{\"@id\":\"https:\\\/\\\/felizfamilycare.com\\\/es\\\/nabor-rios-m-m-s-pa-c\\\/#primaryimage\"},\"image\":{\"@id\":\"https:\\\/\\\/felizfamilycare.com\\\/es\\\/nabor-rios-m-m-s-pa-c\\\/#primaryimage\"},\"thumbnailUrl\":\"https:\\\/\\\/felizfamilycare.com\\\/wp-content\\\/uploads\\\/2024\\\/03\\\/Nabor.jpg\",\"datePublished\":\"2024-03-26T17:37:04+00:00\",\"dateModified\":\"2024-07-25T22:43:09+00:00\",\"description\":\"Ofrece en Feliz Family Care atenci\u00f3n pedi\u00e1trica experta con 19 a\u00f1os de experiencia. Comprometido con la atenci\u00f3n centrada en el paciente.\",\"breadcrumb\":{\"@id\":\"https:\\\/\\\/felizfamilycare.com\\\/es\\\/nabor-rios-m-m-s-pa-c\\\/#breadcrumb\"},\"inLanguage\":\"es\",\"potentialAction\":[{\"@type\":\"ReadAction\",\"target\":[\"https:\\\/\\\/felizfamilycare.com\\\/es\\\/nabor-rios-m-m-s-pa-c\\\/\"]}]},{\"@type\":\"ImageObject\",\"inLanguage\":\"es\",\"@id\":\"https:\\\/\\\/felizfamilycare.com\\\/es\\\/nabor-rios-m-m-s-pa-c\\\/#primaryimage\",\"url\":\"https:\\\/\\\/felizfamilycare.com\\\/wp-content\\\/uploads\\\/2024\\\/03\\\/Nabor.jpg\",\"contentUrl\":\"https:\\\/\\\/felizfamilycare.com\\\/wp-content\\\/uploads\\\/2024\\\/03\\\/Nabor.jpg\",\"width\":800,\"height\":800},{\"@type\":\"BreadcrumbList\",\"@id\":\"https:\\\/\\\/felizfamilycare.com\\\/es\\\/nabor-rios-m-m-s-pa-c\\\/#breadcrumb\",\"itemListElement\":[{\"@type\":\"ListItem\",\"position\":1,\"name\":\"Home\",\"item\":\"https:\\\/\\\/felizfamilycare.com\\\/es\\\/\"},{\"@type\":\"ListItem\",\"position\":2,\"name\":\"Nabor Rios M., M.S., PA-C\"}]},{\"@type\":\"WebSite\",\"@id\":\"https:\\\/\\\/felizfamilycare.com\\\/es\\\/#website\",\"url\":\"https:\\\/\\\/felizfamilycare.com\\\/es\\\/\",\"name\":\"Feliz Family Care\",\"description\":\"Providing quality care for your family\",\"publisher\":{\"@id\":\"https:\\\/\\\/felizfamilycare.com\\\/es\\\/#organization\"},\"potentialAction\":[{\"@type\":\"SearchAction\",\"target\":{\"@type\":\"EntryPoint\",\"urlTemplate\":\"https:\\\/\\\/felizfamilycare.com\\\/es\\\/?s={search_term_string}\"},\"query-input\":{\"@type\":\"PropertyValueSpecification\",\"valueRequired\":true,\"valueName\":\"search_term_string\"}}],\"inLanguage\":\"es\"},{\"@type\":\"Organization\",\"@id\":\"https:\\\/\\\/felizfamilycare.com\\\/es\\\/#organization\",\"name\":\"Feliz Family Care\",\"url\":\"https:\\\/\\\/felizfamilycare.com\\\/es\\\/\",\"logo\":{\"@type\":\"ImageObject\",\"inLanguage\":\"es\",\"@id\":\"https:\\\/\\\/felizfamilycare.com\\\/es\\\/#\\\/schema\\\/logo\\\/image\\\/\",\"url\":\"https:\\\/\\\/felizfamilycare.com\\\/wp-content\\\/uploads\\\/2024\\\/08\\\/feliz-family-care-logo.webp\",\"contentUrl\":\"https:\\\/\\\/felizfamilycare.com\\\/wp-content\\\/uploads\\\/2024\\\/08\\\/feliz-family-care-logo.webp\",\"width\":645,\"height\":145,\"caption\":\"Feliz Family Care\"},\"image\":{\"@id\":\"https:\\\/\\\/felizfamilycare.com\\\/es\\\/#\\\/schema\\\/logo\\\/image\\\/\"}}]}<\/script>\n<!-- \/ Yoast SEO plugin. -->","yoast_head_json":{"title":"Dr. Nabor Rios M. | Director M\u00e9dico Asociado en Feliz Family Care","description":"Ofrece en Feliz Family Care atenci\u00f3n pedi\u00e1trica experta con 19 a\u00f1os de experiencia. Comprometido con la atenci\u00f3n centrada en el paciente.","robots":{"index":"index","follow":"follow","max-snippet":"max-snippet:-1","max-image-preview":"max-image-preview:large","max-video-preview":"max-video-preview:-1"},"canonical":"https:\/\/felizfamilycare.com\/es\/nabor-rios-m-m-s-pa-c\/","og_locale":"es_ES","og_type":"article","og_title":"Dr. Nabor Rios M. | Director M\u00e9dico Asociado en Feliz Family Care","og_description":"Ofrece en Feliz Family Care atenci\u00f3n pedi\u00e1trica experta con 19 a\u00f1os de experiencia. Comprometido con la atenci\u00f3n centrada en el paciente.","og_url":"https:\/\/felizfamilycare.com\/es\/nabor-rios-m-m-s-pa-c\/","og_site_name":"Feliz Family Care","article_modified_time":"2024-07-25T22:43:09+00:00","og_image":[{"width":800,"height":800,"url":"https:\/\/felizfamilycare.com\/wp-content\/uploads\/2024\/03\/Nabor.jpg","type":"image\/jpeg"}],"twitter_card":"summary_large_image","twitter_title":"Dr. Nabor Rios M. | Director M\u00e9dico Asociado en Feliz Family Care","twitter_description":"Ofrece en Feliz Family Care atenci\u00f3n pedi\u00e1trica experta con 19 a\u00f1os de experiencia. Comprometido con la atenci\u00f3n centrada en el paciente.","twitter_image":"https:\/\/felizfamilycare.com\/wp-content\/uploads\/2024\/03\/Nabor.jpg","twitter_misc":{"Tiempo de lectura":"2 minutos"},"schema":{"@context":"https:\/\/schema.org","@graph":[{"@type":"WebPage","@id":"https:\/\/felizfamilycare.com\/es\/nabor-rios-m-m-s-pa-c\/","url":"https:\/\/felizfamilycare.com\/es\/nabor-rios-m-m-s-pa-c\/","name":"Dr. Nabor Rios M. | Director M\u00e9dico Asociado en Feliz Family Care","isPartOf":{"@id":"https:\/\/felizfamilycare.com\/es\/#website"},"primaryImageOfPage":{"@id":"https:\/\/felizfamilycare.com\/es\/nabor-rios-m-m-s-pa-c\/#primaryimage"},"image":{"@id":"https:\/\/felizfamilycare.com\/es\/nabor-rios-m-m-s-pa-c\/#primaryimage"},"thumbnailUrl":"https:\/\/felizfamilycare.com\/wp-content\/uploads\/2024\/03\/Nabor.jpg","datePublished":"2024-03-26T17:37:04+00:00","dateModified":"2024-07-25T22:43:09+00:00","description":"Ofrece en Feliz Family Care atenci\u00f3n pedi\u00e1trica experta con 19 a\u00f1os de experiencia. Comprometido con la atenci\u00f3n centrada en el paciente.","breadcrumb":{"@id":"https:\/\/felizfamilycare.com\/es\/nabor-rios-m-m-s-pa-c\/#breadcrumb"},"inLanguage":"es","potentialAction":[{"@type":"ReadAction","target":["https:\/\/felizfamilycare.com\/es\/nabor-rios-m-m-s-pa-c\/"]}]},{"@type":"ImageObject","inLanguage":"es","@id":"https:\/\/felizfamilycare.com\/es\/nabor-rios-m-m-s-pa-c\/#primaryimage","url":"https:\/\/felizfamilycare.com\/wp-content\/uploads\/2024\/03\/Nabor.jpg","contentUrl":"https:\/\/felizfamilycare.com\/wp-content\/uploads\/2024\/03\/Nabor.jpg","width":800,"height":800},{"@type":"BreadcrumbList","@id":"https:\/\/felizfamilycare.com\/es\/nabor-rios-m-m-s-pa-c\/#breadcrumb","itemListElement":[{"@type":"ListItem","position":1,"name":"Home","item":"https:\/\/felizfamilycare.com\/es\/"},{"@type":"ListItem","position":2,"name":"Nabor Rios M., M.S., PA-C"}]},{"@type":"WebSite","@id":"https:\/\/felizfamilycare.com\/es\/#website","url":"https:\/\/felizfamilycare.com\/es\/","name":"Feliz Family Care","description":"Providing quality care for your family","publisher":{"@id":"https:\/\/felizfamilycare.com\/es\/#organization"},"potentialAction":[{"@type":"SearchAction","target":{"@type":"EntryPoint","urlTemplate":"https:\/\/felizfamilycare.com\/es\/?s={search_term_string}"},"query-input":{"@type":"PropertyValueSpecification","valueRequired":true,"valueName":"search_term_string"}}],"inLanguage":"es"},{"@type":"Organization","@id":"https:\/\/felizfamilycare.com\/es\/#organization","name":"Feliz Family Care","url":"https:\/\/felizfamilycare.com\/es\/","logo":{"@type":"ImageObject","inLanguage":"es","@id":"https:\/\/felizfamilycare.com\/es\/#\/schema\/logo\/image\/","url":"https:\/\/felizfamilycare.com\/wp-content\/uploads\/2024\/08\/feliz-family-care-logo.webp","contentUrl":"https:\/\/felizfamilycare.com\/wp-content\/uploads\/2024\/08\/feliz-family-care-logo.webp","width":645,"height":145,"caption":"Feliz Family Care"},"image":{"@id":"https:\/\/felizfamilycare.com\/es\/#\/schema\/logo\/image\/"}}]}},"_links":{"self":[{"href":"https:\/\/felizfamilycare.com\/es\/wp-json\/wp\/v2\/pages\/406","targetHints":{"allow":["GET"]}}],"collection":[{"href":"https:\/\/felizfamilycare.com\/es\/wp-json\/wp\/v2\/pages"}],"about":[{"href":"https:\/\/felizfamilycare.com\/es\/wp-json\/wp\/v2\/types\/page"}],"author":[{"embeddable":true,"href":"https:\/\/felizfamilycare.com\/es\/wp-json\/wp\/v2\/users\/1"}],"replies":[{"embeddable":true,"href":"https:\/\/felizfamilycare.com\/es\/wp-json\/wp\/v2\/comments?post=406"}],"version-history":[{"count":0,"href":"https:\/\/felizfamilycare.com\/es\/wp-json\/wp\/v2\/pages\/406\/revisions"}],"wp:featuredmedia":[{"embeddable":true,"href":"https:\/\/felizfamilycare.com\/es\/wp-json\/wp\/v2\/media\/340"}],"wp:attachment":[{"href":"https:\/\/felizfamilycare.com\/es\/wp-json\/wp\/v2\/media?parent=406"}],"curies":[{"name":"wp","href":"https:\/\/api.w.org\/{rel}","templated":true}]}}