{"id":401,"date":"2024-03-07T22:02:14","date_gmt":"2024-03-08T05:02:14","guid":{"rendered":"https:\/\/felizcare.wpenginepowered.com\/dr-jose-francisco-carrazco\/"},"modified":"2024-07-25T15:37:35","modified_gmt":"2024-07-25T22:37:35","slug":"dr-jose-francisco-carrazco","status":"publish","type":"page","link":"https:\/\/felizfamilycare.com\/es\/dr-jose-francisco-carrazco\/","title":{"rendered":"Dr. Jose Francisco Carrazco"},"content":{"rendered":"\t\t<div data-elementor-type=\"wp-page\" data-elementor-id=\"401\" class=\"elementor elementor-401\" data-elementor-post-type=\"page\">\n\t\t\t\t\t\t<section class=\"elementor-section elementor-top-section elementor-element elementor-element-3f882e44 elementor-section-height-min-height elementor-section-boxed elementor-section-height-default elementor-section-items-middle\" data-id=\"3f882e44\" data-element_type=\"section\" data-e-type=\"section\" data-settings=\"{&quot;background_background&quot;:&quot;classic&quot;}\">\n\t\t\t\t\t\t\t<div class=\"elementor-background-overlay\"><\/div>\n\t\t\t\t\t\t\t<div class=\"elementor-container elementor-column-gap-default\">\n\t\t\t\t\t<div class=\"elementor-column elementor-col-100 elementor-top-column elementor-element elementor-element-78bbae70\" data-id=\"78bbae70\" data-element_type=\"column\" data-e-type=\"column\">\n\t\t\t<div class=\"elementor-widget-wrap elementor-element-populated\">\n\t\t\t\t\t\t<div class=\"elementor-element elementor-element-fece174 elementor-widget__width-initial elementor-widget-mobile__width-inherit elementor-widget elementor-widget-heading\" data-id=\"fece174\" data-element_type=\"widget\" data-e-type=\"widget\" data-widget_type=\"heading.default\">\n\t\t\t\t\t<h3 class=\"elementor-heading-title elementor-size-default\">Jose Francisco Carrazco, M.D., F.A.A.P.<\/h3>\t\t\t\t<\/div>\n\t\t\t\t<div class=\"elementor-element elementor-element-576b3f50 elementor-widget-tablet__width-initial elementor-widget elementor-widget-heading\" data-id=\"576b3f50\" data-element_type=\"widget\" data-e-type=\"widget\" data-widget_type=\"heading.default\">\n\t\t\t\t\t<h6 class=\"elementor-heading-title elementor-size-default\">Director medico <\/h6>\t\t\t\t<\/div>\n\t\t\t\t\t<\/div>\n\t\t<\/div>\n\t\t\t\t\t<\/div>\n\t\t<\/section>\n\t\t\t\t<section class=\"elementor-section elementor-top-section elementor-element elementor-element-2ac5e8ab elementor-section-boxed elementor-section-height-default elementor-section-height-default\" data-id=\"2ac5e8ab\" data-element_type=\"section\" data-e-type=\"section\">\n\t\t\t\t\t\t<div class=\"elementor-container elementor-column-gap-default\">\n\t\t\t\t\t<div class=\"elementor-column elementor-col-100 elementor-top-column elementor-element elementor-element-519119d2\" data-id=\"519119d2\" data-element_type=\"column\" data-e-type=\"column\">\n\t\t\t<div class=\"elementor-widget-wrap elementor-element-populated\">\n\t\t\t\t\t\t<section class=\"elementor-section elementor-inner-section elementor-element elementor-element-550610da elementor-section-boxed elementor-section-height-default elementor-section-height-default\" data-id=\"550610da\" data-element_type=\"section\" data-e-type=\"section\">\n\t\t\t\t\t\t<div class=\"elementor-container elementor-column-gap-default\">\n\t\t\t\t\t<div class=\"elementor-column elementor-col-50 elementor-inner-column elementor-element elementor-element-2e5279ad\" data-id=\"2e5279ad\" data-element_type=\"column\" data-e-type=\"column\">\n\t\t\t<div class=\"elementor-widget-wrap elementor-element-populated\">\n\t\t\t\t\t\t<div class=\"elementor-element elementor-element-6a859acd elementor-widget elementor-widget-image\" data-id=\"6a859acd\" data-element_type=\"widget\" data-e-type=\"widget\" data-widget_type=\"image.default\">\n\t\t\t\t\t\t\t\t\t\t\t\t\t\t\t<img fetchpriority=\"high\" decoding=\"async\" width=\"800\" height=\"800\" src=\"https:\/\/felizfamilycare.com\/wp-content\/uploads\/2024\/03\/DrCarrazco.jpg\" class=\"attachment-large size-large wp-image-338\" alt=\"\" srcset=\"https:\/\/felizfamilycare.com\/wp-content\/uploads\/2024\/03\/DrCarrazco.jpg 800w, https:\/\/felizfamilycare.com\/wp-content\/uploads\/2024\/03\/DrCarrazco-300x300.jpg 300w, https:\/\/felizfamilycare.com\/wp-content\/uploads\/2024\/03\/DrCarrazco-150x150.jpg 150w, https:\/\/felizfamilycare.com\/wp-content\/uploads\/2024\/03\/DrCarrazco-768x768.jpg 768w\" sizes=\"(max-width: 800px) 100vw, 800px\" \/>\t\t\t\t\t\t\t\t\t\t\t\t\t\t\t<\/div>\n\t\t\t\t\t<\/div>\n\t\t<\/div>\n\t\t\t\t<div class=\"elementor-column elementor-col-50 elementor-inner-column elementor-element elementor-element-6db8ce9b\" data-id=\"6db8ce9b\" data-element_type=\"column\" data-e-type=\"column\">\n\t\t\t<div class=\"elementor-widget-wrap elementor-element-populated\">\n\t\t\t\t\t\t<div class=\"elementor-element elementor-element-6b0af719 elementor-widget elementor-widget-heading\" data-id=\"6b0af719\" data-element_type=\"widget\" data-e-type=\"widget\" data-widget_type=\"heading.default\">\n\t\t\t\t\t<h3 class=\"elementor-heading-title elementor-size-default\">Jose Francisco<br>Carrazco<\/h3>\t\t\t\t<\/div>\n\t\t\t\t<div class=\"elementor-element elementor-element-65713236 elementor-widget elementor-widget-heading\" data-id=\"65713236\" data-element_type=\"widget\" data-e-type=\"widget\" data-widget_type=\"heading.default\">\n\t\t\t\t\t<h6 class=\"elementor-heading-title elementor-size-default\">Fundador <br>Pediatra Certificado <\/h6>\t\t\t\t<\/div>\n\t\t\t\t<div class=\"elementor-element elementor-element-2b236e88 elementor-widget-divider--view-line elementor-widget elementor-widget-divider\" data-id=\"2b236e88\" data-element_type=\"widget\" data-e-type=\"widget\" data-widget_type=\"divider.default\">\n\t\t\t\t\t\t\t<div class=\"elementor-divider\">\n\t\t\t<span class=\"elementor-divider-separator\">\n\t\t\t\t\t\t<\/span>\n\t\t<\/div>\n\t\t\t\t\t\t<\/div>\n\t\t\t\t\t<\/div>\n\t\t<\/div>\n\t\t\t\t\t<\/div>\n\t\t<\/section>\n\t\t\t\t\t<\/div>\n\t\t<\/div>\n\t\t\t\t\t<\/div>\n\t\t<\/section>\n\t\t\t\t<section class=\"elementor-section elementor-top-section elementor-element elementor-element-527ef792 elementor-section-boxed elementor-section-height-default elementor-section-height-default\" data-id=\"527ef792\" data-element_type=\"section\" data-e-type=\"section\">\n\t\t\t\t\t\t<div class=\"elementor-container elementor-column-gap-default\">\n\t\t\t\t\t<div class=\"elementor-column elementor-col-100 elementor-top-column elementor-element elementor-element-47654988\" data-id=\"47654988\" data-element_type=\"column\" data-e-type=\"column\">\n\t\t\t<div class=\"elementor-widget-wrap elementor-element-populated\">\n\t\t\t\t\t\t<section class=\"elementor-section elementor-inner-section elementor-element elementor-element-73d8a7b8 elementor-section-boxed elementor-section-height-default elementor-section-height-default\" data-id=\"73d8a7b8\" data-element_type=\"section\" data-e-type=\"section\">\n\t\t\t\t\t\t<div class=\"elementor-container elementor-column-gap-default\">\n\t\t\t\t\t<div class=\"elementor-column elementor-col-50 elementor-inner-column elementor-element elementor-element-d393c4c\" data-id=\"d393c4c\" data-element_type=\"column\" data-e-type=\"column\">\n\t\t\t<div class=\"elementor-widget-wrap elementor-element-populated\">\n\t\t\t\t\t\t<div class=\"elementor-element elementor-element-44f5406a elementor-widget elementor-widget-heading\" data-id=\"44f5406a\" data-element_type=\"widget\" data-e-type=\"widget\" data-widget_type=\"heading.default\">\n\t\t\t\t\t<h3 class=\"elementor-heading-title elementor-size-default\">Descripci\u00f3n general<\/h3>\t\t\t\t<\/div>\n\t\t\t\t<div class=\"elementor-element elementor-element-32729b82 elementor-widget__width-initial elementor-widget elementor-widget-heading\" data-id=\"32729b82\" data-element_type=\"widget\" data-e-type=\"widget\" data-widget_type=\"heading.default\">\n\t\t\t\t\t<h6 class=\"elementor-heading-title elementor-size-default\">El Dr. Carrazco ha practicado la pediatr\u00eda durante casi 40 a\u00f1os y fund\u00f3 happy kids pediatr\u00eda en 1999 con su esposa, Eva Carrazco. Est\u00e1 certificado por la junta, ha formado parte de la junta de pediatr\u00eda del Hospital regional de Chandler y fue director de la unidad de cuidados intensivos pedi\u00e1tricos del Saint Mary's Medical Center y del Tri-City Medical Center. Complet\u00f3 su formaci\u00f3n m\u00e9dica en la prestigiosa Universidad Aut\u00f3noma de Guadalajara, M\u00e9xico. Su residencia se complet\u00f3 en el Ochsner Foundation Hospital en Nueva Orleans, LA. El Dr. Carrazco tambi\u00e9n se especializa en neumolog\u00eda pedi\u00e1trica y cuidados cr\u00edticos y complet\u00f3 su capacitaci\u00f3n en los centros m\u00e9dicos de la Universidad de CA, Irvine y Long Beach Memorial en Long Beach, CA.<br><br> El Dr. Carrazco es extremadamente apasionado y comprometido con sus pacientes y su salud y mejoramiento. Se esfuerza por servir a la comunidad y a sus individuos brind\u00e1ndoles atenci\u00f3n personalizada y de alta calidad. El Dr. Carrazco tiene como objetivo construir relaciones con sus pacientes, de todos los or\u00edgenes, tratarlos, curarlos y educarlos. Tambi\u00e9n se ha desempe\u00f1ado como experto m\u00e9dico en varios medios de comunicaci\u00f3n, incluido C\u00e1psula de Salud de Univisi\u00f3n y Telemundo, as\u00ed como en programas de radio de La Campesina y Power 98.3. All\u00ed, responde amablemente a las preguntas de las personas que llaman y tambi\u00e9n aparece para abordar inquietudes m\u00e9dicas m\u00e1s importantes, como brotes o emergencias m\u00e9dicas comunes. El Dr. Carrazco y su personal de Happy Kids Pediatrics tambi\u00e9n participan con frecuencia en ferias de salud y actividades de divulgaci\u00f3n para educar a los pacientes y a sus padres.<br><br> En su tiempo libre le gusta viajar con su esposa y pasar tiempo con su familia, incluidos sus hijos y nietos. El Dr. Carrazco inici\u00f3 recientemente Feliz Care Centers en septiembre de 2018 para atender a una comunidad m\u00e1s amplia y satisfacer mejor la continuidad de la atenci\u00f3n de los pacientes existentes y tambi\u00e9n atender a los nuevos pacientes. Tambi\u00e9n disfruta de paseos ocasionales en motocicleta y partidos de golf.<\/h6>\t\t\t\t<\/div>\n\t\t\t\t\t<\/div>\n\t\t<\/div>\n\t\t\t\t<div class=\"elementor-column elementor-col-50 elementor-inner-column elementor-element elementor-element-35ace124\" data-id=\"35ace124\" data-element_type=\"column\" data-e-type=\"column\">\n\t\t\t<div class=\"elementor-widget-wrap elementor-element-populated\">\n\t\t\t\t\t\t<div class=\"elementor-element elementor-element-c1c4ea1 elementor-widget elementor-widget-heading\" data-id=\"c1c4ea1\" data-element_type=\"widget\" data-e-type=\"widget\" data-widget_type=\"heading.default\">\n\t\t\t\t\t<h3 class=\"elementor-heading-title elementor-size-default\">Honores y premios<\/h3>\t\t\t\t<\/div>\n\t\t\t\t<div class=\"elementor-element elementor-element-684deeb elementor-position-left elementor-widget__width-initial elementor-vertical-align-top elementor-widget elementor-widget-image-box\" data-id=\"684deeb\" data-element_type=\"widget\" data-e-type=\"widget\" data-widget_type=\"image-box.default\">\n\t\t\t\t\t<div class=\"elementor-image-box-wrapper\"><figure class=\"elementor-image-box-img\"><img decoding=\"async\" width=\"836\" height=\"836\" src=\"https:\/\/felizfamilycare.com\/wp-content\/uploads\/2024\/03\/icodun042.png\" class=\"attachment-full size-full wp-image-288\" alt=\"\" srcset=\"https:\/\/felizfamilycare.com\/wp-content\/uploads\/2024\/03\/icodun042.png 836w, https:\/\/felizfamilycare.com\/wp-content\/uploads\/2024\/03\/icodun042-300x300.png 300w, https:\/\/felizfamilycare.com\/wp-content\/uploads\/2024\/03\/icodun042-150x150.png 150w, https:\/\/felizfamilycare.com\/wp-content\/uploads\/2024\/03\/icodun042-768x768.png 768w\" sizes=\"(max-width: 836px) 100vw, 836px\" \/><\/figure><div class=\"elementor-image-box-content\"><h6 class=\"elementor-image-box-title\">Escuela de Medicina: <\/h6><p class=\"elementor-image-box-description\">Universidad Aut\u00f3noma de Guadalajara, M\u00e9xico<\/p><\/div><\/div>\t\t\t\t<\/div>\n\t\t\t\t<div class=\"elementor-element elementor-element-c74a017 elementor-position-left elementor-widget__width-initial elementor-vertical-align-top elementor-widget elementor-widget-image-box\" data-id=\"c74a017\" data-element_type=\"widget\" data-e-type=\"widget\" data-widget_type=\"image-box.default\">\n\t\t\t\t\t<div class=\"elementor-image-box-wrapper\"><figure class=\"elementor-image-box-img\"><img decoding=\"async\" width=\"836\" height=\"836\" src=\"https:\/\/felizfamilycare.com\/wp-content\/uploads\/2024\/03\/icodun043.png\" class=\"attachment-full size-full wp-image-289\" alt=\"\" srcset=\"https:\/\/felizfamilycare.com\/wp-content\/uploads\/2024\/03\/icodun043.png 836w, https:\/\/felizfamilycare.com\/wp-content\/uploads\/2024\/03\/icodun043-300x300.png 300w, https:\/\/felizfamilycare.com\/wp-content\/uploads\/2024\/03\/icodun043-150x150.png 150w, https:\/\/felizfamilycare.com\/wp-content\/uploads\/2024\/03\/icodun043-768x768.png 768w\" sizes=\"(max-width: 836px) 100vw, 836px\" \/><\/figure><div class=\"elementor-image-box-content\"><h6 class=\"elementor-image-box-title\">Pr\u00e1cticas\/Residencia:<\/h6><p class=\"elementor-image-box-description\">Hospital de la Fundaci\u00f3n Ochsner, Nueva Orleans, Luisiana<\/p><\/div><\/div>\t\t\t\t<\/div>\n\t\t\t\t<div class=\"elementor-element elementor-element-1114219 elementor-position-left elementor-widget__width-initial elementor-vertical-align-top elementor-widget elementor-widget-image-box\" data-id=\"1114219\" data-element_type=\"widget\" data-e-type=\"widget\" data-widget_type=\"image-box.default\">\n\t\t\t\t\t<div class=\"elementor-image-box-wrapper\"><figure class=\"elementor-image-box-img\"><img decoding=\"async\" width=\"836\" height=\"836\" src=\"https:\/\/felizfamilycare.com\/wp-content\/uploads\/2024\/03\/icodun043.png\" class=\"attachment-full size-full wp-image-289\" alt=\"\" srcset=\"https:\/\/felizfamilycare.com\/wp-content\/uploads\/2024\/03\/icodun043.png 836w, https:\/\/felizfamilycare.com\/wp-content\/uploads\/2024\/03\/icodun043-300x300.png 300w, https:\/\/felizfamilycare.com\/wp-content\/uploads\/2024\/03\/icodun043-150x150.png 150w, https:\/\/felizfamilycare.com\/wp-content\/uploads\/2024\/03\/icodun043-768x768.png 768w\" sizes=\"(max-width: 836px) 100vw, 836px\" \/><\/figure><div class=\"elementor-image-box-content\"><h6 class=\"elementor-image-box-title\">Fellowship: <\/h6><p class=\"elementor-image-box-description\">Cuidados cr\u00edticos\/pulmonares pedi\u00e1tricos en la Universidad de CA, Irvine y Long Beach Memorial Medical Center, Long Beach, CA.<\/p><\/div><\/div>\t\t\t\t<\/div>\n\t\t\t\t\t<\/div>\n\t\t<\/div>\n\t\t\t\t\t<\/div>\n\t\t<\/section>\n\t\t\t\t\t<\/div>\n\t\t<\/div>\n\t\t\t\t\t<\/div>\n\t\t<\/section>\n\t\t\t\t<\/div>\n\t\t","protected":false},"excerpt":{"rendered":"<p>Jose Francisco Carrazco, M.D., F.A.A.P. Director medico Jose FranciscoCarrazco Fundador Pediatra Certificado Descripci\u00f3n general El Dr. Carrazco ha practicado la pediatr\u00eda durante casi 40 a\u00f1os y fund\u00f3 happy kids pediatr\u00eda en 1999 con su esposa, Eva Carrazco. Est\u00e1 certificado por la junta, ha formado parte de la junta de pediatr\u00eda del Hospital regional de Chandler [&hellip;]<\/p>\n","protected":false},"author":1,"featured_media":338,"parent":0,"menu_order":0,"comment_status":"closed","ping_status":"closed","template":"elementor_header_footer","meta":{"footnotes":""},"class_list":["post-401","page","type-page","status-publish","has-post-thumbnail","hentry"],"yoast_head":"<!-- This site is optimized with the Yoast SEO plugin v27.4 - https:\/\/yoast.com\/product\/yoast-seo-wordpress\/ -->\n<title>Dr. Jose Francisco Carrazco | Pediatra Certificado<\/title>\n<meta name=\"description\" content=\"Experto en pediatr\u00eda en Feliz Family Care, cuenta con 40 a\u00f1os de experiencia en el campo. Ofrece cuidados para el bienestar de su familia.\" \/>\n<meta name=\"robots\" content=\"index, follow, max-snippet:-1, max-image-preview:large, max-video-preview:-1\" \/>\n<link rel=\"canonical\" href=\"https:\/\/felizfamilycare.com\/es\/dr-jose-francisco-carrazco\/\" \/>\n<meta property=\"og:locale\" content=\"es_ES\" \/>\n<meta property=\"og:type\" content=\"article\" \/>\n<meta property=\"og:title\" content=\"Dr. Jose Francisco Carrazco | Pediatra Certificado\" \/>\n<meta property=\"og:description\" content=\"Experto en pediatr\u00eda en Feliz Family Care, cuenta con 40 a\u00f1os de experiencia en el campo. Ofrece cuidados para el bienestar de su familia.\" \/>\n<meta property=\"og:url\" content=\"https:\/\/felizfamilycare.com\/es\/dr-jose-francisco-carrazco\/\" \/>\n<meta property=\"og:site_name\" content=\"Feliz Family Care\" \/>\n<meta property=\"article:modified_time\" content=\"2024-07-25T22:37:35+00:00\" \/>\n<meta property=\"og:image\" content=\"https:\/\/felizfamilycare.com\/wp-content\/uploads\/2024\/03\/DrCarrazco.jpg\" \/>\n\t<meta property=\"og:image:width\" content=\"800\" \/>\n\t<meta property=\"og:image:height\" content=\"800\" \/>\n\t<meta property=\"og:image:type\" content=\"image\/jpeg\" \/>\n<meta name=\"twitter:card\" content=\"summary_large_image\" \/>\n<meta name=\"twitter:title\" content=\"Dr. Jose Francisco Carrazco | Pediatra Certificado\" \/>\n<meta name=\"twitter:description\" content=\"Experto en pediatr\u00eda en Feliz Family Care, cuenta con 40 a\u00f1os de experiencia en el campo. Ofrece cuidados para el bienestar de su familia.\" \/>\n<meta name=\"twitter:image\" content=\"https:\/\/felizfamilycare.com\/wp-content\/uploads\/2024\/03\/DrCarrazco.jpg\" \/>\n<meta name=\"twitter:label1\" content=\"Tiempo de lectura\" \/>\n\t<meta name=\"twitter:data1\" content=\"3 minutos\" \/>\n<script type=\"application\/ld+json\" class=\"yoast-schema-graph\">{\"@context\":\"https:\\\/\\\/schema.org\",\"@graph\":[{\"@type\":\"WebPage\",\"@id\":\"https:\\\/\\\/felizfamilycare.com\\\/es\\\/dr-jose-francisco-carrazco\\\/\",\"url\":\"https:\\\/\\\/felizfamilycare.com\\\/es\\\/dr-jose-francisco-carrazco\\\/\",\"name\":\"Dr. Jose Francisco Carrazco | Pediatra Certificado\",\"isPartOf\":{\"@id\":\"https:\\\/\\\/felizfamilycare.com\\\/es\\\/#website\"},\"primaryImageOfPage\":{\"@id\":\"https:\\\/\\\/felizfamilycare.com\\\/es\\\/dr-jose-francisco-carrazco\\\/#primaryimage\"},\"image\":{\"@id\":\"https:\\\/\\\/felizfamilycare.com\\\/es\\\/dr-jose-francisco-carrazco\\\/#primaryimage\"},\"thumbnailUrl\":\"https:\\\/\\\/felizfamilycare.com\\\/wp-content\\\/uploads\\\/2024\\\/03\\\/DrCarrazco.jpg\",\"datePublished\":\"2024-03-08T05:02:14+00:00\",\"dateModified\":\"2024-07-25T22:37:35+00:00\",\"description\":\"Experto en pediatr\u00eda en Feliz Family Care, cuenta con 40 a\u00f1os de experiencia en el campo. Ofrece cuidados para el bienestar de su familia.\",\"breadcrumb\":{\"@id\":\"https:\\\/\\\/felizfamilycare.com\\\/es\\\/dr-jose-francisco-carrazco\\\/#breadcrumb\"},\"inLanguage\":\"es\",\"potentialAction\":[{\"@type\":\"ReadAction\",\"target\":[\"https:\\\/\\\/felizfamilycare.com\\\/es\\\/dr-jose-francisco-carrazco\\\/\"]}]},{\"@type\":\"ImageObject\",\"inLanguage\":\"es\",\"@id\":\"https:\\\/\\\/felizfamilycare.com\\\/es\\\/dr-jose-francisco-carrazco\\\/#primaryimage\",\"url\":\"https:\\\/\\\/felizfamilycare.com\\\/wp-content\\\/uploads\\\/2024\\\/03\\\/DrCarrazco.jpg\",\"contentUrl\":\"https:\\\/\\\/felizfamilycare.com\\\/wp-content\\\/uploads\\\/2024\\\/03\\\/DrCarrazco.jpg\",\"width\":800,\"height\":800},{\"@type\":\"BreadcrumbList\",\"@id\":\"https:\\\/\\\/felizfamilycare.com\\\/es\\\/dr-jose-francisco-carrazco\\\/#breadcrumb\",\"itemListElement\":[{\"@type\":\"ListItem\",\"position\":1,\"name\":\"Home\",\"item\":\"https:\\\/\\\/felizfamilycare.com\\\/es\\\/\"},{\"@type\":\"ListItem\",\"position\":2,\"name\":\"Dr. Jose Francisco Carrazco\"}]},{\"@type\":\"WebSite\",\"@id\":\"https:\\\/\\\/felizfamilycare.com\\\/es\\\/#website\",\"url\":\"https:\\\/\\\/felizfamilycare.com\\\/es\\\/\",\"name\":\"Feliz Family Care\",\"description\":\"Providing quality care for your family\",\"publisher\":{\"@id\":\"https:\\\/\\\/felizfamilycare.com\\\/es\\\/#organization\"},\"potentialAction\":[{\"@type\":\"SearchAction\",\"target\":{\"@type\":\"EntryPoint\",\"urlTemplate\":\"https:\\\/\\\/felizfamilycare.com\\\/es\\\/?s={search_term_string}\"},\"query-input\":{\"@type\":\"PropertyValueSpecification\",\"valueRequired\":true,\"valueName\":\"search_term_string\"}}],\"inLanguage\":\"es\"},{\"@type\":\"Organization\",\"@id\":\"https:\\\/\\\/felizfamilycare.com\\\/es\\\/#organization\",\"name\":\"Feliz Family Care\",\"url\":\"https:\\\/\\\/felizfamilycare.com\\\/es\\\/\",\"logo\":{\"@type\":\"ImageObject\",\"inLanguage\":\"es\",\"@id\":\"https:\\\/\\\/felizfamilycare.com\\\/es\\\/#\\\/schema\\\/logo\\\/image\\\/\",\"url\":\"https:\\\/\\\/felizfamilycare.com\\\/wp-content\\\/uploads\\\/2024\\\/08\\\/feliz-family-care-logo.webp\",\"contentUrl\":\"https:\\\/\\\/felizfamilycare.com\\\/wp-content\\\/uploads\\\/2024\\\/08\\\/feliz-family-care-logo.webp\",\"width\":645,\"height\":145,\"caption\":\"Feliz Family Care\"},\"image\":{\"@id\":\"https:\\\/\\\/felizfamilycare.com\\\/es\\\/#\\\/schema\\\/logo\\\/image\\\/\"}}]}<\/script>\n<!-- \/ Yoast SEO plugin. -->","yoast_head_json":{"title":"Dr. Jose Francisco Carrazco | Pediatra Certificado","description":"Experto en pediatr\u00eda en Feliz Family Care, cuenta con 40 a\u00f1os de experiencia en el campo. Ofrece cuidados para el bienestar de su familia.","robots":{"index":"index","follow":"follow","max-snippet":"max-snippet:-1","max-image-preview":"max-image-preview:large","max-video-preview":"max-video-preview:-1"},"canonical":"https:\/\/felizfamilycare.com\/es\/dr-jose-francisco-carrazco\/","og_locale":"es_ES","og_type":"article","og_title":"Dr. Jose Francisco Carrazco | Pediatra Certificado","og_description":"Experto en pediatr\u00eda en Feliz Family Care, cuenta con 40 a\u00f1os de experiencia en el campo. Ofrece cuidados para el bienestar de su familia.","og_url":"https:\/\/felizfamilycare.com\/es\/dr-jose-francisco-carrazco\/","og_site_name":"Feliz Family Care","article_modified_time":"2024-07-25T22:37:35+00:00","og_image":[{"width":800,"height":800,"url":"https:\/\/felizfamilycare.com\/wp-content\/uploads\/2024\/03\/DrCarrazco.jpg","type":"image\/jpeg"}],"twitter_card":"summary_large_image","twitter_title":"Dr. Jose Francisco Carrazco | Pediatra Certificado","twitter_description":"Experto en pediatr\u00eda en Feliz Family Care, cuenta con 40 a\u00f1os de experiencia en el campo. Ofrece cuidados para el bienestar de su familia.","twitter_image":"https:\/\/felizfamilycare.com\/wp-content\/uploads\/2024\/03\/DrCarrazco.jpg","twitter_misc":{"Tiempo de lectura":"3 minutos"},"schema":{"@context":"https:\/\/schema.org","@graph":[{"@type":"WebPage","@id":"https:\/\/felizfamilycare.com\/es\/dr-jose-francisco-carrazco\/","url":"https:\/\/felizfamilycare.com\/es\/dr-jose-francisco-carrazco\/","name":"Dr. Jose Francisco Carrazco | Pediatra Certificado","isPartOf":{"@id":"https:\/\/felizfamilycare.com\/es\/#website"},"primaryImageOfPage":{"@id":"https:\/\/felizfamilycare.com\/es\/dr-jose-francisco-carrazco\/#primaryimage"},"image":{"@id":"https:\/\/felizfamilycare.com\/es\/dr-jose-francisco-carrazco\/#primaryimage"},"thumbnailUrl":"https:\/\/felizfamilycare.com\/wp-content\/uploads\/2024\/03\/DrCarrazco.jpg","datePublished":"2024-03-08T05:02:14+00:00","dateModified":"2024-07-25T22:37:35+00:00","description":"Experto en pediatr\u00eda en Feliz Family Care, cuenta con 40 a\u00f1os de experiencia en el campo. Ofrece cuidados para el bienestar de su familia.","breadcrumb":{"@id":"https:\/\/felizfamilycare.com\/es\/dr-jose-francisco-carrazco\/#breadcrumb"},"inLanguage":"es","potentialAction":[{"@type":"ReadAction","target":["https:\/\/felizfamilycare.com\/es\/dr-jose-francisco-carrazco\/"]}]},{"@type":"ImageObject","inLanguage":"es","@id":"https:\/\/felizfamilycare.com\/es\/dr-jose-francisco-carrazco\/#primaryimage","url":"https:\/\/felizfamilycare.com\/wp-content\/uploads\/2024\/03\/DrCarrazco.jpg","contentUrl":"https:\/\/felizfamilycare.com\/wp-content\/uploads\/2024\/03\/DrCarrazco.jpg","width":800,"height":800},{"@type":"BreadcrumbList","@id":"https:\/\/felizfamilycare.com\/es\/dr-jose-francisco-carrazco\/#breadcrumb","itemListElement":[{"@type":"ListItem","position":1,"name":"Home","item":"https:\/\/felizfamilycare.com\/es\/"},{"@type":"ListItem","position":2,"name":"Dr. Jose Francisco Carrazco"}]},{"@type":"WebSite","@id":"https:\/\/felizfamilycare.com\/es\/#website","url":"https:\/\/felizfamilycare.com\/es\/","name":"Feliz Family Care","description":"Providing quality care for your family","publisher":{"@id":"https:\/\/felizfamilycare.com\/es\/#organization"},"potentialAction":[{"@type":"SearchAction","target":{"@type":"EntryPoint","urlTemplate":"https:\/\/felizfamilycare.com\/es\/?s={search_term_string}"},"query-input":{"@type":"PropertyValueSpecification","valueRequired":true,"valueName":"search_term_string"}}],"inLanguage":"es"},{"@type":"Organization","@id":"https:\/\/felizfamilycare.com\/es\/#organization","name":"Feliz Family Care","url":"https:\/\/felizfamilycare.com\/es\/","logo":{"@type":"ImageObject","inLanguage":"es","@id":"https:\/\/felizfamilycare.com\/es\/#\/schema\/logo\/image\/","url":"https:\/\/felizfamilycare.com\/wp-content\/uploads\/2024\/08\/feliz-family-care-logo.webp","contentUrl":"https:\/\/felizfamilycare.com\/wp-content\/uploads\/2024\/08\/feliz-family-care-logo.webp","width":645,"height":145,"caption":"Feliz Family Care"},"image":{"@id":"https:\/\/felizfamilycare.com\/es\/#\/schema\/logo\/image\/"}}]}},"_links":{"self":[{"href":"https:\/\/felizfamilycare.com\/es\/wp-json\/wp\/v2\/pages\/401","targetHints":{"allow":["GET"]}}],"collection":[{"href":"https:\/\/felizfamilycare.com\/es\/wp-json\/wp\/v2\/pages"}],"about":[{"href":"https:\/\/felizfamilycare.com\/es\/wp-json\/wp\/v2\/types\/page"}],"author":[{"embeddable":true,"href":"https:\/\/felizfamilycare.com\/es\/wp-json\/wp\/v2\/users\/1"}],"replies":[{"embeddable":true,"href":"https:\/\/felizfamilycare.com\/es\/wp-json\/wp\/v2\/comments?post=401"}],"version-history":[{"count":0,"href":"https:\/\/felizfamilycare.com\/es\/wp-json\/wp\/v2\/pages\/401\/revisions"}],"wp:featuredmedia":[{"embeddable":true,"href":"https:\/\/felizfamilycare.com\/es\/wp-json\/wp\/v2\/media\/338"}],"wp:attachment":[{"href":"https:\/\/felizfamilycare.com\/es\/wp-json\/wp\/v2\/media?parent=401"}],"curies":[{"name":"wp","href":"https:\/\/api.w.org\/{rel}","templated":true}]}}