{"id":398,"date":"2024-03-26T10:42:37","date_gmt":"2024-03-26T17:42:37","guid":{"rendered":"https:\/\/felizcare.wpenginepowered.com\/angelina-canjura\/"},"modified":"2024-07-25T15:55:18","modified_gmt":"2024-07-25T22:55:18","slug":"angelina-canjura","status":"publish","type":"page","link":"https:\/\/felizfamilycare.com\/es\/angelina-canjura\/","title":{"rendered":"Angelina Canjura"},"content":{"rendered":"\t\t<div data-elementor-type=\"wp-page\" data-elementor-id=\"398\" class=\"elementor elementor-398\" data-elementor-post-type=\"page\">\n\t\t\t\t\t\t<section class=\"elementor-section elementor-top-section elementor-element elementor-element-5074bae6 elementor-section-height-min-height elementor-section-boxed elementor-section-height-default elementor-section-items-middle\" data-id=\"5074bae6\" data-element_type=\"section\" data-e-type=\"section\" data-settings=\"{&quot;background_background&quot;:&quot;classic&quot;}\">\n\t\t\t\t\t\t\t<div class=\"elementor-background-overlay\"><\/div>\n\t\t\t\t\t\t\t<div class=\"elementor-container elementor-column-gap-default\">\n\t\t\t\t\t<div class=\"elementor-column elementor-col-100 elementor-top-column elementor-element elementor-element-19981791\" data-id=\"19981791\" data-element_type=\"column\" data-e-type=\"column\">\n\t\t\t<div class=\"elementor-widget-wrap elementor-element-populated\">\n\t\t\t\t\t\t<div class=\"elementor-element elementor-element-33dd9471 elementor-widget__width-initial elementor-widget-mobile__width-inherit elementor-widget elementor-widget-heading\" data-id=\"33dd9471\" data-element_type=\"widget\" data-e-type=\"widget\" data-widget_type=\"heading.default\">\n\t\t\t\t\t<h3 class=\"elementor-heading-title elementor-size-default\">Angelina Canjura, CPNP<\/h3>\t\t\t\t<\/div>\n\t\t\t\t<div class=\"elementor-element elementor-element-3e3c16fe elementor-widget-tablet__width-initial elementor-widget elementor-widget-heading\" data-id=\"3e3c16fe\" data-element_type=\"widget\" data-e-type=\"widget\" data-widget_type=\"heading.default\">\n\t\t\t\t\t<h6 class=\"elementor-heading-title elementor-size-default\">Enfermera Familiar<\/h6>\t\t\t\t<\/div>\n\t\t\t\t\t<\/div>\n\t\t<\/div>\n\t\t\t\t\t<\/div>\n\t\t<\/section>\n\t\t\t\t<section class=\"elementor-section elementor-top-section elementor-element elementor-element-2daf09e9 elementor-section-boxed elementor-section-height-default elementor-section-height-default\" data-id=\"2daf09e9\" data-element_type=\"section\" data-e-type=\"section\">\n\t\t\t\t\t\t<div class=\"elementor-container elementor-column-gap-default\">\n\t\t\t\t\t<div class=\"elementor-column elementor-col-100 elementor-top-column elementor-element elementor-element-27a7652b\" data-id=\"27a7652b\" data-element_type=\"column\" data-e-type=\"column\">\n\t\t\t<div class=\"elementor-widget-wrap elementor-element-populated\">\n\t\t\t\t\t\t<section class=\"elementor-section elementor-inner-section elementor-element elementor-element-5542affb elementor-section-boxed elementor-section-height-default elementor-section-height-default\" data-id=\"5542affb\" data-element_type=\"section\" data-e-type=\"section\">\n\t\t\t\t\t\t<div class=\"elementor-container elementor-column-gap-default\">\n\t\t\t\t\t<div class=\"elementor-column elementor-col-50 elementor-inner-column elementor-element elementor-element-2a1f808d\" data-id=\"2a1f808d\" data-element_type=\"column\" data-e-type=\"column\">\n\t\t\t<div class=\"elementor-widget-wrap elementor-element-populated\">\n\t\t\t\t\t\t<div class=\"elementor-element elementor-element-7f50a65c elementor-widget elementor-widget-image\" data-id=\"7f50a65c\" data-element_type=\"widget\" data-e-type=\"widget\" data-widget_type=\"image.default\">\n\t\t\t\t\t\t\t\t\t\t\t\t\t\t\t<img fetchpriority=\"high\" decoding=\"async\" width=\"800\" height=\"800\" src=\"https:\/\/felizfamilycare.com\/wp-content\/uploads\/2024\/03\/canjura.jpg\" class=\"attachment-large size-large wp-image-341\" alt=\"\" srcset=\"https:\/\/felizfamilycare.com\/wp-content\/uploads\/2024\/03\/canjura.jpg 800w, https:\/\/felizfamilycare.com\/wp-content\/uploads\/2024\/03\/canjura-300x300.jpg 300w, https:\/\/felizfamilycare.com\/wp-content\/uploads\/2024\/03\/canjura-150x150.jpg 150w, https:\/\/felizfamilycare.com\/wp-content\/uploads\/2024\/03\/canjura-768x768.jpg 768w\" sizes=\"(max-width: 800px) 100vw, 800px\" \/>\t\t\t\t\t\t\t\t\t\t\t\t\t\t\t<\/div>\n\t\t\t\t\t<\/div>\n\t\t<\/div>\n\t\t\t\t<div class=\"elementor-column elementor-col-50 elementor-inner-column elementor-element elementor-element-45be0824\" data-id=\"45be0824\" data-element_type=\"column\" data-e-type=\"column\">\n\t\t\t<div class=\"elementor-widget-wrap elementor-element-populated\">\n\t\t\t\t\t\t<div class=\"elementor-element elementor-element-2b286876 elementor-widget elementor-widget-heading\" data-id=\"2b286876\" data-element_type=\"widget\" data-e-type=\"widget\" data-widget_type=\"heading.default\">\n\t\t\t\t\t<h3 class=\"elementor-heading-title elementor-size-default\">Angelina Canjura<\/h3>\t\t\t\t<\/div>\n\t\t\t\t<div class=\"elementor-element elementor-element-2d4f7704 elementor-widget elementor-widget-heading\" data-id=\"2d4f7704\" data-element_type=\"widget\" data-e-type=\"widget\" data-widget_type=\"heading.default\">\n\t\t\t\t\t<h6 class=\"elementor-heading-title elementor-size-default\">Enfermera Familiar\n<\/h6>\t\t\t\t<\/div>\n\t\t\t\t<div class=\"elementor-element elementor-element-f8b4b57 elementor-widget-divider--view-line elementor-widget elementor-widget-divider\" data-id=\"f8b4b57\" data-element_type=\"widget\" data-e-type=\"widget\" data-widget_type=\"divider.default\">\n\t\t\t\t\t\t\t<div class=\"elementor-divider\">\n\t\t\t<span class=\"elementor-divider-separator\">\n\t\t\t\t\t\t<\/span>\n\t\t<\/div>\n\t\t\t\t\t\t<\/div>\n\t\t\t\t\t<\/div>\n\t\t<\/div>\n\t\t\t\t\t<\/div>\n\t\t<\/section>\n\t\t\t\t\t<\/div>\n\t\t<\/div>\n\t\t\t\t\t<\/div>\n\t\t<\/section>\n\t\t\t\t<section class=\"elementor-section elementor-top-section elementor-element elementor-element-77047c04 elementor-section-boxed elementor-section-height-default elementor-section-height-default\" data-id=\"77047c04\" data-element_type=\"section\" data-e-type=\"section\">\n\t\t\t\t\t\t<div class=\"elementor-container elementor-column-gap-default\">\n\t\t\t\t\t<div class=\"elementor-column elementor-col-100 elementor-top-column elementor-element elementor-element-372dabba\" data-id=\"372dabba\" data-element_type=\"column\" data-e-type=\"column\">\n\t\t\t<div class=\"elementor-widget-wrap elementor-element-populated\">\n\t\t\t\t\t\t<section class=\"elementor-section elementor-inner-section elementor-element elementor-element-68ae9282 elementor-section-boxed elementor-section-height-default elementor-section-height-default\" data-id=\"68ae9282\" data-element_type=\"section\" data-e-type=\"section\">\n\t\t\t\t\t\t<div class=\"elementor-container elementor-column-gap-default\">\n\t\t\t\t\t<div class=\"elementor-column elementor-col-50 elementor-inner-column elementor-element elementor-element-33a20c9d\" data-id=\"33a20c9d\" data-element_type=\"column\" data-e-type=\"column\">\n\t\t\t<div class=\"elementor-widget-wrap elementor-element-populated\">\n\t\t\t\t\t\t<div class=\"elementor-element elementor-element-28f85e3 elementor-widget elementor-widget-heading\" data-id=\"28f85e3\" data-element_type=\"widget\" data-e-type=\"widget\" data-widget_type=\"heading.default\">\n\t\t\t\t\t<h3 class=\"elementor-heading-title elementor-size-default\">Descripci\u00f3n general<\/h3>\t\t\t\t<\/div>\n\t\t\t\t<div class=\"elementor-element elementor-element-64a5b736 elementor-widget__width-initial elementor-widget elementor-widget-heading\" data-id=\"64a5b736\" data-element_type=\"widget\" data-e-type=\"widget\" data-widget_type=\"heading.default\">\n\t\t\t\t\t<h6 class=\"elementor-heading-title elementor-size-default\">Angelina Canjura es una enfermera de familia certificada. Comenz\u00f3 su carrera de enfermer\u00eda despu\u00e9s de graduarse de Gateway Community College con su t\u00edtulo asociado en enfermer\u00eda. Angelina trabaj\u00f3 como enfermera registrada en Labor y Parto en Banner Desert Medical Center durante 12 a\u00f1os. Complet\u00f3 su Licenciatura en Ciencias de Enfermer\u00eda en 2011 y su Maestr\u00eda en Ciencias de Enfermer\u00eda en 2014, ambas de Grand Canyon University. Tambi\u00e9n participa activamente en la AANP.<br><br>\nDurante su estancia en Banner Desert, Angelina tuvo el placer de trabajar con pacientes y sus familias, junto con m\u00e9dicos incre\u00edbles. En el aspecto personal, a Angelina le encanta ense\u00f1ar, le gusta tomar bajo su protecci\u00f3n a nuevos estudiantes y ser mentora. Fan\u00e1tica de los Diamondbacks de Arizona, le gusta ver b\u00e9isbol profesional. Sus otros intereses incluyen jugar con sus 4 perros y explorar el estado con su esposo.<\/h6>\t\t\t\t<\/div>\n\t\t\t\t\t<\/div>\n\t\t<\/div>\n\t\t\t\t<div class=\"elementor-column elementor-col-50 elementor-inner-column elementor-element elementor-element-70c45e16\" data-id=\"70c45e16\" data-element_type=\"column\" data-e-type=\"column\">\n\t\t\t<div class=\"elementor-widget-wrap elementor-element-populated\">\n\t\t\t\t\t\t<div class=\"elementor-element elementor-element-7c354158 elementor-widget elementor-widget-heading\" data-id=\"7c354158\" data-element_type=\"widget\" data-e-type=\"widget\" data-widget_type=\"heading.default\">\n\t\t\t\t\t<h3 class=\"elementor-heading-title elementor-size-default\">Honores y premios<\/h3>\t\t\t\t<\/div>\n\t\t\t\t<div class=\"elementor-element elementor-element-31a71cf6 elementor-position-left elementor-widget__width-initial elementor-vertical-align-top elementor-widget elementor-widget-image-box\" data-id=\"31a71cf6\" data-element_type=\"widget\" data-e-type=\"widget\" data-widget_type=\"image-box.default\">\n\t\t\t\t\t<div class=\"elementor-image-box-wrapper\"><figure class=\"elementor-image-box-img\"><img decoding=\"async\" width=\"836\" height=\"836\" src=\"https:\/\/felizfamilycare.com\/wp-content\/uploads\/2024\/03\/icodun042.png\" class=\"attachment-full size-full wp-image-288\" alt=\"\" srcset=\"https:\/\/felizfamilycare.com\/wp-content\/uploads\/2024\/03\/icodun042.png 836w, https:\/\/felizfamilycare.com\/wp-content\/uploads\/2024\/03\/icodun042-300x300.png 300w, https:\/\/felizfamilycare.com\/wp-content\/uploads\/2024\/03\/icodun042-150x150.png 150w, https:\/\/felizfamilycare.com\/wp-content\/uploads\/2024\/03\/icodun042-768x768.png 768w\" sizes=\"(max-width: 836px) 100vw, 836px\" \/><\/figure><div class=\"elementor-image-box-content\"><h6 class=\"elementor-image-box-title\">Escuela de Medicina: <\/h6><p class=\"elementor-image-box-description\">T\u00edtulo asociado en enfermer\u00eda de Gateway Community College.<\/p><\/div><\/div>\t\t\t\t<\/div>\n\t\t\t\t<div class=\"elementor-element elementor-element-ca174f8 elementor-position-left elementor-widget__width-initial elementor-vertical-align-top elementor-widget elementor-widget-image-box\" data-id=\"ca174f8\" data-element_type=\"widget\" data-e-type=\"widget\" data-widget_type=\"image-box.default\">\n\t\t\t\t\t<div class=\"elementor-image-box-wrapper\"><figure class=\"elementor-image-box-img\"><img decoding=\"async\" width=\"836\" height=\"836\" src=\"https:\/\/felizfamilycare.com\/wp-content\/uploads\/2024\/03\/icodun042.png\" class=\"attachment-full size-full wp-image-288\" alt=\"\" srcset=\"https:\/\/felizfamilycare.com\/wp-content\/uploads\/2024\/03\/icodun042.png 836w, https:\/\/felizfamilycare.com\/wp-content\/uploads\/2024\/03\/icodun042-300x300.png 300w, https:\/\/felizfamilycare.com\/wp-content\/uploads\/2024\/03\/icodun042-150x150.png 150w, https:\/\/felizfamilycare.com\/wp-content\/uploads\/2024\/03\/icodun042-768x768.png 768w\" sizes=\"(max-width: 836px) 100vw, 836px\" \/><\/figure><div class=\"elementor-image-box-content\"><h6 class=\"elementor-image-box-title\">Escuela de Medicina: <\/h6><p class=\"elementor-image-box-description\">Licenciatura en Ciencias de Enfermer\u00eda de la Universidad del Gran Ca\u00f1\u00f3n (2011).<\/p><\/div><\/div>\t\t\t\t<\/div>\n\t\t\t\t<div class=\"elementor-element elementor-element-1605d1b elementor-position-left elementor-widget__width-initial elementor-vertical-align-top elementor-widget elementor-widget-image-box\" data-id=\"1605d1b\" data-element_type=\"widget\" data-e-type=\"widget\" data-widget_type=\"image-box.default\">\n\t\t\t\t\t<div class=\"elementor-image-box-wrapper\"><figure class=\"elementor-image-box-img\"><img decoding=\"async\" width=\"836\" height=\"836\" src=\"https:\/\/felizfamilycare.com\/wp-content\/uploads\/2024\/03\/icodun042.png\" class=\"attachment-full size-full wp-image-288\" alt=\"\" srcset=\"https:\/\/felizfamilycare.com\/wp-content\/uploads\/2024\/03\/icodun042.png 836w, https:\/\/felizfamilycare.com\/wp-content\/uploads\/2024\/03\/icodun042-300x300.png 300w, https:\/\/felizfamilycare.com\/wp-content\/uploads\/2024\/03\/icodun042-150x150.png 150w, https:\/\/felizfamilycare.com\/wp-content\/uploads\/2024\/03\/icodun042-768x768.png 768w\" sizes=\"(max-width: 836px) 100vw, 836px\" \/><\/figure><div class=\"elementor-image-box-content\"><h6 class=\"elementor-image-box-title\">Escuela de Medicina: <\/h6><p class=\"elementor-image-box-description\">Maestr\u00eda en Ciencias en Enfermer\u00eda de Grand Canyon University (2014).<\/p><\/div><\/div>\t\t\t\t<\/div>\n\t\t\t\t<div class=\"elementor-element elementor-element-2519c71d elementor-position-left elementor-widget__width-initial elementor-vertical-align-top elementor-widget elementor-widget-image-box\" data-id=\"2519c71d\" data-element_type=\"widget\" data-e-type=\"widget\" data-widget_type=\"image-box.default\">\n\t\t\t\t\t<div class=\"elementor-image-box-wrapper\"><figure class=\"elementor-image-box-img\"><img decoding=\"async\" width=\"836\" height=\"836\" src=\"https:\/\/felizfamilycare.com\/wp-content\/uploads\/2024\/03\/icodun043.png\" class=\"attachment-full size-full wp-image-289\" alt=\"\" srcset=\"https:\/\/felizfamilycare.com\/wp-content\/uploads\/2024\/03\/icodun043.png 836w, https:\/\/felizfamilycare.com\/wp-content\/uploads\/2024\/03\/icodun043-300x300.png 300w, https:\/\/felizfamilycare.com\/wp-content\/uploads\/2024\/03\/icodun043-150x150.png 150w, https:\/\/felizfamilycare.com\/wp-content\/uploads\/2024\/03\/icodun043-768x768.png 768w\" sizes=\"(max-width: 836px) 100vw, 836px\" \/><\/figure><div class=\"elementor-image-box-content\"><h6 class=\"elementor-image-box-title\">Certificaci\u00f3n:<\/h6><p class=\"elementor-image-box-description\">Enfermera practicante de familia certificada por la junta.<\/p><\/div><\/div>\t\t\t\t<\/div>\n\t\t\t\t\t<\/div>\n\t\t<\/div>\n\t\t\t\t\t<\/div>\n\t\t<\/section>\n\t\t\t\t\t<\/div>\n\t\t<\/div>\n\t\t\t\t\t<\/div>\n\t\t<\/section>\n\t\t\t\t<\/div>\n\t\t","protected":false},"excerpt":{"rendered":"<p>Angelina Canjura, CPNP Enfermera Familiar Angelina Canjura Enfermera Familiar Descripci\u00f3n general Angelina Canjura es una enfermera de familia certificada. Comenz\u00f3 su carrera de enfermer\u00eda despu\u00e9s de graduarse de Gateway Community College con su t\u00edtulo asociado en enfermer\u00eda. Angelina trabaj\u00f3 como enfermera registrada en Labor y Parto en Banner Desert Medical Center durante 12 a\u00f1os. Complet\u00f3 [&hellip;]<\/p>\n","protected":false},"author":1,"featured_media":341,"parent":0,"menu_order":0,"comment_status":"closed","ping_status":"closed","template":"elementor_header_footer","meta":{"footnotes":""},"class_list":["post-398","page","type-page","status-publish","has-post-thumbnail","hentry"],"yoast_head":"<!-- This site is optimized with the Yoast SEO plugin v27.4 - https:\/\/yoast.com\/product\/yoast-seo-wordpress\/ -->\n<title>Angelina Canjura | Enfermera Familiar en Feliz Family Care<\/title>\n<meta name=\"description\" content=\"La enfermera familiar Angelina Canjura brinda cuidado experto con su amplia experiencia en enfermer\u00eda. Certificada y con estudios avanzados.\" \/>\n<meta name=\"robots\" content=\"index, follow, max-snippet:-1, max-image-preview:large, max-video-preview:-1\" \/>\n<link rel=\"canonical\" href=\"https:\/\/felizfamilycare.com\/es\/angelina-canjura\/\" \/>\n<meta property=\"og:locale\" content=\"es_ES\" \/>\n<meta property=\"og:type\" content=\"article\" \/>\n<meta property=\"og:title\" content=\"Angelina Canjura | Enfermera Familiar en Feliz Family Care\" \/>\n<meta property=\"og:description\" content=\"La enfermera familiar Angelina Canjura brinda cuidado experto con su amplia experiencia en enfermer\u00eda. Certificada y con estudios avanzados.\" \/>\n<meta property=\"og:url\" content=\"https:\/\/felizfamilycare.com\/es\/angelina-canjura\/\" \/>\n<meta property=\"og:site_name\" content=\"Feliz Family Care\" \/>\n<meta property=\"article:modified_time\" content=\"2024-07-25T22:55:18+00:00\" \/>\n<meta property=\"og:image\" content=\"https:\/\/felizfamilycare.com\/wp-content\/uploads\/2024\/03\/canjura.jpg\" \/>\n\t<meta property=\"og:image:width\" content=\"800\" \/>\n\t<meta property=\"og:image:height\" content=\"800\" \/>\n\t<meta property=\"og:image:type\" content=\"image\/jpeg\" \/>\n<meta name=\"twitter:card\" content=\"summary_large_image\" \/>\n<meta name=\"twitter:title\" content=\"Angelina Canjura | Enfermera Familiar en Feliz Family Care\" \/>\n<meta name=\"twitter:description\" content=\"La enfermera familiar Angelina Canjura brinda cuidado experto con su amplia experiencia en enfermer\u00eda. Certificada y con estudios avanzados.\" \/>\n<meta name=\"twitter:image\" content=\"https:\/\/felizfamilycare.com\/wp-content\/uploads\/2024\/03\/canjura.jpg\" \/>\n<meta name=\"twitter:label1\" content=\"Tiempo de lectura\" \/>\n\t<meta name=\"twitter:data1\" content=\"3 minutos\" \/>\n<script type=\"application\/ld+json\" class=\"yoast-schema-graph\">{\"@context\":\"https:\\\/\\\/schema.org\",\"@graph\":[{\"@type\":\"WebPage\",\"@id\":\"https:\\\/\\\/felizfamilycare.com\\\/es\\\/angelina-canjura\\\/\",\"url\":\"https:\\\/\\\/felizfamilycare.com\\\/es\\\/angelina-canjura\\\/\",\"name\":\"Angelina Canjura | Enfermera Familiar en Feliz Family Care\",\"isPartOf\":{\"@id\":\"https:\\\/\\\/felizfamilycare.com\\\/es\\\/#website\"},\"primaryImageOfPage\":{\"@id\":\"https:\\\/\\\/felizfamilycare.com\\\/es\\\/angelina-canjura\\\/#primaryimage\"},\"image\":{\"@id\":\"https:\\\/\\\/felizfamilycare.com\\\/es\\\/angelina-canjura\\\/#primaryimage\"},\"thumbnailUrl\":\"https:\\\/\\\/felizfamilycare.com\\\/wp-content\\\/uploads\\\/2024\\\/03\\\/canjura.jpg\",\"datePublished\":\"2024-03-26T17:42:37+00:00\",\"dateModified\":\"2024-07-25T22:55:18+00:00\",\"description\":\"La enfermera familiar Angelina Canjura brinda cuidado experto con su amplia experiencia en enfermer\u00eda. Certificada y con estudios avanzados.\",\"breadcrumb\":{\"@id\":\"https:\\\/\\\/felizfamilycare.com\\\/es\\\/angelina-canjura\\\/#breadcrumb\"},\"inLanguage\":\"es\",\"potentialAction\":[{\"@type\":\"ReadAction\",\"target\":[\"https:\\\/\\\/felizfamilycare.com\\\/es\\\/angelina-canjura\\\/\"]}]},{\"@type\":\"ImageObject\",\"inLanguage\":\"es\",\"@id\":\"https:\\\/\\\/felizfamilycare.com\\\/es\\\/angelina-canjura\\\/#primaryimage\",\"url\":\"https:\\\/\\\/felizfamilycare.com\\\/wp-content\\\/uploads\\\/2024\\\/03\\\/canjura.jpg\",\"contentUrl\":\"https:\\\/\\\/felizfamilycare.com\\\/wp-content\\\/uploads\\\/2024\\\/03\\\/canjura.jpg\",\"width\":800,\"height\":800},{\"@type\":\"BreadcrumbList\",\"@id\":\"https:\\\/\\\/felizfamilycare.com\\\/es\\\/angelina-canjura\\\/#breadcrumb\",\"itemListElement\":[{\"@type\":\"ListItem\",\"position\":1,\"name\":\"Home\",\"item\":\"https:\\\/\\\/felizfamilycare.com\\\/es\\\/\"},{\"@type\":\"ListItem\",\"position\":2,\"name\":\"Angelina Canjura\"}]},{\"@type\":\"WebSite\",\"@id\":\"https:\\\/\\\/felizfamilycare.com\\\/es\\\/#website\",\"url\":\"https:\\\/\\\/felizfamilycare.com\\\/es\\\/\",\"name\":\"Feliz Family Care\",\"description\":\"Providing quality care for your family\",\"publisher\":{\"@id\":\"https:\\\/\\\/felizfamilycare.com\\\/es\\\/#organization\"},\"potentialAction\":[{\"@type\":\"SearchAction\",\"target\":{\"@type\":\"EntryPoint\",\"urlTemplate\":\"https:\\\/\\\/felizfamilycare.com\\\/es\\\/?s={search_term_string}\"},\"query-input\":{\"@type\":\"PropertyValueSpecification\",\"valueRequired\":true,\"valueName\":\"search_term_string\"}}],\"inLanguage\":\"es\"},{\"@type\":\"Organization\",\"@id\":\"https:\\\/\\\/felizfamilycare.com\\\/es\\\/#organization\",\"name\":\"Feliz Family Care\",\"url\":\"https:\\\/\\\/felizfamilycare.com\\\/es\\\/\",\"logo\":{\"@type\":\"ImageObject\",\"inLanguage\":\"es\",\"@id\":\"https:\\\/\\\/felizfamilycare.com\\\/es\\\/#\\\/schema\\\/logo\\\/image\\\/\",\"url\":\"https:\\\/\\\/felizfamilycare.com\\\/wp-content\\\/uploads\\\/2024\\\/08\\\/feliz-family-care-logo.webp\",\"contentUrl\":\"https:\\\/\\\/felizfamilycare.com\\\/wp-content\\\/uploads\\\/2024\\\/08\\\/feliz-family-care-logo.webp\",\"width\":645,\"height\":145,\"caption\":\"Feliz Family Care\"},\"image\":{\"@id\":\"https:\\\/\\\/felizfamilycare.com\\\/es\\\/#\\\/schema\\\/logo\\\/image\\\/\"}}]}<\/script>\n<!-- \/ Yoast SEO plugin. -->","yoast_head_json":{"title":"Angelina Canjura | Enfermera Familiar en Feliz Family Care","description":"La enfermera familiar Angelina Canjura brinda cuidado experto con su amplia experiencia en enfermer\u00eda. Certificada y con estudios avanzados.","robots":{"index":"index","follow":"follow","max-snippet":"max-snippet:-1","max-image-preview":"max-image-preview:large","max-video-preview":"max-video-preview:-1"},"canonical":"https:\/\/felizfamilycare.com\/es\/angelina-canjura\/","og_locale":"es_ES","og_type":"article","og_title":"Angelina Canjura | Enfermera Familiar en Feliz Family Care","og_description":"La enfermera familiar Angelina Canjura brinda cuidado experto con su amplia experiencia en enfermer\u00eda. Certificada y con estudios avanzados.","og_url":"https:\/\/felizfamilycare.com\/es\/angelina-canjura\/","og_site_name":"Feliz Family Care","article_modified_time":"2024-07-25T22:55:18+00:00","og_image":[{"width":800,"height":800,"url":"https:\/\/felizfamilycare.com\/wp-content\/uploads\/2024\/03\/canjura.jpg","type":"image\/jpeg"}],"twitter_card":"summary_large_image","twitter_title":"Angelina Canjura | Enfermera Familiar en Feliz Family Care","twitter_description":"La enfermera familiar Angelina Canjura brinda cuidado experto con su amplia experiencia en enfermer\u00eda. Certificada y con estudios avanzados.","twitter_image":"https:\/\/felizfamilycare.com\/wp-content\/uploads\/2024\/03\/canjura.jpg","twitter_misc":{"Tiempo de lectura":"3 minutos"},"schema":{"@context":"https:\/\/schema.org","@graph":[{"@type":"WebPage","@id":"https:\/\/felizfamilycare.com\/es\/angelina-canjura\/","url":"https:\/\/felizfamilycare.com\/es\/angelina-canjura\/","name":"Angelina Canjura | Enfermera Familiar en Feliz Family Care","isPartOf":{"@id":"https:\/\/felizfamilycare.com\/es\/#website"},"primaryImageOfPage":{"@id":"https:\/\/felizfamilycare.com\/es\/angelina-canjura\/#primaryimage"},"image":{"@id":"https:\/\/felizfamilycare.com\/es\/angelina-canjura\/#primaryimage"},"thumbnailUrl":"https:\/\/felizfamilycare.com\/wp-content\/uploads\/2024\/03\/canjura.jpg","datePublished":"2024-03-26T17:42:37+00:00","dateModified":"2024-07-25T22:55:18+00:00","description":"La enfermera familiar Angelina Canjura brinda cuidado experto con su amplia experiencia en enfermer\u00eda. Certificada y con estudios avanzados.","breadcrumb":{"@id":"https:\/\/felizfamilycare.com\/es\/angelina-canjura\/#breadcrumb"},"inLanguage":"es","potentialAction":[{"@type":"ReadAction","target":["https:\/\/felizfamilycare.com\/es\/angelina-canjura\/"]}]},{"@type":"ImageObject","inLanguage":"es","@id":"https:\/\/felizfamilycare.com\/es\/angelina-canjura\/#primaryimage","url":"https:\/\/felizfamilycare.com\/wp-content\/uploads\/2024\/03\/canjura.jpg","contentUrl":"https:\/\/felizfamilycare.com\/wp-content\/uploads\/2024\/03\/canjura.jpg","width":800,"height":800},{"@type":"BreadcrumbList","@id":"https:\/\/felizfamilycare.com\/es\/angelina-canjura\/#breadcrumb","itemListElement":[{"@type":"ListItem","position":1,"name":"Home","item":"https:\/\/felizfamilycare.com\/es\/"},{"@type":"ListItem","position":2,"name":"Angelina Canjura"}]},{"@type":"WebSite","@id":"https:\/\/felizfamilycare.com\/es\/#website","url":"https:\/\/felizfamilycare.com\/es\/","name":"Feliz Family Care","description":"Providing quality care for your family","publisher":{"@id":"https:\/\/felizfamilycare.com\/es\/#organization"},"potentialAction":[{"@type":"SearchAction","target":{"@type":"EntryPoint","urlTemplate":"https:\/\/felizfamilycare.com\/es\/?s={search_term_string}"},"query-input":{"@type":"PropertyValueSpecification","valueRequired":true,"valueName":"search_term_string"}}],"inLanguage":"es"},{"@type":"Organization","@id":"https:\/\/felizfamilycare.com\/es\/#organization","name":"Feliz Family Care","url":"https:\/\/felizfamilycare.com\/es\/","logo":{"@type":"ImageObject","inLanguage":"es","@id":"https:\/\/felizfamilycare.com\/es\/#\/schema\/logo\/image\/","url":"https:\/\/felizfamilycare.com\/wp-content\/uploads\/2024\/08\/feliz-family-care-logo.webp","contentUrl":"https:\/\/felizfamilycare.com\/wp-content\/uploads\/2024\/08\/feliz-family-care-logo.webp","width":645,"height":145,"caption":"Feliz Family Care"},"image":{"@id":"https:\/\/felizfamilycare.com\/es\/#\/schema\/logo\/image\/"}}]}},"_links":{"self":[{"href":"https:\/\/felizfamilycare.com\/es\/wp-json\/wp\/v2\/pages\/398","targetHints":{"allow":["GET"]}}],"collection":[{"href":"https:\/\/felizfamilycare.com\/es\/wp-json\/wp\/v2\/pages"}],"about":[{"href":"https:\/\/felizfamilycare.com\/es\/wp-json\/wp\/v2\/types\/page"}],"author":[{"embeddable":true,"href":"https:\/\/felizfamilycare.com\/es\/wp-json\/wp\/v2\/users\/1"}],"replies":[{"embeddable":true,"href":"https:\/\/felizfamilycare.com\/es\/wp-json\/wp\/v2\/comments?post=398"}],"version-history":[{"count":0,"href":"https:\/\/felizfamilycare.com\/es\/wp-json\/wp\/v2\/pages\/398\/revisions"}],"wp:featuredmedia":[{"embeddable":true,"href":"https:\/\/felizfamilycare.com\/es\/wp-json\/wp\/v2\/media\/341"}],"wp:attachment":[{"href":"https:\/\/felizfamilycare.com\/es\/wp-json\/wp\/v2\/media?parent=398"}],"curies":[{"name":"wp","href":"https:\/\/api.w.org\/{rel}","templated":true}]}}